{"id":14691,"date":"2018-08-14T16:12:53","date_gmt":"2018-08-14T08:12:53","guid":{"rendered":"http:\/\/www.shentek.com\/product\/2-port-esata-ii-3g-pci-express-card\/"},"modified":"2019-02-14T12:20:59","modified_gmt":"2019-02-14T04:20:59","slug":"2%e3%83%9d%e3%83%bc%e3%83%88esata-ii-3g-pci%e3%82%a8%e3%82%af%e3%82%b9%e3%83%97%e3%83%ac%e3%82%b9%e3%82%ab%e3%83%bc%e3%83%89","status":"publish","type":"product","link":"https:\/\/shentek.com\/ja\/product\/2%e3%83%9d%e3%83%bc%e3%83%88esata-ii-3g-pci%e3%82%a8%e3%82%af%e3%82%b9%e3%83%97%e3%83%ac%e3%82%b9%e3%82%ab%e3%83%bc%e3%83%89\/","title":{"rendered":"2\u30dd\u30fc\u30c8eSATA II 3G PCI Express\u30ab\u30fc\u30c9"},"content":{"rendered":"","protected":false},"excerpt":{"rendered":"<p><span lang=\"EN-US\"> \u6a5f\u80fd\u3068\u5229\u70b9 <\/span><\/p>\n<p><span lang=\"EN-US\">  \u30b7\u30b9\u30c6\u30e0\u7528\u306b2\u3064\u306eeSATA\u30dd\u30fc\u30c8\u3092\u62e1\u5f35\u3057\u307e\u3059\u3002 <\/span><\/p>\n<p><span lang=\"EN-US\">  SATA\u30dd\u30fc\u30c8\u306e\u8ee2\u9001\u901f\u5ea6\u306f\u6700\u59273Gbps\u3067\u3059\u3002 <\/span><\/p>\n<p><span lang=\"EN-US\">  PCI Express 2.0 Gen 1\u6e96\u62e0\u306e\u8a2d\u8a08 <\/span><\/p>\n<p><span lang=\"EN-US\">  PCI Express\u00d71\u00d72,\u00d74,\u00d78,\u304a\u3088\u3073\u00d716\u30ec\u30fc\u30f3\u30d0\u30b9 <\/span><\/p>\n<p><span lang=\"EN-US\">  Windows,Linux,\u304a\u3088\u3073Mac\u3092\u30b5\u30dd\u30fc\u30c8\u3057\u307e\u3059\u3002 <\/span><\/p>\n","protected":false},"featured_media":14699,"comment_status":"open","ping_status":"closed","template":"","meta":[],"product_cat":[1837,1838,1791],"product_tag":[1909,1858],"_links":{"self":[{"href":"https:\/\/shentek.com\/ja\/wp-json\/wp\/v2\/product\/14691"}],"collection":[{"href":"https:\/\/shentek.com\/ja\/wp-json\/wp\/v2\/product"}],"about":[{"href":"https:\/\/shentek.com\/ja\/wp-json\/wp\/v2\/types\/product"}],"replies":[{"embeddable":true,"href":"https:\/\/shentek.com\/ja\/wp-json\/wp\/v2\/comments?post=14691"}],"wp:featuredmedia":[{"embeddable":true,"href":"https:\/\/shentek.com\/ja\/wp-json\/wp\/v2\/media\/14699"}],"wp:attachment":[{"href":"https:\/\/shentek.com\/ja\/wp-json\/wp\/v2\/media?parent=14691"}],"wp:term":[{"taxonomy":"product_cat","embeddable":true,"href":"https:\/\/shentek.com\/ja\/wp-json\/wp\/v2\/product_cat?post=14691"},{"taxonomy":"product_tag","embeddable":true,"href":"https:\/\/shentek.com\/ja\/wp-json\/wp\/v2\/product_tag?post=14691"}],"curies":[{"name":"wp","href":"https:\/\/api.w.org\/{rel}","templated":true}]}}