{"id":20612,"date":"2017-09-27T17:47:08","date_gmt":"2017-09-27T17:47:08","guid":{"rendered":"http:\/\/www.shentek.com\/aboutus-shentek\/"},"modified":"2019-04-16T00:03:42","modified_gmt":"2019-04-15T16:03:42","slug":"aboutus-shentek","status":"publish","type":"page","link":"https:\/\/shentek.com\/pt-pt\/aboutus-shentek\/","title":{"rendered":"Sobre n\u00f3s"},"content":{"rendered":"<p>[vc_row css_animation=&#8221;slideInDown&#8221; css=&#8221;.vc_custom_1529420940000{padding-top: 50px !important;padding-bottom: 50px !important;}&#8221;][vc_column width=&#8221;1\/2&#8243;][vc_single_image image=&#8221;651&#8243; img_size=&#8221;full&#8221;][\/vc_column][vc_column css_animation=&#8221;slideInDown&#8221; width=&#8221;1\/2&#8243; nasa_effect=&#8221;fadeIn&#8221; css=&#8221;.vc_custom_1529421071948{padding-top: 50px !important;padding-bottom: 50px !important;}&#8221;][vc_column_text css=&#8221;.vc_custom_1555343929205{padding-top: 30px !important;padding-bottom: 50px !important;}&#8221;]<\/p>\n<h3 style=\"text-align: left;\">Shentek Technology Co., LTD \u00e9 uma fabricante e empresa de design localizado em Taipei Taiwan.We fazer design ODM e marca &#8220;Shentek&#8221; para os nossos parceiros.<\/h3>\n<p>[\/vc_column_text][\/vc_column][\/vc_row][vc_row css=&#8221;.vc_custom_1529556957597{margin-bottom: 50px !important;}&#8221;][vc_column css=&#8221;.vc_custom_1529557000065{padding-right: 120px !important;padding-left: 120px !important;}&#8221;][vc_empty_space][vc_single_image image=&#8221;574&#8243; img_size=&#8221;large&#8221; alignment=&#8221;center&#8221; css_animation=&#8221;none&#8221;][vc_column_text]<\/p>\n<h4 class=\"av-special-heading-tag\" style=\"text-align: center; color: #8ec31f;\">CONECTE-SE PERFEITAMENTE NOS PERIF\u00c9RICOS<\/h4>\n<p>[\/vc_column_text][vc_empty_space height=&#8221;80px&#8221;][vc_btn title=&#8221;Nosso produto&#8221; color=&#8221;green&#8221; size=&#8221;lg&#8221; align=&#8221;center&#8221; link=&#8221;url:%2Fshop%2F|||&#8221;][vc_empty_space][\/vc_column][\/vc_row][vc_row][vc_column][vc_empty_space height=&#8221;120px&#8221;][\/vc_column][\/vc_row][vc_row css=&#8221;.vc_custom_1529423030310{margin-bottom: 50px !important;background-color: #ffffff !important;}&#8221;][vc_column css_animation=&#8221;fadeInDown&#8221; width=&#8221;1\/3&#8243; nasa_effect=&#8221;fadeInDown&#8221;][vc_row_inner][vc_column_inner css=&#8221;.vc_custom_1529556623802{margin-top: 0px !important;margin-right: 80px !important;margin-bottom: 20px !important;margin-left: 80px !important;padding-top: 40px !important;padding-right: 20px !important;padding-bottom: 20px !important;padding-left: 20px !important;background-color: #d2ea79 !important;border-radius: 15px !important;}&#8221;][vc_column_text css_animation=&#8221;fadeIn&#8221; css=&#8221;.vc_custom_1529555342664{padding-bottom: 10px !important;}&#8221;]<\/p>\n<h3 style=\"color: white; text-align: center;\"><strong>VISION<\/strong><\/h3>\n<p>[\/vc_column_text][vc_icon icon_fontawesome=&#8221;fa fa-rocket&#8221; color=&#8221;white&#8221; size=&#8221;xl&#8221; align=&#8221;center&#8221; css_animation=&#8221;fadeIn&#8221; css=&#8221;.vc_custom_1529555354995{padding-top: 10px !important;padding-right: 10px !important;padding-bottom: 10px !important;padding-left: 10px !important;}&#8221;][\/vc_column_inner][\/vc_row_inner][\/vc_column][vc_column css_animation=&#8221;fadeInDown&#8221; width=&#8221;2\/3&#8243; nasa_effect=&#8221;fadeInDown&#8221;][vc_column_text css_animation=&#8221;fadeIn&#8221;]<\/p>\n<h5><strong><span class=\"s1\"><span class=\"s2\">\u2022 Para se tornar o l\u00edder de perif\u00e9ricos de TI de classe mundial<\/span><\/span><\/strong><\/h5>\n<h5><span class=\"s2\">Para ser o l\u00edder dos perif\u00e9ricos de TI, a SHENTEK atua no fornecimento de produtos de alta qualidade e servi\u00e7os imediatos para nossos clientes. Para conseguir isso, fornecemos uma solu\u00e7\u00e3o completa e comprometemos as declara\u00e7\u00f5es abaixo com nossos clientes, funcion\u00e1rios e parceiros.<\/span><\/h5>\n<h5><strong><span class=\"s2\">\u2022 Para clientes<\/span><\/strong><\/h5>\n<h5><span class=\"s2\">Para alcan\u00e7ar a alta satisfa\u00e7\u00e3o do cliente e alta lealdade como o objetivo final, a SHENTEK oferece um servi\u00e7o ao cliente r\u00e1pido e suporte t\u00e9cnico em especifica\u00e7\u00e3o ou uso durante o per\u00edodo de pr\u00e9-venda, venda ou mesmo p\u00f3s-venda de 2009. A profiss\u00e3o da SHENTEK fazer o produto de alta compatibilidade e respostas r\u00e1pidas, que s\u00e3o a melhor garantia para os clientes.<\/span><\/h5>\n<h5><strong><span class=\"s2\">\u2022 Para os funcion\u00e1rios<\/span><\/strong><\/h5>\n<h5><span class=\"s2\"><span class=\"Apple-converted-space\"> A SHENTEK fornecer\u00e1 os cursos de treinamento bem planejados para garantir que todos os funcion\u00e1rios sejam cada vez mais profissionais no dom\u00ednio perif\u00e9rico de TI e o melhor servi\u00e7o ao cliente para realizar plenamente seus potenciais. Al\u00e9m disso, a SHENTEK tamb\u00e9m garantir\u00e1 que os funcion\u00e1rios possam crescer junto com a empresa e compartilhar o bem-estar.<\/span><\/span><\/h5>\n<h5><strong><span class=\"s2\">\u2022 Para parceiros<\/span><\/strong><\/h5>\n<h5>Baseada na cren\u00e7a de crescimento e co-prosperidade, a SHENTEK tem procurado estabelecer parcerias de longo prazo com quem pode trabalhar em conjunto, crescer junto e se tornar o l\u00edder mundial em mercado perif\u00e9rico de TI.<\/h5>\n<p>[\/vc_column_text][vc_empty_space height=&#8221;40px&#8221;][\/vc_column][\/vc_row][vc_row css=&#8221;.vc_custom_1529423030310{margin-bottom: 50px !important;background-color: #ffffff !important;}&#8221;][vc_column css_animation=&#8221;fadeInDown&#8221; width=&#8221;1\/3&#8243; nasa_effect=&#8221;fadeInDown&#8221;][vc_row_inner][vc_column_inner css=&#8221;.vc_custom_1529556659477{margin-top: 0px !important;margin-right: 80px !important;margin-bottom: 20px !important;margin-left: 80px !important;padding-top: 40px !important;padding-right: 20px !important;padding-bottom: 20px !important;padding-left: 20px !important;background-color: #f4df7f !important;border-radius: 15px !important;}&#8221;][vc_column_text css_animation=&#8221;fadeIn&#8221; css=&#8221;.vc_custom_1529556579416{padding-bottom: 10px !important;}&#8221;]<\/p>\n<h3 style=\"color: white; text-align: center;\"><strong><span style=\"color: #ffffff;\">COMPETENCE<\/span><\/strong><\/h3>\n<p>[\/vc_column_text][vc_icon icon_fontawesome=&#8221;fa fa-globe&#8221; color=&#8221;white&#8221; size=&#8221;xl&#8221; align=&#8221;center&#8221; css_animation=&#8221;fadeIn&#8221; css=&#8221;.vc_custom_1529556491471{padding-top: 10px !important;padding-right: 10px !important;padding-bottom: 10px !important;padding-left: 10px !important;}&#8221;][\/vc_column_inner][\/vc_row_inner][\/vc_column][vc_column css_animation=&#8221;fadeInDown&#8221; width=&#8221;2\/3&#8243; nasa_effect=&#8221;fadeInDown&#8221;][vc_column_text css_animation=&#8221;fadeIn&#8221;]<\/p>\n<h5><strong><span class=\"s1\"> \u00a0 1. Pense globalmente, aja localmente<\/span><\/strong><\/h5>\n<h5><span class=\"s1\">Os clientes da SHENTEK s\u00e3o distribu\u00eddos em todo o mundo e a SHENTEK precisa fornecer uma solu\u00e7\u00e3o global. No entanto, a solu\u00e7\u00e3o tamb\u00e9m precisa ser rent\u00e1vel. Assim, SHENTEK decide projetar e produzi-lo em Taiwan com alta qualidade para cumprir os requisitos. A equipe de design profissional do SHENTEK tem uma rica experi\u00eancia em perif\u00e9ricos de TI, especialmente no campo de conex\u00e3o, como a interface de USB, Serial ATA, RS232 \/ 422\/485 e LAN. Toda a pesquisa est\u00e1 focada na conex\u00e3o perfeita e perfeita compatibilidade.<\/span><\/h5>\n<h5><strong>2 . Produ\u00e7\u00e3o Lean<\/strong><\/h5>\n<h5>Em primeiro lugar, o SHENTEK identifica o valor da conectividade para fornecer a compatibilidade, n\u00e3o importa o qu\u00e3o antigo ou o mais recente \u00e9 o dispositivo. Em segundo lugar, o fluxo de produ\u00e7\u00e3o \u00e9 s\u00f3lido desde a sele\u00e7\u00e3o de materiais ou componentes, fabrica\u00e7\u00e3o, ou at\u00e9 mesmo o teste final, todos precisam seguir SOP bem definido e as etapas de teste rigorosas at\u00e9 que todos sejam aprovados nos testes de confiabilidade. O SHENTEK faz com que o princ\u00edpio de inova\u00e7\u00e3o, qualidade e servi\u00e7o se torne realidade; aumentar a satisfa\u00e7\u00e3o e fidelidade dos clientes. A SHENTEK tamb\u00e9m est\u00e1 comprometida em melhorar a qualidade do produto e o atendimento ao cliente para alcan\u00e7ar a perfei\u00e7\u00e3o de intercrescimento e opera\u00e7\u00e3o perp\u00e9tua para nossos clientes!<\/h5>\n<p>[\/vc_column_text][vc_empty_space height=&#8221;40px&#8221;][\/vc_column][\/vc_row][vc_row css=&#8221;.vc_custom_1529423030310{margin-bottom: 50px !important;background-color: #ffffff !important;}&#8221;][vc_column css_animation=&#8221;fadeInDown&#8221; width=&#8221;1\/3&#8243; nasa_effect=&#8221;fadeInDown&#8221;][vc_row_inner][vc_column_inner css=&#8221;.vc_custom_1529556679813{margin-top: 0px !important;margin-right: 80px !important;margin-bottom: 20px !important;margin-left: 80px !important;padding-top: 40px !important;padding-right: 20px !important;padding-bottom: 20px !important;padding-left: 20px !important;background-color: #83c7fc !important;border-radius: 15px !important;}&#8221;][vc_column_text css_animation=&#8221;fadeIn&#8221; css=&#8221;.vc_custom_1529556320059{padding-bottom: 10px !important;}&#8221;]<\/p>\n<h3 style=\"color: white; text-align: center;\"><strong>CULTURE<\/strong><\/h3>\n<p>[\/vc_column_text][vc_icon icon_fontawesome=&#8221;fa fa-handshake-o&#8221; color=&#8221;white&#8221; size=&#8221;xl&#8221; align=&#8221;center&#8221; css_animation=&#8221;fadeIn&#8221; css=&#8221;.vc_custom_1529556388420{padding-top: 10px !important;padding-right: 10px !important;padding-bottom: 10px !important;padding-left: 10px !important;}&#8221;][\/vc_column_inner][\/vc_row_inner][\/vc_column][vc_column css_animation=&#8221;fadeInDown&#8221; width=&#8221;2\/3&#8243; nasa_effect=&#8221;fadeInDown&#8221;][vc_column_text css_animation=&#8221;fadeIn&#8221;]<\/p>\n<h5 class=\"p1\"><span class=\"s1\">A SHENTEK defende o princ\u00edpio de integridade, lean e inova\u00e7\u00e3o desde que estabelecida e cria continuamente uma for\u00e7a de trabalho altamente qualificada, melhora o desempenho e a compatibilidade do produto e pesquisa e inova\u00e7\u00e3o no desenvolvimento para superar os novos desafios da ind\u00fastria de TI.<\/span><\/h5>\n<h5 class=\"p1\"><span class=\"s1\">A SHENTEK enfatiza o trabalho em equipe, fornecendo tecnologia de ponta, servi\u00e7os p\u00f3s-venda r\u00e1pidos e perfeitos e produtos de alta qualidade para satisfazer completamente as demandas dos clientes. A SHENTEK tamb\u00e9m continuar\u00e1 a manter a inova\u00e7\u00e3o tecnol\u00f3gica, garantir a qualidade e fornecer o melhor servi\u00e7o para adaptadores perif\u00e9ricos de TI, placas adicionais ou quaisquer outros produtos relacionados. A SHENTEK sempre tem como objetivo desenvolver o produto de primeira classe e levar a opera\u00e7\u00e3o perp\u00e9tua da empresa como o objetivo final.<\/span><\/h5>\n<h5 class=\"p1\">O mais importante \u00e9 que a SHENTEK tem procurado parcerias de longo prazo que possam crescer juntas no mercado de TI com suporte m\u00fatuo. SHENTEK, seja bem-vindo a qualquer parceiro que queira fazer a conectividade perfeita acontecer e se torne o l\u00edder mundial ou o mercado de perif\u00e9ricos de TI!<\/h5>\n<p>[\/vc_column_text][vc_empty_space height=&#8221;40px&#8221;][\/vc_column][\/vc_row]<\/p>\n","protected":false},"excerpt":{"rendered":"<p>[vc_row css_animation=&#8221;slideInDown&#8221; css=&#8221;.vc_custom_1529420940000{padding-top: 50px !important;padding-bottom: 50px !important;}&#8221;][vc_column width=&#8221;1\/2&#8243;][vc_single_image image=&#8221;651&#8243; img_size=&#8221;full&#8221;][\/vc_column][vc_column css_animation=&#8221;slideInDown&#8221; width=&#8221;1\/2&#8243; nasa_effect=&#8221;fadeIn&#8221; css=&#8221;.vc_custom_1529421071948{padding-top: 50px !important;padding-bottom: 50px !important;}&#8221;][vc_column_text css=&#8221;.vc_custom_1555343929205{padding-top: 30px !important;padding-bottom: 50px !important;}&#8221;] Shentek Technology Co., LTD \u00e9 uma fabricante e empresa de design localizado em Taipei Taiwan.We fazer design ODM e marca &#8220;Shentek&#8221; para os nossos parceiros. [\/vc_column_text][\/vc_column][\/vc_row][vc_row css=&#8221;.vc_custom_1529556957597{margin-bottom: 50px !important;}&#8221;][vc_column css=&#8221;.vc_custom_1529557000065{padding-right: 120px !important;padding-left: [&hellip;]<\/p>\n","protected":false},"author":10,"featured_media":0,"parent":0,"menu_order":0,"comment_status":"closed","ping_status":"closed","template":"page-visual-composer.php","meta":{"footnotes":""},"yst_prominent_words":[],"_links":{"self":[{"href":"https:\/\/shentek.com\/pt-pt\/wp-json\/wp\/v2\/pages\/20612"}],"collection":[{"href":"https:\/\/shentek.com\/pt-pt\/wp-json\/wp\/v2\/pages"}],"about":[{"href":"https:\/\/shentek.com\/pt-pt\/wp-json\/wp\/v2\/types\/page"}],"author":[{"embeddable":true,"href":"https:\/\/shentek.com\/pt-pt\/wp-json\/wp\/v2\/users\/10"}],"replies":[{"embeddable":true,"href":"https:\/\/shentek.com\/pt-pt\/wp-json\/wp\/v2\/comments?post=20612"}],"version-history":[{"count":0,"href":"https:\/\/shentek.com\/pt-pt\/wp-json\/wp\/v2\/pages\/20612\/revisions"}],"wp:attachment":[{"href":"https:\/\/shentek.com\/pt-pt\/wp-json\/wp\/v2\/media?parent=20612"}],"wp:term":[{"taxonomy":"yst_prominent_words","embeddable":true,"href":"https:\/\/shentek.com\/pt-pt\/wp-json\/wp\/v2\/yst_prominent_words?post=20612"}],"curies":[{"name":"wp","href":"https:\/\/api.w.org\/{rel}","templated":true}]}}