{"id":20633,"date":"2017-09-27T17:11:00","date_gmt":"2017-09-27T17:11:00","guid":{"rendered":"http:\/\/www.shentek.com\/faq\/"},"modified":"2019-04-16T11:06:06","modified_gmt":"2019-04-16T03:06:06","slug":"faq","status":"publish","type":"page","link":"https:\/\/shentek.com\/pt-pt\/faq\/","title":{"rendered":"FAQ"},"content":{"rendered":"<p>[vc_row css=&#8221;.vc_custom_1446889335013{margin-top: 50px !important;margin-bottom: 50px !important;}&#8221;][vc_column][vc_column_text]<\/p>\n<h3 style=\"text-align: center;\">PERGUNTAS FREQUENTES<\/h3>\n<p>[\/vc_column_text][\/vc_column][\/vc_row][vc_row][vc_column][vc_tta_accordion][vc_tta_section hr=&#8221;&#8221; title=&#8221;Quem devo entrar em contato se eu tiver d\u00favidas?&#8221; tab_id=&#8221;1486873649008-58c11127-9cd9&#8243;][vc_column_text]<strong>Lorem Ipsum<\/strong> is simply dummy text of the printing and typesetting industry. Lorem Ipsum has been the industry&#8217;s standard dummy text ever since the 1500s, when an unknown printer took a galley of type and scrambled it to make a type specimen book. It has survived not only five centuries, but also the leap into electronic typesetting, remaining essentially unchanged. It was popularised in the 1960s with the release of Letraset sheets containing Lorem Ipsum passages, and more recently with desktop publishing software like Aldus PageMaker including versions of Lorem Ipsum.[\/vc_column_text][\/vc_tta_section][vc_tta_section hr=&#8221;&#8221; title=&#8221;Como posso cancelar ou alterar meu pedido?&#8221; tab_id=&#8221;1486873649043-afd7f89f-f686&#8243;][vc_column_text]It is a long established fact that a reader will be distracted by the readable content of a page when looking at its layout. The point of using Lorem Ipsum is that it has a more-or-less normal distribution of letters, as opposed to using &#8216;Content here, content here&#8217;, making it look like readable English. Many desktop publishing packages and web page editors now use Lorem Ipsum as their default model text, and a search for &#8216;lorem ipsum&#8217; will uncover many web sites still in their infancy. Various versions have evolved over the years, sometimes by accident, sometimes on purpose (injected humour and the like).[\/vc_column_text][\/vc_tta_section][vc_tta_section hr=&#8221;&#8221; title=&#8221;Como posso devolver um produto?&#8221; tab_id=&#8221;1486873691619-526c7b3b-954a&#8221;][vc_column_text]<strong>Lorem Ipsum<\/strong> is simply dummy text of the printing and typesetting industry. Lorem Ipsum has been the industry&#8217;s standard dummy text ever since the 1500s, when an unknown printer took a galley of type and scrambled it to make a type specimen book. It has survived not only five centuries, but also the leap into electronic typesetting, remaining essentially unchanged. It was popularised in the 1960s with the release of Letraset sheets containing Lorem Ipsum passages, and more recently with desktop publishing software like Aldus PageMaker including versions of Lorem Ipsum.[\/vc_column_text][\/vc_tta_section][vc_tta_section hr=&#8221;&#8221; title=&#8221;Quanto tempo vai demorar para obter o meu pacote?&#8221; tab_id=&#8221;1486873706220-37abd3f9-4a9c&#8221;][vc_column_text]It is a long established fact that a reader will be distracted by the readable content of a page when looking at its layout. The point of using Lorem Ipsum is that it has a more-or-less normal distribution of letters, as opposed to using &#8216;Content here, content here&#8217;, making it look like readable English. Many desktop publishing packages and web page editors now use Lorem Ipsum as their default model text, and a search for &#8216;lorem ipsum&#8217; will uncover many web sites still in their infancy. Various versions have evolved over the years, sometimes by accident, sometimes on purpose (injected humour and the like).[\/vc_column_text][\/vc_tta_section][vc_tta_section hr=&#8221;&#8221; title=&#8221;Quais m\u00e9todos de envio est\u00e3o dispon\u00edveis?&#8221; tab_id=&#8221;1486873732494-2187e3ea-6311&#8243;][vc_column_text]<strong>Lorem Ipsum<\/strong> is simply dummy text of the printing and typesetting industry. Lorem Ipsum has been the industry&#8217;s standard dummy text ever since the 1500s, when an unknown printer took a galley of type and scrambled it to make a type specimen book. It has survived not only five centuries, but also the leap into electronic typesetting, remaining essentially unchanged. It was popularised in the 1960s with the release of Letraset sheets containing Lorem Ipsum passages, and more recently with desktop publishing software like Aldus PageMaker including versions of Lorem Ipsum.[\/vc_column_text][\/vc_tta_section][vc_tta_section hr=&#8221;&#8221; title=&#8221;Voc\u00ea fornece alguma garantia?&#8221; tab_id=&#8221;1486873759565-8593e345-1dc8&#8243;][vc_column_text]It is a long established fact that a reader will be distracted by the readable content of a page when looking at its layout. The point of using Lorem Ipsum is that it has a more-or-less normal distribution of letters, as opposed to using &#8216;Content here, content here&#8217;, making it look like readable English. Many desktop publishing packages and web page editors now use Lorem Ipsum as their default model text, and a search for &#8216;lorem ipsum&#8217; will uncover many web sites still in their infancy. Various versions have evolved over the years, sometimes by accident, sometimes on purpose (injected humour and the like).[\/vc_column_text][\/vc_tta_section][vc_tta_section hr=&#8221;&#8221; title=&#8221;Como posso cancelar ou alterar meu pedido?&#8221; tab_id=&#8221;1486873784595-6cddc0fa-36e2&#8243;][vc_column_text]<strong>Lorem Ipsum<\/strong> is simply dummy text of the printing and typesetting industry. Lorem Ipsum has been the industry&#8217;s standard dummy text ever since the 1500s, when an unknown printer took a galley of type and scrambled it to make a type specimen book. It has survived not only five centuries, but also the leap into electronic typesetting, remaining essentially unchanged. It was popularised in the 1960s with the release of Letraset sheets containing Lorem Ipsum passages, and more recently with desktop publishing software like Aldus PageMaker including versions of Lorem Ipsum.[\/vc_column_text][\/vc_tta_section][\/vc_tta_accordion][\/vc_column][\/vc_row][vc_row][vc_column][vc_empty_space][vc_column_text css=&#8221;.vc_custom_1529438063165{padding-bottom: 10px !important;}&#8221;]<\/p>\n<h3 style=\"text-align: center; weight: 500;\">Ainda tem perguntas?<\/h3>\n<p>[\/vc_column_text][vc_btn title=&#8221;Contate-Nos&#8221; color=&#8221;green&#8221; align=&#8221;center&#8221; link=&#8221;url:http%3A%2F%2Fproject.i-connect.com.tw%2Fshentek%2Fcontact-us%2F|||&#8221; css=&#8221;.vc_custom_1529438077258{margin: 10px !important;}&#8221;][\/vc_column][\/vc_row]<\/p>\n","protected":false},"excerpt":{"rendered":"<p>[vc_row css=&#8221;.vc_custom_1446889335013{margin-top: 50px !important;margin-bottom: 50px !important;}&#8221;][vc_column][vc_column_text] PERGUNTAS FREQUENTES [\/vc_column_text][\/vc_column][\/vc_row][vc_row][vc_column][vc_tta_accordion][vc_tta_section hr=&#8221;&#8221; title=&#8221;Quem devo entrar em contato se eu tiver d\u00favidas?&#8221; tab_id=&#8221;1486873649008-58c11127-9cd9&#8243;][vc_column_text]Lorem Ipsum is simply dummy text of the printing and typesetting industry. Lorem Ipsum has been the industry&#8217;s standard dummy text ever since the 1500s, when an unknown printer took a galley of type and scrambled [&hellip;]<\/p>\n","protected":false},"author":10,"featured_media":0,"parent":0,"menu_order":0,"comment_status":"closed","ping_status":"closed","template":"page-visual-composer.php","meta":{"footnotes":""},"yst_prominent_words":[],"_links":{"self":[{"href":"https:\/\/shentek.com\/pt-pt\/wp-json\/wp\/v2\/pages\/20633"}],"collection":[{"href":"https:\/\/shentek.com\/pt-pt\/wp-json\/wp\/v2\/pages"}],"about":[{"href":"https:\/\/shentek.com\/pt-pt\/wp-json\/wp\/v2\/types\/page"}],"author":[{"embeddable":true,"href":"https:\/\/shentek.com\/pt-pt\/wp-json\/wp\/v2\/users\/10"}],"replies":[{"embeddable":true,"href":"https:\/\/shentek.com\/pt-pt\/wp-json\/wp\/v2\/comments?post=20633"}],"version-history":[{"count":0,"href":"https:\/\/shentek.com\/pt-pt\/wp-json\/wp\/v2\/pages\/20633\/revisions"}],"wp:attachment":[{"href":"https:\/\/shentek.com\/pt-pt\/wp-json\/wp\/v2\/media?parent=20633"}],"wp:term":[{"taxonomy":"yst_prominent_words","embeddable":true,"href":"https:\/\/shentek.com\/pt-pt\/wp-json\/wp\/v2\/yst_prominent_words?post=20633"}],"curies":[{"name":"wp","href":"https:\/\/api.w.org\/{rel}","templated":true}]}}