{"id":20675,"date":"2018-06-19T21:40:11","date_gmt":"2018-06-19T21:40:11","guid":{"rendered":"http:\/\/www.shentek.com\/where-to-buy\/"},"modified":"2019-04-16T11:42:17","modified_gmt":"2019-04-16T03:42:17","slug":"onde-comprar","status":"publish","type":"page","link":"https:\/\/shentek.com\/pt-pt\/onde-comprar\/","title":{"rendered":"Onde comprar"},"content":{"rendered":"<p>[vc_row][vc_column][vc_empty_space height=&#8221;100px&#8221;][\/vc_column][\/vc_row][vc_row][vc_column width=&#8221;1\/3&#8243;][vc_icon icon_fontawesome=&#8221;fa fa-shopping-cart&#8221; color=&#8221;custom&#8221; size=&#8221;xl&#8221; align=&#8221;center&#8221; css_animation=&#8221;slideInDown&#8221; custom_color=&#8221;#8ec31f&#8221;][\/vc_column][vc_column width=&#8221;2\/3&#8243;][vc_column_text]<\/p>\n<h5>Vamos come\u00e7ar com o t\u00edtulo. O VA divulgou publicamente essas avalia\u00e7\u00f5es de enfermagem em 12 de junho. Chamando-as de &#8220;secretas&#8221; \u00e9 falso e irrespons\u00e1vel. Ent\u00e3o, o foco deste artigo \u00e9 uma \u00fanica sub-m\u00e9trica escolhida a dedo &#8211; em vez de classifica\u00e7\u00f5es gerais &#8211; para pintar um quadro enganoso de como nossas instala\u00e7\u00f5es realmente se comparam com o setor privado.<\/h5>\n<p>[\/vc_column_text][vc_empty_space height=&#8221;30px&#8221;][vc_btn title=&#8221;Compre online&#8221; style=&#8221;flat&#8221; color=&#8221;green&#8221; size=&#8221;sm&#8221; align=&#8221;left&#8221; css_animation=&#8221;slideInDown&#8221; link=&#8221;url:%2Fproducts-and-solutions%2F|||&#8221;][vc_empty_space height=&#8221;60px&#8221;][\/vc_column][\/vc_row][vc_row][vc_column width=&#8221;1\/3&#8243;][vc_icon icon_fontawesome=&#8221;fa fa-envelope-open&#8221; color=&#8221;custom&#8221; size=&#8221;xl&#8221; align=&#8221;center&#8221; css_animation=&#8221;slideInDown&#8221; custom_color=&#8221;#8ec31f&#8221;][\/vc_column][vc_column width=&#8221;2\/3&#8243;][vc_column_text]<\/p>\n<h5>Vamos come\u00e7ar com o t\u00edtulo. O VA divulgou publicamente essas avalia\u00e7\u00f5es de enfermagem em 12 de junho. Chamando-as de &#8220;secretas&#8221; \u00e9 falso e irrespons\u00e1vel. Ent\u00e3o, o foco deste artigo \u00e9 uma \u00fanica sub-m\u00e9trica escolhida a dedo &#8211; em vez de classifica\u00e7\u00f5es gerais &#8211; para pintar um quadro enganoso de como nossas instala\u00e7\u00f5es realmente se comparam com o setor privado.<\/h5>\n<p>[\/vc_column_text][vc_empty_space height=&#8221;60px&#8221;][vc_btn title=&#8221;Contate-Nos&#8221; style=&#8221;flat&#8221; color=&#8221;green&#8221; size=&#8221;sm&#8221; align=&#8221;left&#8221; css_animation=&#8221;slideInDown&#8221; link=&#8221;url:%2Fcontact-us%2F|||&#8221;][vc_empty_space height=&#8221;60px&#8221;][\/vc_column][\/vc_row][vc_row][vc_column][vc_empty_space height=&#8221;60px&#8221;][\/vc_column][\/vc_row]<\/p>\n","protected":false},"excerpt":{"rendered":"<p>[vc_row][vc_column][vc_empty_space height=&#8221;100px&#8221;][\/vc_column][\/vc_row][vc_row][vc_column width=&#8221;1\/3&#8243;][vc_icon icon_fontawesome=&#8221;fa fa-shopping-cart&#8221; color=&#8221;custom&#8221; size=&#8221;xl&#8221; align=&#8221;center&#8221; css_animation=&#8221;slideInDown&#8221; custom_color=&#8221;#8ec31f&#8221;][\/vc_column][vc_column width=&#8221;2\/3&#8243;][vc_column_text] Vamos come\u00e7ar com o t\u00edtulo. O VA divulgou publicamente essas avalia\u00e7\u00f5es de enfermagem em 12 de junho. Chamando-as de &#8220;secretas&#8221; \u00e9 falso e irrespons\u00e1vel. Ent\u00e3o, o foco deste artigo \u00e9 uma \u00fanica sub-m\u00e9trica escolhida a dedo &#8211; em vez de classifica\u00e7\u00f5es gerais &#8211; para [&hellip;]<\/p>\n","protected":false},"author":12,"featured_media":0,"parent":0,"menu_order":0,"comment_status":"closed","ping_status":"closed","template":"","meta":{"footnotes":""},"yst_prominent_words":[],"_links":{"self":[{"href":"https:\/\/shentek.com\/pt-pt\/wp-json\/wp\/v2\/pages\/20675"}],"collection":[{"href":"https:\/\/shentek.com\/pt-pt\/wp-json\/wp\/v2\/pages"}],"about":[{"href":"https:\/\/shentek.com\/pt-pt\/wp-json\/wp\/v2\/types\/page"}],"author":[{"embeddable":true,"href":"https:\/\/shentek.com\/pt-pt\/wp-json\/wp\/v2\/users\/12"}],"replies":[{"embeddable":true,"href":"https:\/\/shentek.com\/pt-pt\/wp-json\/wp\/v2\/comments?post=20675"}],"version-history":[{"count":0,"href":"https:\/\/shentek.com\/pt-pt\/wp-json\/wp\/v2\/pages\/20675\/revisions"}],"wp:attachment":[{"href":"https:\/\/shentek.com\/pt-pt\/wp-json\/wp\/v2\/media?parent=20675"}],"wp:term":[{"taxonomy":"yst_prominent_words","embeddable":true,"href":"https:\/\/shentek.com\/pt-pt\/wp-json\/wp\/v2\/yst_prominent_words?post=20675"}],"curies":[{"name":"wp","href":"https:\/\/api.w.org\/{rel}","templated":true}]}}