{"id":19418,"date":"2018-08-17T17:04:23","date_gmt":"2018-08-17T09:04:23","guid":{"rendered":"http:\/\/www.shentek.com\/product\/rs232-rs422-rs485-to-fiber-st-converter-redundant-ring\/"},"modified":"2019-04-15T22:47:41","modified_gmt":"2019-04-15T14:47:41","slug":"rs232-rs422-rs485-para-fibra-st-conversor-anel-redundante","status":"publish","type":"product","link":"https:\/\/shentek.com\/pt-pt\/product\/rs232-rs422-rs485-para-fibra-st-conversor-anel-redundante\/","title":{"rendered":"RS232 RS422 RS485 ao anel redundante do conversor da fibra ST"},"content":{"rendered":"","protected":false},"excerpt":{"rendered":"<p><span lang=\"EN-US\" style=\"margin: 0px; font-family: 'Arial','sans-serif'; font-size: 10pt;\"><span style=\"color: #000000;\">Recursos e Benef\u00edcio<\/span><\/span><\/p>\n<p><span lang=\"EN-US\" style=\"margin: 0px; font-family: 'Arial','sans-serif'; font-size: 10pt;\"><span style=\"color: #000000;\">Fibras \u00f3pticas permitem a transmiss\u00e3o de at\u00e9 2 km<\/span><\/span><\/p>\n<p><span lang=\"EN-US\" style=\"margin: 0px; font-family: 'Arial','sans-serif'; font-size: 10pt;\"><span style=\"color: #000000;\">\u00a0Meio \/ modo de transmiss\u00e3o bidirecional bidirecional<\/span><\/span><\/p>\n<p><span lang=\"EN-US\" style=\"margin: 0px; font-family: 'Arial','sans-serif'; font-size: 10pt;\"><span style=\"color: #000000;\">\u00a0Suporte para o modo de toque<\/span><\/span><\/p>\n<p><span lang=\"EN-US\" style=\"margin: 0px; font-family: 'Arial','sans-serif'; font-size: 10pt;\"><span style=\"color: #000000;\">\u00a0Suporte para sistema redundante<\/span><\/span><\/p>\n<p><span lang=\"EN-US\" style=\"margin: 0px; font-family: 'Arial','sans-serif'; font-size: 10pt;\"><span style=\"color: #000000;\">\u00a0Evite raios e EMI \/ RFI<\/span><\/span><\/p>\n<p><span lang=\"EN-US\" style=\"margin: 0px; font-family: 'Arial','sans-serif'; font-size: 10pt;\"><span style=\"color: #000000;\">\u00a0Evita danos causados \u200b\u200bpor descarga eletrost\u00e1tica<\/span><\/span><\/p>\n<p><span lang=\"EN-US\" style=\"margin: 0px; font-family: 'Arial','sans-serif'; font-size: 10pt;\"><span style=\"color: #000000;\">\u00a0Transmiss\u00e3o de dados est\u00e1vel e livre de erros<\/span><\/span><\/p>\n<p><span lang=\"EN-US\" style=\"margin: 0px; font-family: 'Arial','sans-serif'; font-size: 10pt;\"><span style=\"color: #000000;\">\u00a0Supervis\u00e3o de barramento interno autom\u00e1tico RS-485 \/ RS485 4W<\/span><\/span><\/p>\n<p><span lang=\"EN-US\" style=\"margin: 0px; font-family: 'Arial','sans-serif'; font-size: 10pt;\"><span style=\"color: #000000;\">\u00a0N\u00e3o s\u00e3o necess\u00e1rios sinais de controle de fluxo externos para RS-485 \/ RS485 4W<\/span><\/span><\/p>\n<p><span lang=\"EN-US\" style=\"margin: 0px; font-family: 'Arial','sans-serif'; font-size: 10pt;\"><span style=\"color: #000000;\">\u00a0Supress\u00e3o de transientes e prote\u00e7\u00e3o de sobrecorrente nas linhas de dados RS232 \/ 422\/485<\/span><\/span><\/p>\n<p><span lang=\"EN-US\" style=\"margin: 0px; font-family: 'Arial','sans-serif'; font-size: 10pt;\"><span style=\"color: #000000;\">\u00a0LED para indica\u00e7\u00e3o de fluxo de energia e dados<\/span><\/span><\/p>\n<p><span lang=\"EN-US\" style=\"margin: 0px; font-family: 'Arial','sans-serif'; font-size: 10pt;\"><span style=\"color: #000000;\">\u00a0Configura\u00e7\u00e3o da Fun\u00e7\u00e3o DIP SW<\/span><\/span><\/p>\n","protected":false},"featured_media":19420,"comment_status":"open","ping_status":"closed","template":"","meta":[],"product_cat":[2465,2466,2467,2476],"product_tag":[2468,2469,2470,2472,2473,2474,2475],"_links":{"self":[{"href":"https:\/\/shentek.com\/pt-pt\/wp-json\/wp\/v2\/product\/19418"}],"collection":[{"href":"https:\/\/shentek.com\/pt-pt\/wp-json\/wp\/v2\/product"}],"about":[{"href":"https:\/\/shentek.com\/pt-pt\/wp-json\/wp\/v2\/types\/product"}],"replies":[{"embeddable":true,"href":"https:\/\/shentek.com\/pt-pt\/wp-json\/wp\/v2\/comments?post=19418"}],"wp:featuredmedia":[{"embeddable":true,"href":"https:\/\/shentek.com\/pt-pt\/wp-json\/wp\/v2\/media\/19420"}],"wp:attachment":[{"href":"https:\/\/shentek.com\/pt-pt\/wp-json\/wp\/v2\/media?parent=19418"}],"wp:term":[{"taxonomy":"product_cat","embeddable":true,"href":"https:\/\/shentek.com\/pt-pt\/wp-json\/wp\/v2\/product_cat?post=19418"},{"taxonomy":"product_tag","embeddable":true,"href":"https:\/\/shentek.com\/pt-pt\/wp-json\/wp\/v2\/product_tag?post=19418"}],"curies":[{"name":"wp","href":"https:\/\/api.w.org\/{rel}","templated":true}]}}