{"id":19524,"date":"2018-08-17T16:41:45","date_gmt":"2018-08-17T08:41:45","guid":{"rendered":"http:\/\/www.shentek.com\/product\/usb-a-2-0-with-3kv-optical-isolation-adapter\/"},"modified":"2019-04-15T23:09:25","modified_gmt":"2019-04-15T15:09:25","slug":"usb-a-2-0-com-3kv-optical-isolation-adapter","status":"publish","type":"product","link":"https:\/\/shentek.com\/pt-pt\/product\/usb-a-2-0-com-3kv-optical-isolation-adapter\/","title":{"rendered":"USB-A 2.0 com adaptador de isolamento \u00f3ptico de 3KV"},"content":{"rendered":"","protected":false},"excerpt":{"rendered":"<p><span lang=\"EN-US\" style=\"margin: 0px; color: black; font-family: 'Arial','sans-serif'; font-size: 10pt;\">Recursos e Benef\u00edcio<\/span><\/p>\n<p><span lang=\"EN-US\" style=\"margin: 0px; color: black; font-family: 'Arial','sans-serif'; font-size: 10pt;\">\u00a0\u00a0\u00a0\u00a0\u00a0\u00a0\u00a0 Compat\u00edvel com USB 1.0 \/ 1.1, mas o USB 1.0 \/ 1.1 n\u00e3o suporta troca a quente<\/span><\/p>\n<p><span lang=\"EN-US\" style=\"margin: 0px; color: black; font-family: 'Arial','sans-serif'; font-size: 10pt;\">\u00a0\u00a0 \u00a0Compat\u00edvel com USB 2.0 de alta velocidade<\/span><\/p>\n<p><span lang=\"EN-US\" style=\"margin: 0px; color: black; font-family: 'Arial','sans-serif'; font-size: 10pt;\">\u00a0\u00a0\u00a0\u00a0\u00a0\u00a0\u00a0 O status da comunica\u00e7\u00e3o pode ser monitorado atrav\u00e9s do LED<\/span><\/p>\n<p><span lang=\"EN-US\" style=\"margin: 0px; color: black; font-family: 'Arial','sans-serif'; font-size: 10pt;\">\u00a0\u00a0\u00a0\u00a0\u00a0\u00a0\u00a0 O status da comunica\u00e7\u00e3o pode ser monitorado atrav\u00e9s do LED<\/span><\/p>\n<p><span lang=\"EN-US\" style=\"margin: 0px; color: black; font-family: 'Arial','sans-serif'; font-size: 10pt;\">\u00a0\u00a0\u00a0\u00a0\u00a0\u00a0\u00a0 N\u00e3o precisa de driver <\/span><\/p>\n","protected":false},"featured_media":19530,"comment_status":"open","ping_status":"closed","template":"","meta":[],"product_cat":[2502,2498,2476],"product_tag":[2499,2503,2468,2469,2504,2475],"_links":{"self":[{"href":"https:\/\/shentek.com\/pt-pt\/wp-json\/wp\/v2\/product\/19524"}],"collection":[{"href":"https:\/\/shentek.com\/pt-pt\/wp-json\/wp\/v2\/product"}],"about":[{"href":"https:\/\/shentek.com\/pt-pt\/wp-json\/wp\/v2\/types\/product"}],"replies":[{"embeddable":true,"href":"https:\/\/shentek.com\/pt-pt\/wp-json\/wp\/v2\/comments?post=19524"}],"wp:featuredmedia":[{"embeddable":true,"href":"https:\/\/shentek.com\/pt-pt\/wp-json\/wp\/v2\/media\/19530"}],"wp:attachment":[{"href":"https:\/\/shentek.com\/pt-pt\/wp-json\/wp\/v2\/media?parent=19524"}],"wp:term":[{"taxonomy":"product_cat","embeddable":true,"href":"https:\/\/shentek.com\/pt-pt\/wp-json\/wp\/v2\/product_cat?post=19524"},{"taxonomy":"product_tag","embeddable":true,"href":"https:\/\/shentek.com\/pt-pt\/wp-json\/wp\/v2\/product_tag?post=19524"}],"curies":[{"name":"wp","href":"https:\/\/api.w.org\/{rel}","templated":true}]}}