{"id":19651,"date":"2018-08-16T17:38:43","date_gmt":"2018-08-16T09:38:43","guid":{"rendered":"http:\/\/www.shentek.com\/product\/16-port-rs-232-422-485-device-server-over-ethernet\/"},"modified":"2019-04-14T10:40:15","modified_gmt":"2019-04-14T02:40:15","slug":"16-portas-rs-232-422-485-device-server-over-ethernet","status":"publish","type":"product","link":"https:\/\/shentek.com\/pt-pt\/product\/16-portas-rs-232-422-485-device-server-over-ethernet\/","title":{"rendered":"Servidor de Dispositivos RS-232\/422\/485 de 16 portas atrav\u00e9s de Ethernet"},"content":{"rendered":"","protected":false},"excerpt":{"rendered":"<p><span lang=\"EN-US\" style=\"margin: 0px; font-family: 'Arial','sans-serif'; font-size: 10pt;\"><span style=\"color: #000000;\">Recursos e Benef\u00edcio<\/span><\/span><\/p>\n<p><span lang=\"EN-US\" style=\"margin: 0px; font-family: 'Arial','sans-serif'; font-size: 10pt;\"><span style=\"color: #000000;\">\u00a0\u00a0\u00a0\u00a0\u00a0\u00a0\u00a0 Transmitir e Receber e Link Ethernet e driver de LED 10\/100\u00a0\u00a0\u00a0 <\/span><\/span><\/p>\n<p><span lang=\"EN-US\" style=\"margin: 0px; font-family: 'Arial','sans-serif'; font-size: 10pt;\"><span style=\"color: #000000;\">\u00a0\u00a0\u00a0\u00a0\u00a0\u00a0\u00a0 Gateway IP Address<\/span><\/span><\/p>\n<p><span lang=\"EN-US\" style=\"margin: 0px; font-family: 'Arial','sans-serif'; font-size: 10pt;\"><span style=\"color: #000000;\">\u00a0\u00a0\u00a0\u00a0\u00a0\u00a0\u00a0 Interface Serial RS-232\/422\/485 <\/span><\/span><\/p>\n<p><span lang=\"EN-US\" style=\"margin: 0px; font-family: 'Arial','sans-serif'; font-size: 10pt;\"><span style=\"color: #000000;\">\u00a0\u00a0\u00a0\u00a0\u00a0\u00a0\u00a0 Interface Ethernet 10\/100 Mbps<\/span><\/span><\/p>\n<p><span lang=\"EN-US\" style=\"margin: 0px; font-family: 'Arial','sans-serif'; font-size: 10pt;\"><span style=\"color: #000000;\">\u00a0\u00a0\u00a0\u00a0\u00a0\u00a0\u00a0 Taxa de Transfer\u00eancia at\u00e9921Kbps\u00a0 <\/span><\/span><\/p>\n<p><span lang=\"EN-US\" style=\"margin: 0px; font-family: 'Arial','sans-serif'; font-size: 10pt;\"><span style=\"color: #000000;\">\u00a0\u00a0\u00a0\u00a0\u00a0\u00a0\u00a0 Modo Suporta: VSP Com, Servidor TCP, Cliente TCP, UDP, Modo Emparelhado, HTTP, DHCP, ICMP (Ping), IP Est\u00e1tico e ARP Suportados<\/span><\/span><\/p>\n<p><span lang=\"EN-US\" style=\"margin: 0px; font-family: 'Arial','sans-serif'; font-size: 10pt;\"><span style=\"color: #000000;\">\u00a0\u00a0\u00a0\u00a0\u00a0\u00a0\u00a0 Suporta Especifica\u00e7\u00e3o Industrial<\/span><\/span><\/p>\n<p><span lang=\"EN-US\" style=\"background: white; margin: 0px; color: #181818; font-family: 'Helvetica','sans-serif'; font-size: 10pt;\">ARM9G20 de alta velocidade (400 MHz) CPU<\/span><\/p>\n<p><span lang=\"EN-US\" style=\"background: white; margin: 0px; color: #181818; font-family: 'Helvetica','sans-serif'; font-size: 10pt;\">Suporta comunica\u00e7\u00e3o dual Ethernet 10\/100, LAN e WAN<\/span><\/p>\n<p><span lang=\"EN-US\" style=\"background: white; margin: 0px; color: #181818; font-family: 'Helvetica','sans-serif'; font-size: 10pt;\">Configura\u00e7\u00e3o f\u00e1cil de endere\u00e7o IP com painel LCD frontal<\/span><\/p>\n","protected":false},"featured_media":19416,"comment_status":"open","ping_status":"closed","template":"","meta":[],"product_cat":[2506,2507,2476],"product_tag":[2508,2472,2473,2474],"_links":{"self":[{"href":"https:\/\/shentek.com\/pt-pt\/wp-json\/wp\/v2\/product\/19651"}],"collection":[{"href":"https:\/\/shentek.com\/pt-pt\/wp-json\/wp\/v2\/product"}],"about":[{"href":"https:\/\/shentek.com\/pt-pt\/wp-json\/wp\/v2\/types\/product"}],"replies":[{"embeddable":true,"href":"https:\/\/shentek.com\/pt-pt\/wp-json\/wp\/v2\/comments?post=19651"}],"wp:featuredmedia":[{"embeddable":true,"href":"https:\/\/shentek.com\/pt-pt\/wp-json\/wp\/v2\/media\/19416"}],"wp:attachment":[{"href":"https:\/\/shentek.com\/pt-pt\/wp-json\/wp\/v2\/media?parent=19651"}],"wp:term":[{"taxonomy":"product_cat","embeddable":true,"href":"https:\/\/shentek.com\/pt-pt\/wp-json\/wp\/v2\/product_cat?post=19651"},{"taxonomy":"product_tag","embeddable":true,"href":"https:\/\/shentek.com\/pt-pt\/wp-json\/wp\/v2\/product_tag?post=19651"}],"curies":[{"name":"wp","href":"https:\/\/api.w.org\/{rel}","templated":true}]}}