{"id":19784,"date":"2018-08-16T14:12:48","date_gmt":"2018-08-16T06:12:48","guid":{"rendered":"http:\/\/www.shentek.com\/product\/1-slot-sd-card-reader-pcmcia-card\/"},"modified":"2019-04-14T18:56:19","modified_gmt":"2019-04-14T10:56:19","slug":"1-slot-sd-card-reader-pcmcia-card","status":"publish","type":"product","link":"https:\/\/shentek.com\/pt-pt\/product\/1-slot-sd-card-reader-pcmcia-card\/","title":{"rendered":"1 slot para cart\u00e3o de leitor de cart\u00e3o SD PCMCIA"},"content":{"rendered":"","protected":false},"excerpt":{"rendered":"<p><span lang=\"EN-US\" style=\"margin: 0px; font-family: 'Arial','sans-serif'; font-size: 10pt;\"><span style=\"color: #000000;\">Recursos e Benef\u00edcio<\/span><\/span><\/p>\n<p><span lang=\"EN-US\" style=\"margin: 0px; font-family: 'Arial','sans-serif'; font-size: 10pt;\"><span style=\"color: #000000;\">Compat\u00edvel com PC Card Standard 8.0<\/span><\/span><\/p>\n<p><span lang=\"EN-US\" style=\"margin: 0px; font-family: 'Arial','sans-serif'; font-size: 10pt;\"><span style=\"color: #000000;\">Compat\u00edvel com PCMCIA 2.1 \/ JIEDA 4.2 <\/span><\/span><\/p>\n<p><span lang=\"EN-US\" style=\"margin: 0px; font-family: 'Arial','sans-serif'; font-size: 10pt;\"><span style=\"color: #000000;\">Modo de cart\u00e3o de armazenamento Compact Flash usando a mem\u00f3ria da placa de PC, os modos de placa de PC IO e True-IDE <\/span><\/span><\/p>\n<p><span lang=\"EN-US\" style=\"margin: 0px; font-family: 'Arial','sans-serif'; font-size: 10pt;\"><span style=\"color: #000000;\">Modo de mem\u00f3ria da placa de PC e modo de opera\u00e7\u00e3o IO da placa de PC usando dados de 8 ou 16 bits <\/span><\/span><\/p>\n<p><span lang=\"EN-US\" style=\"margin: 0px; font-family: 'Arial','sans-serif'; font-size: 10pt;\"><span style=\"color: #000000;\">Mem\u00f3ria de atributos, mem\u00f3ria comum e acesso IO no modo PC Card \/ PCMCIA. <\/span><\/span><\/p>\n<p><span lang=\"EN-US\" style=\"margin: 0px; font-family: 'Arial','sans-serif'; font-size: 10pt;\"><span style=\"color: #000000;\">M\u00f3dulo SD HOST expans\u00edvel de 4 canais <\/span><\/span><\/p>\n","protected":false},"featured_media":19787,"comment_status":"open","ping_status":"closed","template":"","meta":[],"product_cat":[781],"product_tag":[2518,2519,2520,2521,2522],"_links":{"self":[{"href":"https:\/\/shentek.com\/pt-pt\/wp-json\/wp\/v2\/product\/19784"}],"collection":[{"href":"https:\/\/shentek.com\/pt-pt\/wp-json\/wp\/v2\/product"}],"about":[{"href":"https:\/\/shentek.com\/pt-pt\/wp-json\/wp\/v2\/types\/product"}],"replies":[{"embeddable":true,"href":"https:\/\/shentek.com\/pt-pt\/wp-json\/wp\/v2\/comments?post=19784"}],"wp:featuredmedia":[{"embeddable":true,"href":"https:\/\/shentek.com\/pt-pt\/wp-json\/wp\/v2\/media\/19787"}],"wp:attachment":[{"href":"https:\/\/shentek.com\/pt-pt\/wp-json\/wp\/v2\/media?parent=19784"}],"wp:term":[{"taxonomy":"product_cat","embeddable":true,"href":"https:\/\/shentek.com\/pt-pt\/wp-json\/wp\/v2\/product_cat?post=19784"},{"taxonomy":"product_tag","embeddable":true,"href":"https:\/\/shentek.com\/pt-pt\/wp-json\/wp\/v2\/product_tag?post=19784"}],"curies":[{"name":"wp","href":"https:\/\/api.w.org\/{rel}","templated":true}]}}