{"id":19978,"date":"2018-08-16T13:43:24","date_gmt":"2018-08-16T05:43:24","guid":{"rendered":"http:\/\/www.shentek.com\/product\/usb-3-0-4-port-hub-supports-transfer-up-to-5g\/"},"modified":"2019-04-16T12:06:18","modified_gmt":"2019-04-16T04:06:18","slug":"usb-3-0-4-port-hub-suporta-transferencia-para-5g","status":"publish","type":"product","link":"https:\/\/shentek.com\/pt-pt\/product\/usb-3-0-4-port-hub-suporta-transferencia-para-5g\/","title":{"rendered":"HUB USB 3.0 de 4 portas suporta transfer\u00eancia at\u00e9 5G"},"content":{"rendered":"","protected":false},"excerpt":{"rendered":"<p>Caracter\u00edsticas:<br \/>\nAdiciona 4 portas USB 3.0 Super Speed \u200b\u200b(5Gbps)<br \/>\nTotalmente compat\u00edvel com as especifica\u00e7\u00f5es USB2.0 \/ USB1.1 \/ USB1.0<br \/>\nSuporta at\u00e9 127 dispositivos de alta velocidade<br \/>\nSuporta taxa de transfer\u00eancia de dados a 1,5 \/ 12\/480 \/ mbps<br \/>\nProte\u00e7\u00e3o de sobrecorrente de porta individual<br \/>\nAmig\u00e1vel &#038; amp; Design forte, facilmente pot\u00e1vel<br \/>\nFornecer at\u00e9 900 mA por porta suficiente para diversos dispositivos<br \/>\n4 indicadores LED para dados \/ 1 LED indicador de energia<br \/>\nAdaptador de energia (sa\u00edda de 5V \/ 4A)<br \/>\nInstala\u00e7\u00e3o plug-and-play<br \/>\nSuporta Windows XP, Vista, WIN7 WIN8<br \/>\nSuporta Macintosh OS 9.0.x somente no sistema com interface USB 2.0<br \/>\nUma porta upstream de alta velocidade com conector mini USB Micro B 9pin<\/p>\n","protected":false},"featured_media":19980,"comment_status":"open","ping_status":"closed","template":"","meta":[],"product_cat":[781],"product_tag":[2543,2544],"_links":{"self":[{"href":"https:\/\/shentek.com\/pt-pt\/wp-json\/wp\/v2\/product\/19978"}],"collection":[{"href":"https:\/\/shentek.com\/pt-pt\/wp-json\/wp\/v2\/product"}],"about":[{"href":"https:\/\/shentek.com\/pt-pt\/wp-json\/wp\/v2\/types\/product"}],"replies":[{"embeddable":true,"href":"https:\/\/shentek.com\/pt-pt\/wp-json\/wp\/v2\/comments?post=19978"}],"wp:featuredmedia":[{"embeddable":true,"href":"https:\/\/shentek.com\/pt-pt\/wp-json\/wp\/v2\/media\/19980"}],"wp:attachment":[{"href":"https:\/\/shentek.com\/pt-pt\/wp-json\/wp\/v2\/media?parent=19978"}],"wp:term":[{"taxonomy":"product_cat","embeddable":true,"href":"https:\/\/shentek.com\/pt-pt\/wp-json\/wp\/v2\/product_cat?post=19978"},{"taxonomy":"product_tag","embeddable":true,"href":"https:\/\/shentek.com\/pt-pt\/wp-json\/wp\/v2\/product_tag?post=19978"}],"curies":[{"name":"wp","href":"https:\/\/api.w.org\/{rel}","templated":true}]}}