{"id":20017,"date":"2018-08-16T10:55:24","date_gmt":"2018-08-16T02:55:24","guid":{"rendered":"http:\/\/www.shentek.com\/product\/2-port-high-speed-serial-rs-232-1-port-parallel-universal-pci-card-support-pin1-5v-12v-dcd-pin9-5v-12v-ri-selectable-and-standard-and-low-profile-bracket-2\/"},"modified":"2019-04-15T10:14:36","modified_gmt":"2019-04-15T02:14:36","slug":"2-portas-alta-velocidade-serial-rs-232-1-port-paralelo-universal-pci-card-support-pin1-5v-12v-dcd-pin9-5v-12v-ri-selecionavel-e-padrao-e-low-profile-bracket-2","status":"publish","type":"product","link":"https:\/\/shentek.com\/pt-pt\/product\/2-portas-alta-velocidade-serial-rs-232-1-port-paralelo-universal-pci-card-support-pin1-5v-12v-dcd-pin9-5v-12v-ri-selecionavel-e-padrao-e-low-profile-bracket-2\/","title":{"rendered":"Cart\u00e3o PCI paralelo de porta serial RS232 com perfil baixo"},"content":{"rendered":"","protected":false},"excerpt":{"rendered":"<p><span lang=\"EN-US\" style=\"margin: 0px; color: black; font-family: 'Arial','sans-serif'; font-size: 10pt;\">Recursos e Benef\u00edcio<\/span><\/p>\n<p><span lang=\"EN-US\" style=\"margin: 0px; color: black; font-family: 'Arial','sans-serif'; font-size: 10pt;\">\u00a0\u00a0\u00a0\u00a0\u00a0\u00a0\u00a0\u00a0Expande 2 portas com para o seu sistema<\/span><\/p>\n<p><span lang=\"EN-US\" style=\"margin: 0px; color: black; font-family: 'Arial','sans-serif'; font-size: 10pt;\">\u00a0\u00a0\u00a0\u00a0\u00a0\u00a0\u00a0\u00a0Taxa de transmiss\u00e3o de alta velocidade at\u00e9 921.6Kbps<\/span><\/p>\n<p><span lang=\"EN-US\" style=\"margin: 0px; color: black; font-family: 'Arial','sans-serif'; font-size: 10pt;\">\u00a0\u00a0\u00a0\u00a0\u00a0\u00a0\u00a0\u00a0Compat\u00edvel com PCI de 3,3V \/ 5V e slot PCI-x<\/span><\/p>\n<p><span lang=\"EN-US\" style=\"margin: 0px; color: black; font-family: 'Arial','sans-serif'; font-size: 10pt;\">\u00a0\u00a0\u00a0\u00a0\u00a0\u00a0\u00a0\u00a0Fonte de alimenta\u00e7\u00e3o atrav\u00e9s da linha de comunica\u00e7\u00e3o (sinal RI)<\/span><\/p>\n<p><span lang=\"EN-US\" style=\"margin: 0px; color: black; font-family: 'Arial','sans-serif'; font-size: 10pt;\">\u00a0\u00a0\u00a0\u00a0\u00a0\u00a0\u00a0\u00a0Prote\u00e7\u00e3o embutida de 15KV ESD<\/span><\/p>\n<p><span lang=\"EN-US\" style=\"margin: 0px; color: black; font-family: 'Arial','sans-serif'; font-size: 10pt;\">\u00a0\u00a0\u00a0\u00a0\u00a0\u00a0\u00a0\u00a0Suporta Especifica\u00e7\u00e3o Industrial<\/span><\/p>\n<p><span lang=\"EN-US\" style=\"margin: 0px; color: black; font-family: 'Arial','sans-serif'; font-size: 10pt;\">\u00a0\u00a0\u00a0\u00a0\u00a0\u00a0\u00a0\u00a0FIFOs de 256 bytes integrados ao UART<\/span><\/p>\n<p><span lang=\"EN-US\" style=\"margin: 0px; color: black; font-family: 'Arial','sans-serif'; font-size: 10pt;\">\u00a0\u00a0\u00a0\u00a0\u00a0\u00a0\u00a0\u00a0Suporta 5V \/ 12V \/ RI Selecion\u00e1vel<\/span><\/p>\n<p><span lang=\"EN-US\" style=\"margin: 0px; color: black; font-family: 'Arial','sans-serif'; font-size: 10pt;\">\u00a0\u00a0\u00a0\u00a0\u00a0\u00a0\u00a0\u00a0<\/span><span lang=\"FR\" style=\"margin: 0px; color: black; font-family: 'Arial','sans-serif'; font-size: 10pt;\">Paralelo &#8211; Modo de compatibilidade, modo Nibble, modo Byte, modo EPP e modo ECP)<\/span><\/p>\n<p><span lang=\"FR\" style=\"margin: 0px; color: black; font-family: 'Arial','sans-serif'; font-size: 10pt;\">\u00a0\u00a0\u00a0\u00a0\u00a0\u00a0\u00a0\u00a016 bytes: modo EPP \/ ECP<\/span><\/p>\n<p><span lang=\"FR\" style=\"margin: 0px; color: black; font-family: 'Arial','sans-serif'; font-size: 10pt;\">\u00a0\u00a0\u00a0\u00a0\u00a0\u00a0\u00a0\u00a0<\/span><span lang=\"EN-US\" style=\"margin: 0px; color: black; font-family: 'Arial','sans-serif'; font-size: 10pt;\">Reencaminhamento do endere\u00e7o de E \/ S &#8211; RS-232 para 3F8, 2F8, 3 <sup> E <\/ sup> 8 e AND 2 <sup> E <\/ sup> 8. Paralelo &#8211; 378 e 278<\/span><\/p>\n<p><span lang=\"EN-US\" style=\"margin: 0px; color: black; font-family: 'Arial','sans-serif'; font-size: 10pt;\">\u00a0\u00a0\u00a0\u00a0\u00a0\u00a0\u00a0\u00a0Suporta Microsoft Windows, Linux<\/span><\/p>\n","protected":false},"featured_media":20021,"comment_status":"open","ping_status":"closed","template":"","meta":[],"product_cat":[2528,2525,2476],"product_tag":[2529,2527,2530,2531,2532],"_links":{"self":[{"href":"https:\/\/shentek.com\/pt-pt\/wp-json\/wp\/v2\/product\/20017"}],"collection":[{"href":"https:\/\/shentek.com\/pt-pt\/wp-json\/wp\/v2\/product"}],"about":[{"href":"https:\/\/shentek.com\/pt-pt\/wp-json\/wp\/v2\/types\/product"}],"replies":[{"embeddable":true,"href":"https:\/\/shentek.com\/pt-pt\/wp-json\/wp\/v2\/comments?post=20017"}],"wp:featuredmedia":[{"embeddable":true,"href":"https:\/\/shentek.com\/pt-pt\/wp-json\/wp\/v2\/media\/20021"}],"wp:attachment":[{"href":"https:\/\/shentek.com\/pt-pt\/wp-json\/wp\/v2\/media?parent=20017"}],"wp:term":[{"taxonomy":"product_cat","embeddable":true,"href":"https:\/\/shentek.com\/pt-pt\/wp-json\/wp\/v2\/product_cat?post=20017"},{"taxonomy":"product_tag","embeddable":true,"href":"https:\/\/shentek.com\/pt-pt\/wp-json\/wp\/v2\/product_tag?post=20017"}],"curies":[{"name":"wp","href":"https:\/\/api.w.org\/{rel}","templated":true}]}}