{"id":20120,"date":"2018-08-16T08:56:39","date_gmt":"2018-08-16T00:56:39","guid":{"rendered":"http:\/\/www.shentek.com\/product\/2-port-internal-superspeed-usb-3-1-gen-2-10g-m-2-card\/"},"modified":"2019-04-15T11:29:51","modified_gmt":"2019-04-15T03:29:51","slug":"2-port-interna-superspeed-usb-3-1-gen-2-10g-m-2-card","status":"publish","type":"product","link":"https:\/\/shentek.com\/pt-pt\/product\/2-port-interna-superspeed-usb-3-1-gen-2-10g-m-2-card\/","title":{"rendered":"2 portas SuperSpeed \u200b\u200bInterno + USB 3.1 Gen 2 10G M.2 Card"},"content":{"rendered":"","protected":false},"excerpt":{"rendered":"<p><span lang=\"EN-US\" style=\"margin: 0px; font-family: 'Arial','sans-serif'; font-size: 10pt;\"><span style=\"color: #000000;\">Recursos e Benef\u00edcio<\/span><\/span><\/p>\n<p><span lang=\"EN-US\" style=\"margin: 0px; font-family: 'Arial','sans-serif'; font-size: 10pt;\"><span style=\"color: #000000;\">\u00a0\u00a0\u00a0\u00a0\u00a0\u00a0\u00a0 Expande 2 portas para o seu sistema<\/span><\/span><\/p>\n<p><span lang=\"EN-US\" style=\"margin: 0px; font-family: 'Arial','sans-serif'; font-size: 10pt;\"><span style=\"color: #000000;\">\u00a0\u00a0\u00a0\u00a0\u00a0\u00a0\u00a0 Taxa de Transfer\u00eancia de Alta Velocidade at\u00e9 10Gbs<\/span><\/span><\/p>\n<p><span lang=\"EN-US\" style=\"margin: 0px; font-family: 'Arial','sans-serif'; font-size: 10pt;\"><span style=\"color: #000000;\">\u00a0\u00a0\u00a0\u00a0\u00a0\u00a0\u00a0 Projetar para atender \u00e0s exig\u00eancias da PCI Express 3.0 Gen 1<\/span><\/span><\/p>\n<p><span lang=\"EN-US\" style=\"margin: 0px; font-family: 'Arial','sans-serif'; font-size: 10pt;\"><span style=\"color: #000000;\">\u00a0\u00a0\u00a0\u00a0\u00a0\u00a0\u00a0 Suporta chave M.2 &#8211; M \/ B<\/span><\/span><\/p>\n<p><span lang=\"EN-US\" style=\"margin: 0px; font-family: 'Arial','sans-serif'; font-size: 10pt;\"><span style=\"color: #000000;\">\u00a0\u00a0\u00a0\u00a0\u00a0\u00a0\u00a0 Complacente com a especifica\u00e7\u00e3o Gen2 do barramento serial universal 3.1 <\/span><\/span><\/p>\n<p><span lang=\"EN-US\" style=\"margin: 0px; font-family: 'Arial','sans-serif'; font-size: 10pt;\"><span style=\"color: #000000;\">\u00a0\u00a0\u00a0\u00a0\u00a0\u00a0\u00a0 Suporta opera\u00e7\u00e3o simult\u00e2nea de v\u00e1rios dispositivos USB 3.1 Gen1, USB 2.0 e USB 1.1<\/span><\/span><\/p>\n<p><span lang=\"EN-US\" style=\"margin: 0px; font-family: 'Arial','sans-serif'; font-size: 10pt;\"><span style=\"color: #000000;\">\u00a0\u00a0\u00a0\u00a0\u00a0\u00a0\u00a0 Suporta taxa de transfer\u00eancia de dados USB de 1,5 \/ 12\/480\/5000\/10000 Mbps<\/span><\/span><\/p>\n<p><span lang=\"EN-US\" style=\"margin: 0px; font-family: 'Arial','sans-serif'; font-size: 10pt;\"><span style=\"color: #000000;\">\u00a0\u00a0\u00a0\u00a0\u00a0\u00a0\u00a0 Expands 2 external USB 3.1 GEN 2 Super-Speed+ Port for your system<\/span><\/span><\/p>\n<p><span lang=\"EN-US\" style=\"margin: 0px; font-family: 'Arial','sans-serif'; font-size: 10pt;\"><span style=\"color: #000000;\">\u00a0\u00a0\u00a0\u00a0\u00a0\u00a0\u00a0 Cada porta USB de pot\u00eancia de sa\u00edda at\u00e9 5V 900ma para dispositivo USB<\/span><\/span><\/p>\n<p><span lang=\"EN-US\" style=\"margin: 0px; font-family: 'Arial','sans-serif'; font-size: 10pt;\"><span style=\"color: #000000;\">\u00a0\u00a0\u00a0\u00a0\u00a0\u00a0\u00a0 O recurso Hot Swap permite conectar \/ desconectar dispositivos<\/span><\/span><\/p>\n<p><span lang=\"EN-US\" style=\"margin: 0px; font-family: 'Arial','sans-serif'; font-size: 10pt;\"><span style=\"color: #000000;\">\u00a0\u00a0\u00a0\u00a0\u00a0\u00a0\u00a0 O Microsoft WHQL aprova<\/span><\/span><\/p>\n<p><span lang=\"EN-US\" style=\"margin: 0px; font-family: 'Arial','sans-serif'; font-size: 10pt;\"><span style=\"color: #000000;\">\u00a0\u00a0\u00a0\u00a0\u00a0\u00a0\u00a0 Suporta Driver para Microsoft Windows<\/span><\/span><\/p>\n","protected":false},"featured_media":20122,"comment_status":"open","ping_status":"closed","template":"","meta":[],"product_cat":[2476,2542,2558],"product_tag":[2554,2555,2556,2549,2561],"_links":{"self":[{"href":"https:\/\/shentek.com\/pt-pt\/wp-json\/wp\/v2\/product\/20120"}],"collection":[{"href":"https:\/\/shentek.com\/pt-pt\/wp-json\/wp\/v2\/product"}],"about":[{"href":"https:\/\/shentek.com\/pt-pt\/wp-json\/wp\/v2\/types\/product"}],"replies":[{"embeddable":true,"href":"https:\/\/shentek.com\/pt-pt\/wp-json\/wp\/v2\/comments?post=20120"}],"wp:featuredmedia":[{"embeddable":true,"href":"https:\/\/shentek.com\/pt-pt\/wp-json\/wp\/v2\/media\/20122"}],"wp:attachment":[{"href":"https:\/\/shentek.com\/pt-pt\/wp-json\/wp\/v2\/media?parent=20120"}],"wp:term":[{"taxonomy":"product_cat","embeddable":true,"href":"https:\/\/shentek.com\/pt-pt\/wp-json\/wp\/v2\/product_cat?post=20120"},{"taxonomy":"product_tag","embeddable":true,"href":"https:\/\/shentek.com\/pt-pt\/wp-json\/wp\/v2\/product_tag?post=20120"}],"curies":[{"name":"wp","href":"https:\/\/api.w.org\/{rel}","templated":true}]}}