{"id":20121,"date":"2018-08-16T09:00:10","date_gmt":"2018-08-16T01:00:10","guid":{"rendered":"http:\/\/www.shentek.com\/product\/4-port-superspeed-usb-3-0-5g-per-port-pcie-4-card\/"},"modified":"2019-04-15T11:20:27","modified_gmt":"2019-04-15T03:20:27","slug":"4-portas-superspeed-usb-3-0-5g-por-porta-pcie-4-card","status":"publish","type":"product","link":"https:\/\/shentek.com\/pt-pt\/product\/4-portas-superspeed-usb-3-0-5g-por-porta-pcie-4-card\/","title":{"rendered":"4 portas SuperSpeed \u200b\u200bUSB 3.0 5G por porta PCIe 4 Card"},"content":{"rendered":"","protected":false},"excerpt":{"rendered":"<p><span lang=\"EN-US\" style=\"margin: 0px; font-family: 'Arial','sans-serif'; font-size: 10pt;\"><span style=\"color: #000000;\">Recursos e Benef\u00edcio<\/span><\/span><\/p>\n<p><span lang=\"EN-US\" style=\"margin: 0px; font-family: 'Arial','sans-serif'; font-size: 10pt;\"><span style=\"color: #000000;\">\u00a0\u00a0\u00a0\u00a0\u00a0\u00a0\u00a0 Expande 4 portas Externas Internas para o seu sistema<\/span><\/span><\/p>\n<p><span lang=\"EN-US\" style=\"margin: 0px; font-family: 'Arial','sans-serif'; font-size: 10pt;\"><span style=\"color: #000000;\">\u00a0\u00a0\u00a0\u00a0\u00a0\u00a0\u00a0 Transfer\u00eancia de alta velocidade at\u00e9 5Gbs<\/span><\/span><\/p>\n<p><span lang=\"EN-US\" style=\"margin: 0px; font-family: 'Arial','sans-serif'; font-size: 10pt;\"><span style=\"color: #000000;\">\u00a0\u00a0\u00a0\u00a0\u00a0\u00a0\u00a0 Projetar para atender \u00e0s exig\u00eancias do PCI Express 2.0 Gen * 4<\/span><\/span><\/p>\n<p><span lang=\"EN-US\" style=\"margin: 0px; font-family: 'Arial','sans-serif'; font-size: 10pt;\"><span style=\"color: #000000;\">\u00a0\u00a0\u00a0\u00a0\u00a0\u00a0\u00a0 Compat\u00edvel com a Revis\u00e3o de Especifica\u00e7\u00e3o 1.0 do Universal Serial Bus 3.0<\/span><\/span><\/p>\n<p><span lang=\"EN-US\" style=\"margin: 0px; font-family: 'Arial','sans-serif'; font-size: 10pt;\"><span style=\"color: #000000;\">\u00a0\u00a0\u00a0\u00a0\u00a0\u00a0\u00a0 Compat\u00edvel com a revis\u00e3o das especifica\u00e7\u00f5es xHCI (Interface de controlador de host extens\u00edvel) 0.96<\/span><\/span><\/p>\n<p><span lang=\"EN-US\" style=\"margin: 0px; font-family: 'Arial','sans-serif'; font-size: 10pt;\"><span style=\"color: #000000;\">\u00a0\u00a0\u00a0\u00a0\u00a0\u00a0\u00a0 Suporta opera\u00e7\u00e3o simult\u00e2nea de v\u00e1rios dispositivos USB 3.0, USB 2.0 e USB 1.1<\/span><\/span><\/p>\n<p><span lang=\"EN-US\" style=\"margin: 0px; font-family: 'Arial','sans-serif'; font-size: 10pt;\"><span style=\"color: #000000;\">\u00a0\u00a0\u00a0\u00a0\u00a0\u00a0\u00a0 Suporta taxa de transfer\u00eancia de dados USB de 1,5 \/ 12\/480\/5000 Mbps<\/span><\/span><\/p>\n<p><span lang=\"EN-US\" style=\"margin: 0px; font-family: 'Arial','sans-serif'; font-size: 10pt;\"><span style=\"color: #000000;\">\u00a0\u00a0\u00a0\u00a0\u00a0\u00a0\u00a0 Expande a porta externa de alta velocidade de 4 portas USB3.0 para o seu sistema Desktop<\/span><\/span><\/p>\n<p><span lang=\"EN-US\" style=\"margin: 0px; font-family: 'Arial','sans-serif'; font-size: 10pt;\"><span style=\"color: #000000;\">\u00a0\u00a0\u00a0\u00a0\u00a0\u00a0\u00a0 Cada porta USB de pot\u00eancia de sa\u00edda at\u00e9 5V 900ma para dispositivo USB<\/span><\/span><\/p>\n<p><span lang=\"EN-US\" style=\"margin: 0px; font-family: 'Arial','sans-serif'; font-size: 10pt;\"><span style=\"color: #000000;\">\u00a0\u00a0\u00a0\u00a0\u00a0\u00a0\u00a0 O recurso Hot Swap permite conectar \/ desconectar dispositivos<\/span><\/span><\/p>\n<p><span lang=\"EN-US\" style=\"margin: 0px; font-family: 'Arial','sans-serif'; font-size: 10pt;\"><span style=\"color: #000000;\">\u00a0\u00a0\u00a0\u00a0\u00a0\u00a0\u00a0 O Microsoft WHQL aprova<\/span><\/span><\/p>\n<p><span lang=\"EN-US\" style=\"margin: 0px; font-family: 'Arial','sans-serif'; font-size: 10pt;\"><span style=\"color: #000000;\">\u00a0\u00a0\u00a0\u00a0\u00a0\u00a0\u00a0 Suporta Driver para Microsoft Windows<\/span><\/span><\/p>\n","protected":false},"featured_media":19416,"comment_status":"open","ping_status":"closed","template":"","meta":[],"product_cat":[2476,2542,2558],"product_tag":[2533,2564,2543,2560,2505],"_links":{"self":[{"href":"https:\/\/shentek.com\/pt-pt\/wp-json\/wp\/v2\/product\/20121"}],"collection":[{"href":"https:\/\/shentek.com\/pt-pt\/wp-json\/wp\/v2\/product"}],"about":[{"href":"https:\/\/shentek.com\/pt-pt\/wp-json\/wp\/v2\/types\/product"}],"replies":[{"embeddable":true,"href":"https:\/\/shentek.com\/pt-pt\/wp-json\/wp\/v2\/comments?post=20121"}],"wp:featuredmedia":[{"embeddable":true,"href":"https:\/\/shentek.com\/pt-pt\/wp-json\/wp\/v2\/media\/19416"}],"wp:attachment":[{"href":"https:\/\/shentek.com\/pt-pt\/wp-json\/wp\/v2\/media?parent=20121"}],"wp:term":[{"taxonomy":"product_cat","embeddable":true,"href":"https:\/\/shentek.com\/pt-pt\/wp-json\/wp\/v2\/product_cat?post=20121"},{"taxonomy":"product_tag","embeddable":true,"href":"https:\/\/shentek.com\/pt-pt\/wp-json\/wp\/v2\/product_tag?post=20121"}],"curies":[{"name":"wp","href":"https:\/\/api.w.org\/{rel}","templated":true}]}}