{"id":20137,"date":"2018-08-16T09:17:53","date_gmt":"2018-08-16T01:17:53","guid":{"rendered":"http:\/\/www.shentek.com\/product\/1-port-usb-c-usb-a-usb-3-1-gen-2-10g-pci-express-card\/"},"modified":"2019-04-15T11:45:31","modified_gmt":"2019-04-15T03:45:31","slug":"1-port-usb-c-usb-a-usb-3-1-gen-2-10g-pci-express-card","status":"publish","type":"product","link":"https:\/\/shentek.com\/pt-pt\/product\/1-port-usb-c-usb-a-usb-3-1-gen-2-10g-pci-express-card\/","title":{"rendered":"1 porta USB-C Cart\u00e3o USB-A USB 3.1 Gen 2 10G PCI Express"},"content":{"rendered":"","protected":false},"excerpt":{"rendered":"<p><span lang=\"EN-US\" style=\"margin: 0px; font-family: 'Arial','sans-serif'; font-size: 10pt;\"><span style=\"color: #000000;\">Recursos e Benef\u00edcio<\/span><\/span><\/p>\n<p><span lang=\"EN-US\" style=\"margin: 0px; font-family: 'Arial','sans-serif'; font-size: 10pt;\"><span style=\"color: #000000;\">\u00a0\u00a0\u00a0\u00a0\u00a0\u00a0\u00a0 Expande 2 portas para o seu sistema<\/span><\/span><\/p>\n<p><span lang=\"EN-US\" style=\"margin: 0px; font-family: 'Arial','sans-serif'; font-size: 10pt;\"><span style=\"color: #000000;\">\u00a0\u00a0\u00a0\u00a0\u00a0\u00a0\u00a0 Taxa de Transfer\u00eancia de Alta Velocidade at\u00e9 10Gbs<\/span><\/span><\/p>\n<p><span lang=\"EN-US\" style=\"margin: 0px; font-family: 'Arial','sans-serif'; font-size: 10pt;\"><span style=\"color: #000000;\">\u00a0\u00a0\u00a0\u00a0\u00a0\u00a0\u00a0 Projetar para atender \u00e0s exig\u00eancias da PCI Express 2.0 Gen<\/span><\/span><\/p>\n<p><span lang=\"EN-US\" style=\"margin: 0px; font-family: 'Arial','sans-serif'; font-size: 10pt;\"><span style=\"color: #000000;\">\u00a0\u00a0\u00a0\u00a0\u00a0\u00a0\u00a0 Suporta PCI Express x2, x4, x8 e x16<\/span><\/span><\/p>\n<p><span lang=\"EN-US\" style=\"margin: 0px; font-family: 'Arial','sans-serif'; font-size: 10pt;\"><span style=\"color: #000000;\">\u00a0\u00a0\u00a0\u00a0\u00a0\u00a0\u00a0 Compat\u00edvel com as especifica\u00e7\u00f5es xHCI (Interface de controlador de host extens\u00edvel) Revis\u00e3o 1.1<\/span><\/span><\/p>\n<p><span lang=\"EN-US\" style=\"margin: 0px; font-family: 'Arial','sans-serif'; font-size: 10pt;\"><span style=\"color: #000000;\">\u00a0\u00a0\u00a0\u00a0\u00a0\u00a0\u00a0 Suporta opera\u00e7\u00e3o simult\u00e2nea de v\u00e1rios dispositivos USB3.1, USB 3.0, USB 2.0 e USB 1.1<\/span><\/span><\/p>\n<p><span lang=\"EN-US\" style=\"margin: 0px; font-family: 'Arial','sans-serif'; font-size: 10pt;\"><span style=\"color: #000000;\">\u00a0\u00a0\u00a0\u00a0\u00a0\u00a0\u00a0 Suporta taxa de transfer\u00eancia de dados USB de 1,5 \/ 12\/480\/5000\/10000 Mbps<\/span><\/span><\/p>\n<p><span lang=\"EN-US\" style=\"margin: 0px; font-family: 'Arial','sans-serif'; font-size: 10pt;\"><span style=\"color: #000000;\">\u00a0\u00a0\u00a0\u00a0\u00a0\u00a0\u00a0 Expande 2 portas USB3.1 Super-Speed \u200b\u200bplus externas para o seu sistema Desktop<\/span><\/span><\/p>\n<p><span lang=\"EN-US\" style=\"margin: 0px; font-family: 'Arial','sans-serif'; font-size: 10pt;\"><span style=\"color: #000000;\">\u00a0\u00a0\u00a0\u00a0\u00a0\u00a0\u00a0 Cada porta USB de sa\u00edda de energia at\u00e9 5V 3000ma para dispositivo USB<\/span><\/span><\/p>\n<p><span lang=\"EN-US\" style=\"margin: 0px; font-family: 'Arial','sans-serif'; font-size: 10pt;\"><span style=\"color: #000000;\">\u00a0\u00a0\u00a0\u00a0\u00a0\u00a0\u00a0 O recurso Hot Swap permite conectar \/ desconectar dispositivos<\/span><\/span><\/p>\n<p><span lang=\"EN-US\" style=\"margin: 0px; font-family: 'Arial','sans-serif'; font-size: 10pt;\"><span style=\"color: #000000;\">\u00a0\u00a0\u00a0\u00a0\u00a0\u00a0\u00a0 O Microsoft WHQL aprova<\/span><\/span><\/p>\n<p><span lang=\"EN-US\" style=\"margin: 0px; font-family: 'Arial','sans-serif'; font-size: 10pt;\"><span style=\"color: #000000;\">\u00a0\u00a0\u00a0\u00a0\u00a0\u00a0\u00a0 Suporta Driver para Microsoft Windows<\/span><\/span><\/p>\n","protected":false},"featured_media":20154,"comment_status":"open","ping_status":"closed","template":"","meta":[],"product_cat":[2476,2542,2558],"product_tag":[2565,2566,2567,2529,2533,2568,2561,2559],"_links":{"self":[{"href":"https:\/\/shentek.com\/pt-pt\/wp-json\/wp\/v2\/product\/20137"}],"collection":[{"href":"https:\/\/shentek.com\/pt-pt\/wp-json\/wp\/v2\/product"}],"about":[{"href":"https:\/\/shentek.com\/pt-pt\/wp-json\/wp\/v2\/types\/product"}],"replies":[{"embeddable":true,"href":"https:\/\/shentek.com\/pt-pt\/wp-json\/wp\/v2\/comments?post=20137"}],"wp:featuredmedia":[{"embeddable":true,"href":"https:\/\/shentek.com\/pt-pt\/wp-json\/wp\/v2\/media\/20154"}],"wp:attachment":[{"href":"https:\/\/shentek.com\/pt-pt\/wp-json\/wp\/v2\/media?parent=20137"}],"wp:term":[{"taxonomy":"product_cat","embeddable":true,"href":"https:\/\/shentek.com\/pt-pt\/wp-json\/wp\/v2\/product_cat?post=20137"},{"taxonomy":"product_tag","embeddable":true,"href":"https:\/\/shentek.com\/pt-pt\/wp-json\/wp\/v2\/product_tag?post=20137"}],"curies":[{"name":"wp","href":"https:\/\/api.w.org\/{rel}","templated":true}]}}