{"id":20425,"date":"2018-08-14T10:10:28","date_gmt":"2018-08-14T02:10:28","guid":{"rendered":"http:\/\/www.shentek.com\/product\/pcie-esd-2-port-rs232-serial-card-1-port-parallel-card\/"},"modified":"2019-04-15T19:26:04","modified_gmt":"2019-04-15T11:26:04","slug":"cartao-pcie-esd-2-port-rs232-serial-cartao-1-porta-paralelo","status":"publish","type":"product","link":"https:\/\/shentek.com\/pt-pt\/product\/cartao-pcie-esd-2-port-rs232-serial-cartao-1-porta-paralelo\/","title":{"rendered":"Placa PCIe ESD 2 porta RS232 Placa Serial 1 porta Cart\u00e3o Paralelo"},"content":{"rendered":"","protected":false},"excerpt":{"rendered":"<p><strong>Recursos e Benef\u00edcio<\/strong><\/p>\n<p>Expande 2 portas RS232 para sistema<\/p>\n<p>Expande 1 porta paralela para sistema<\/p>\n<p>Comunique-se de forma eficiente com o dispositivo conectado at\u00e9 o suporte de alta velocidade de 921 Kbps<\/p>\n<p>Especifica\u00e7\u00e3o da base PCIe 3.0 \/ 3.1 compat\u00edvel com vers\u00f5es anteriores 1.0a \/ 1.1 \/ 2.0 \/ 2.1<\/p>\n<p>Proteja seu sistema contra danos com a prote\u00e7\u00e3o ESD integrada<\/p>\n<p>Especifica\u00e7\u00e3o industrial do cart\u00e3o de s\u00e9rie do apoio<\/p>\n<p>Paralelo &#8211; Modo de compatibilidade, modo Nibble, modo Byte, modo EPP e modo ECP)<\/p>\n<p>16 bytes: modo EPP \/ ECP<\/p>\n<p>Pino de E \/ S com alimenta\u00e7\u00e3o1 5V \/ 12V \/ DCD ou Pin9 5V \/ 12V \/ RI selecion\u00e1vel<\/p>\n<p>256 Byte FiFo por transmissor e receptor<\/p>\n<p>Faixa de temperatura de opera\u00e7\u00e3o estendida -30 \u00b0 C a 75 \u00b0 C<\/p>\n<p>Dispositivos seriais conectados \u00e0 energia com sa\u00edda de energia flex\u00edvel de pino 1 ou pino 9 por configura\u00e7\u00e3o de jumper<\/p>\n<p>Suporte Microsoft Windows, Linux, drivers<\/p>\n<p>Suporte de perfil padr\u00e3o ou dois suportes de baixo perfil (meia altura)<\/p>\n","protected":false},"featured_media":20435,"comment_status":"open","ping_status":"closed","template":"","meta":[],"product_cat":[2528,2525,2476],"product_tag":[2587,2529,2527,2564,2472],"_links":{"self":[{"href":"https:\/\/shentek.com\/pt-pt\/wp-json\/wp\/v2\/product\/20425"}],"collection":[{"href":"https:\/\/shentek.com\/pt-pt\/wp-json\/wp\/v2\/product"}],"about":[{"href":"https:\/\/shentek.com\/pt-pt\/wp-json\/wp\/v2\/types\/product"}],"replies":[{"embeddable":true,"href":"https:\/\/shentek.com\/pt-pt\/wp-json\/wp\/v2\/comments?post=20425"}],"wp:featuredmedia":[{"embeddable":true,"href":"https:\/\/shentek.com\/pt-pt\/wp-json\/wp\/v2\/media\/20435"}],"wp:attachment":[{"href":"https:\/\/shentek.com\/pt-pt\/wp-json\/wp\/v2\/media?parent=20425"}],"wp:term":[{"taxonomy":"product_cat","embeddable":true,"href":"https:\/\/shentek.com\/pt-pt\/wp-json\/wp\/v2\/product_cat?post=20425"},{"taxonomy":"product_tag","embeddable":true,"href":"https:\/\/shentek.com\/pt-pt\/wp-json\/wp\/v2\/product_tag?post=20425"}],"curies":[{"name":"wp","href":"https:\/\/api.w.org\/{rel}","templated":true}]}}