{"id":20482,"date":"2018-08-14T09:04:55","date_gmt":"2018-08-14T01:04:55","guid":{"rendered":"http:\/\/www.shentek.com\/product\/ti-usb-3-0-pcie-4-port-usb-a-card-tusb7340\/"},"modified":"2019-04-16T13:08:49","modified_gmt":"2019-04-16T05:08:49","slug":"ti-usb-3-0-pcie-4-porta-usb-a-card-tusb7340","status":"publish","type":"product","link":"https:\/\/shentek.com\/pt-pt\/product\/ti-usb-3-0-pcie-4-porta-usb-a-card-tusb7340\/","title":{"rendered":"TI USB 3.0 PCIe 4 portas USB-A Cart\u00e3o TUSB7340"},"content":{"rendered":"","protected":false},"excerpt":{"rendered":"<p><strong>Recursos e Benef\u00edcio<\/strong><\/p>\n<p>Expande 4 portas para o seu sistema<\/p>\n<p>Transfer\u00eancia de alta velocidade at\u00e9 5Gbs<\/p>\n<p>Projetar para atender \u00e0s exig\u00eancias do PCI Express 2.0 Gen 1<\/p>\n<p>Suporta PCI Express x1, x2, x4, x8 e x16<\/p>\n<p>Compat\u00edvel com a Revis\u00e3o de Especifica\u00e7\u00e3o Gen1 do Universal Serial Bus 3.1 Gen1<\/p>\n<p>Compat\u00edvel com as especifica\u00e7\u00f5es xHCI (eXtensible Host Controller Interface) Revis\u00e3o 0.96<\/p>\n<p>Suporta opera\u00e7\u00e3o simult\u00e2nea de v\u00e1rios dispositivos USB 3.0, USB 2.0 e USB 1.1<\/p>\n<p>Suporta taxa de transfer\u00eancia de dados USB de 1,5 \/ 12\/480\/5000 Mbps<\/p>\n<p>Expande 4 portas USB 3.0 Super-Speed \u200b\u200bexternas para o seu sistema Desktop<\/p>\n<p>Cada porta USB de pot\u00eancia de sa\u00edda at\u00e9 5V 900ma para dispositivo USB<\/p>\n<p>O recurso Hot Swap permite conectar \/ desconectar dispositivos<\/p>\n<p>O Microsoft WHQL aprova<\/p>\n<p>Suporta Driver para Microsoft Windows<\/p>\n","protected":false},"featured_media":20492,"comment_status":"open","ping_status":"closed","template":"","meta":[],"product_cat":[2476,2542,2558],"product_tag":[2529,2533,2564,2594,2543,2560],"_links":{"self":[{"href":"https:\/\/shentek.com\/pt-pt\/wp-json\/wp\/v2\/product\/20482"}],"collection":[{"href":"https:\/\/shentek.com\/pt-pt\/wp-json\/wp\/v2\/product"}],"about":[{"href":"https:\/\/shentek.com\/pt-pt\/wp-json\/wp\/v2\/types\/product"}],"replies":[{"embeddable":true,"href":"https:\/\/shentek.com\/pt-pt\/wp-json\/wp\/v2\/comments?post=20482"}],"wp:featuredmedia":[{"embeddable":true,"href":"https:\/\/shentek.com\/pt-pt\/wp-json\/wp\/v2\/media\/20492"}],"wp:attachment":[{"href":"https:\/\/shentek.com\/pt-pt\/wp-json\/wp\/v2\/media?parent=20482"}],"wp:term":[{"taxonomy":"product_cat","embeddable":true,"href":"https:\/\/shentek.com\/pt-pt\/wp-json\/wp\/v2\/product_cat?post=20482"},{"taxonomy":"product_tag","embeddable":true,"href":"https:\/\/shentek.com\/pt-pt\/wp-json\/wp\/v2\/product_tag?post=20482"}],"curies":[{"name":"wp","href":"https:\/\/api.w.org\/{rel}","templated":true}]}}