{"id":20483,"date":"2018-08-08T17:18:50","date_gmt":"2018-08-08T09:18:50","guid":{"rendered":"http:\/\/www.shentek.com\/product\/8-port-serial-rs485-rs422-pci-express-pcie-card\/"},"modified":"2019-04-16T13:13:34","modified_gmt":"2019-04-16T05:13:34","slug":"cartao-8-port-serial-rs485-rs422-pci-express-pcie","status":"publish","type":"product","link":"https:\/\/shentek.com\/pt-pt\/product\/cartao-8-port-serial-rs485-rs422-pci-express-pcie\/","title":{"rendered":"8 portas Serial RS485 RS422 PCI Express PCIe"},"content":{"rendered":"","protected":false},"excerpt":{"rendered":"<p><strong>Recursos e Benef\u00edcio<\/strong><\/p>\n<p>Expande a placa serial RS485 RS422 de 8 portas para o seu sistema<\/p>\n<p>Comunique-se de forma eficiente com o dispositivo conectado at\u00e9 o suporte de alta velocidade de 921 Kbps<\/p>\n<p>Especifica\u00e7\u00e3o da base PCIe 3.0 \/ 3.1 compat\u00edvel com vers\u00f5es anteriores 1.0a \/ 1.1 \/ 2.0 \/ 2.1<\/p>\n<p>Suporta PCI Express x1, x2, x4, x8 e x16<\/p>\n<p>M\u00e1ximo de 10 conectividade de dispositivos para o modo 4 fios RS-485 (RS-422 Multi-Drop)<\/p>\n<p>M\u00e1xima 32 conectividade do dispositivo para o modo de 2 fios RS-485<\/p>\n<p>Faixa de temperatura de opera\u00e7\u00e3o estendida -30 \u00b0 C a 75 \u00b0 C<\/p>\n<p>Proteja seu sistema contra danos com a prote\u00e7\u00e3o ESD integrada<\/p>\n<p>Prote\u00e7\u00e3o contra surtos 600W<\/p>\n<p>Especifica\u00e7\u00e3o industrial do cart\u00e3o de s\u00e9rie do apoio<\/p>\n<p>256 Byte FiFo por transmissor e receptor<\/p>\n<p>Suporta drivers Microsoft Windows, Linux e QNX<\/p>\n<p>Suporte de perfil padr\u00e3o ou dois suportes de baixo perfil (meia altura)<\/p>\n","protected":false},"featured_media":20500,"comment_status":"open","ping_status":"closed","template":"","meta":[],"product_cat":[2528,2525,2476],"product_tag":[2500,2481,2529,2533,2582,2583,2584],"_links":{"self":[{"href":"https:\/\/shentek.com\/pt-pt\/wp-json\/wp\/v2\/product\/20483"}],"collection":[{"href":"https:\/\/shentek.com\/pt-pt\/wp-json\/wp\/v2\/product"}],"about":[{"href":"https:\/\/shentek.com\/pt-pt\/wp-json\/wp\/v2\/types\/product"}],"replies":[{"embeddable":true,"href":"https:\/\/shentek.com\/pt-pt\/wp-json\/wp\/v2\/comments?post=20483"}],"wp:featuredmedia":[{"embeddable":true,"href":"https:\/\/shentek.com\/pt-pt\/wp-json\/wp\/v2\/media\/20500"}],"wp:attachment":[{"href":"https:\/\/shentek.com\/pt-pt\/wp-json\/wp\/v2\/media?parent=20483"}],"wp:term":[{"taxonomy":"product_cat","embeddable":true,"href":"https:\/\/shentek.com\/pt-pt\/wp-json\/wp\/v2\/product_cat?post=20483"},{"taxonomy":"product_tag","embeddable":true,"href":"https:\/\/shentek.com\/pt-pt\/wp-json\/wp\/v2\/product_tag?post=20483"}],"curies":[{"name":"wp","href":"https:\/\/api.w.org\/{rel}","templated":true}]}}