{"id":20537,"date":"2018-08-08T17:14:33","date_gmt":"2018-08-08T09:14:33","guid":{"rendered":"http:\/\/www.shentek.com\/product\/serial-rs485-rs422-4-port-pci-express-pcie-card-isolation\/"},"modified":"2019-04-15T22:54:19","modified_gmt":"2019-04-15T14:54:19","slug":"serial-rs485-rs422-4-port-pci-express-pcie-card-isolamento","status":"publish","type":"product","link":"https:\/\/shentek.com\/pt-pt\/product\/serial-rs485-rs422-4-port-pci-express-pcie-card-isolamento\/","title":{"rendered":"Isolamento da placa PCIe Serial RS485 RS422 de 4 portas PCI Express"},"content":{"rendered":"","protected":false},"excerpt":{"rendered":"<p>Recursos e Benef\u00edcio<\/p>\n<p>Expande 4 com portas para o seu sistema<\/p>\n<p>Taxa de transmiss\u00e3o de alta velocidade at\u00e9 921,6 Kbps<\/p>\n<p>Projetar para atender \u00e0s exig\u00eancias do PCI Express 2.0 Gen 1<\/p>\n<p>Suporta PCI Express x1, x2, x4, x8 e x16<\/p>\n<p>M\u00e1ximo de 10 conectividade de dispositivos para o modo 4 fios RS-485 (RS-422 Multi-Drop)<\/p>\n<p>M\u00e1xima 32 conectividade do dispositivo para o modo de 2 fios RS-485<\/p>\n<p>Prote\u00e7\u00e3o embutida de 15KV ESD<\/p>\n<p>Isola\u00e7\u00e3o \u00f3ptica 1.5KV<\/p>\n<p>Prote\u00e7\u00e3o contra surtos 600W<\/p>\n<p>Suporta Especifica\u00e7\u00e3o Industrial<\/p>\n<p>FIFOs de 256 bytes<\/p>\n<p>Suporta drivers Microsoft Windows, Linux e QNX<\/p>\n","protected":false},"featured_media":20540,"comment_status":"open","ping_status":"closed","template":"","meta":[],"product_cat":[2528,2525,2476],"product_tag":[2500,2537,2529,2533,2473,2474],"_links":{"self":[{"href":"https:\/\/shentek.com\/pt-pt\/wp-json\/wp\/v2\/product\/20537"}],"collection":[{"href":"https:\/\/shentek.com\/pt-pt\/wp-json\/wp\/v2\/product"}],"about":[{"href":"https:\/\/shentek.com\/pt-pt\/wp-json\/wp\/v2\/types\/product"}],"replies":[{"embeddable":true,"href":"https:\/\/shentek.com\/pt-pt\/wp-json\/wp\/v2\/comments?post=20537"}],"wp:featuredmedia":[{"embeddable":true,"href":"https:\/\/shentek.com\/pt-pt\/wp-json\/wp\/v2\/media\/20540"}],"wp:attachment":[{"href":"https:\/\/shentek.com\/pt-pt\/wp-json\/wp\/v2\/media?parent=20537"}],"wp:term":[{"taxonomy":"product_cat","embeddable":true,"href":"https:\/\/shentek.com\/pt-pt\/wp-json\/wp\/v2\/product_cat?post=20537"},{"taxonomy":"product_tag","embeddable":true,"href":"https:\/\/shentek.com\/pt-pt\/wp-json\/wp\/v2\/product_tag?post=20537"}],"curies":[{"name":"wp","href":"https:\/\/api.w.org\/{rel}","templated":true}]}}