{"id":20538,"date":"2018-08-08T16:55:21","date_gmt":"2018-08-08T08:55:21","guid":{"rendered":"http:\/\/www.shentek.com\/product\/industrial-surge-pcie-4-port-rs485-rs422-com-serial-card\/"},"modified":"2019-04-15T23:00:15","modified_gmt":"2019-04-15T15:00:15","slug":"industrial-surge-pcie-4-port-rs485-rs422-com-serial-card","status":"publish","type":"product","link":"https:\/\/shentek.com\/pt-pt\/product\/industrial-surge-pcie-4-port-rs485-rs422-com-serial-card\/","title":{"rendered":"Cart\u00e3o de s\u00e9rie industrial do porto PCIe 4 RS485 RS422 Com do impulso"},"content":{"rendered":"","protected":false},"excerpt":{"rendered":"<p><strong>Recursos e Benef\u00edcio<\/strong><\/p>\n<p>Expandir o Porta de 4 portas RS485 RS422 Com porta serial para o seu sistema<\/p>\n<p>Comunicado de forma eficiente com o dispositivo conectado ao suporte de alta velocidade de 921 Kbps<\/p>\n<p>Especifica\u00e7\u00e3o da base PCIe 3.0 \/ 3.1 anterior com a vers\u00e3o anterior 1.0a \/ 1.1 \/ 2.0 \/ 2.1<\/p>\n<p>Suporta PCIe x1, x2, x4, x8 e x16<\/p>\n<p>M\u00e1ximo de 10 conectividade de dispositivos para o modo 4 fios RS-485 (RS-422 Multi-Drop)<\/p>\n<p>M\u00e1xima 32 conectividade para o modo de dois fios RS-485<\/p>\n<p>Faixa de temperatura estendida -30 \u00b0 C a 75 \u00b0 C<\/p>\n<p>Proteja o seu sistema com uma prote\u00e7\u00e3o contra a ESD integrada<\/p>\n<p>Prote\u00e7\u00e3o contra surtos de 600W<\/p>\n<p>Especifica\u00e7\u00e3o industrial do cart\u00e3o da s\u00e9rie de apoio<\/p>\n<p>256 Byte FiFo por transmissor e receptor<\/p>\n<p>Suporta drivers Microsoft Windows, Linux e QNX<\/p>\n<p>Suporte de perfil ou dois suportes de baixo perfil (meia altura)<\/p>\n","protected":false},"featured_media":20547,"comment_status":"open","ping_status":"closed","template":"","meta":[],"product_cat":[2528,2525,2476],"product_tag":[2595,2500,2529,2473,2474,2591],"_links":{"self":[{"href":"https:\/\/shentek.com\/pt-pt\/wp-json\/wp\/v2\/product\/20538"}],"collection":[{"href":"https:\/\/shentek.com\/pt-pt\/wp-json\/wp\/v2\/product"}],"about":[{"href":"https:\/\/shentek.com\/pt-pt\/wp-json\/wp\/v2\/types\/product"}],"replies":[{"embeddable":true,"href":"https:\/\/shentek.com\/pt-pt\/wp-json\/wp\/v2\/comments?post=20538"}],"wp:featuredmedia":[{"embeddable":true,"href":"https:\/\/shentek.com\/pt-pt\/wp-json\/wp\/v2\/media\/20547"}],"wp:attachment":[{"href":"https:\/\/shentek.com\/pt-pt\/wp-json\/wp\/v2\/media?parent=20538"}],"wp:term":[{"taxonomy":"product_cat","embeddable":true,"href":"https:\/\/shentek.com\/pt-pt\/wp-json\/wp\/v2\/product_cat?post=20538"},{"taxonomy":"product_tag","embeddable":true,"href":"https:\/\/shentek.com\/pt-pt\/wp-json\/wp\/v2\/product_tag?post=20538"}],"curies":[{"name":"wp","href":"https:\/\/api.w.org\/{rel}","templated":true}]}}