{"id":20574,"date":"2018-08-08T14:55:31","date_gmt":"2018-08-08T06:55:31","guid":{"rendered":"http:\/\/www.shentek.com\/product\/industrial-8-port-rs232-serial-pci-express-pcie-card\/"},"modified":"2019-04-15T23:33:36","modified_gmt":"2019-04-15T15:33:36","slug":"industrial-8-port-rs232-serial-pci-express-pcie-card","status":"publish","type":"product","link":"https:\/\/shentek.com\/pt-pt\/product\/industrial-8-port-rs232-serial-pci-express-pcie-card\/","title":{"rendered":"Placa PCIe Serial PCI Express Serial 8 portas RS232"},"content":{"rendered":"","protected":false},"excerpt":{"rendered":"<p><strong>Recursos e Benef\u00edcio<\/strong><\/p>\n<p>Expande 8 portas RS232 para o seu sistema<\/p>\n<p>Comunique-se de forma eficiente com o dispositivo conectado at\u00e9 o suporte de alta velocidade de 921 Kbps<\/p>\n<p>Especifica\u00e7\u00e3o da base PCIe 3.0 \/ 3.1 compat\u00edvel com vers\u00f5es anteriores 1.0a \/ 1.1 \/ 2.0 \/ 2.1<\/p>\n<p>Proteja seu sistema contra danos com a prote\u00e7\u00e3o ESD integrada<\/p>\n<p>Especifica\u00e7\u00e3o industrial do cart\u00e3o de s\u00e9rie do apoio<\/p>\n<p>256 Byte FiFo por transmissor e receptor<\/p>\n<p>Faixa de temperatura de opera\u00e7\u00e3o estendida -30 \u00b0 C a 75 \u00b0 C<\/p>\n<p>Suporta drivers Microsoft Windows, Linux e QNX<\/p>\n<p>Suporte de perfil padr\u00e3o ou dois suportes de baixo perfil (meia altura)<\/p>\n","protected":false},"featured_media":20583,"comment_status":"open","ping_status":"closed","template":"","meta":[],"product_cat":[2528,2525,2476],"product_tag":[2481,2598,2587,2529,2533,2564,2531,2589,2532],"_links":{"self":[{"href":"https:\/\/shentek.com\/pt-pt\/wp-json\/wp\/v2\/product\/20574"}],"collection":[{"href":"https:\/\/shentek.com\/pt-pt\/wp-json\/wp\/v2\/product"}],"about":[{"href":"https:\/\/shentek.com\/pt-pt\/wp-json\/wp\/v2\/types\/product"}],"replies":[{"embeddable":true,"href":"https:\/\/shentek.com\/pt-pt\/wp-json\/wp\/v2\/comments?post=20574"}],"wp:featuredmedia":[{"embeddable":true,"href":"https:\/\/shentek.com\/pt-pt\/wp-json\/wp\/v2\/media\/20583"}],"wp:attachment":[{"href":"https:\/\/shentek.com\/pt-pt\/wp-json\/wp\/v2\/media?parent=20574"}],"wp:term":[{"taxonomy":"product_cat","embeddable":true,"href":"https:\/\/shentek.com\/pt-pt\/wp-json\/wp\/v2\/product_cat?post=20574"},{"taxonomy":"product_tag","embeddable":true,"href":"https:\/\/shentek.com\/pt-pt\/wp-json\/wp\/v2\/product_tag?post=20574"}],"curies":[{"name":"wp","href":"https:\/\/api.w.org\/{rel}","templated":true}]}}