{"id":11407,"date":"2018-06-19T21:40:11","date_gmt":"2018-06-19T21:40:11","guid":{"rendered":"http:\/\/www.shentek.com\/where-to-buy\/"},"modified":"2019-01-08T14:56:13","modified_gmt":"2019-01-08T06:56:13","slug":"nereden-alinir","status":"publish","type":"page","link":"https:\/\/shentek.com\/tr\/nereden-alinir\/","title":{"rendered":"Nereden Al\u0131n\u0131r"},"content":{"rendered":"<p>[vc_row][vc_column][vc_empty_space height=&#8221;100px&#8221;][\/vc_column][\/vc_row][vc_row][vc_column width=&#8221;1\/3&#8243;][vc_icon icon_fontawesome=&#8221;fa fa-shopping-cart&#8221; color=&#8221;custom&#8221; size=&#8221;xl&#8221; align=&#8221;center&#8221; css_animation=&#8221;slideInDown&#8221; custom_color=&#8221;#8ec31f&#8221;][\/vc_column][vc_column width=&#8221;2\/3&#8243;][vc_column_text]<\/p>\n<h5>Ba\u015fl\u0131k ile ba\u015flayal\u0131m. VA, bu bak\u0131m evi derecelendirmelerini 12 Haziran&#8217;da halka a\u00e7\u0131k bir \u015fekilde yay\u0131nlad\u0131. Onlar\u0131 \u201cgizli\u201d olarak adland\u0131rmak yanl\u0131\u015ft\u0131r ve sorumsuzdur. Bu y\u00fczden, bu yaz\u0131n\u0131n, tesislerimizin ger\u00e7ekte \u00f6zel sekt\u00f6rle ger\u00e7ekte nas\u0131l kar\u015f\u0131la\u015ft\u0131r\u0131ld\u0131\u011f\u0131na dair yan\u0131lt\u0131c\u0131 bir tabloyu boyamak i\u00e7in, tek s\u0131ra, kiraz toplama alt metrik &#8211; genel s\u0131ralamalar yerine &#8211; odaklan\u0131l\u0131yor.<\/h5>\n<p>[\/vc_column_text][vc_empty_space height=&#8221;30px&#8221;][vc_btn title=&#8221;\u00c7evrim i\u00e7i sat\u0131n al&#8221; style=&#8221;flat&#8221; color=&#8221;green&#8221; size=&#8221;sm&#8221; align=&#8221;left&#8221; css_animation=&#8221;slideInDown&#8221; link=&#8221;url:%2Fproducts-and-solutions%2F|||&#8221;][vc_empty_space height=&#8221;60px&#8221;][\/vc_column][\/vc_row][vc_row][vc_column width=&#8221;1\/3&#8243;][vc_icon icon_fontawesome=&#8221;fa fa-envelope-open&#8221; color=&#8221;custom&#8221; size=&#8221;xl&#8221; align=&#8221;center&#8221; css_animation=&#8221;slideInDown&#8221; custom_color=&#8221;#8ec31f&#8221;][\/vc_column][vc_column width=&#8221;2\/3&#8243;][vc_column_text]<\/p>\n<h5>Ba\u015fl\u0131k ile ba\u015flayal\u0131m. VA, bu bak\u0131m evi derecelendirmelerini 12 Haziran&#8217;da halka a\u00e7\u0131k bir \u015fekilde yay\u0131nlad\u0131. Onlar\u0131 \u201cgizli\u201d olarak adland\u0131rmak yanl\u0131\u015ft\u0131r ve sorumsuzdur. Bu y\u00fczden, bu yaz\u0131n\u0131n, tesislerimizin ger\u00e7ekte \u00f6zel sekt\u00f6rle ger\u00e7ekte nas\u0131l kar\u015f\u0131la\u015ft\u0131r\u0131ld\u0131\u011f\u0131na dair yan\u0131lt\u0131c\u0131 bir tabloyu boyamak i\u00e7in, tek s\u0131ra, kiraz toplama alt metrik &#8211; genel s\u0131ralamalar yerine &#8211; odaklan\u0131l\u0131yor.<\/h5>\n<p>[\/vc_column_text][vc_empty_space height=&#8221;60px&#8221;][vc_btn title=&#8221;Bizimle ileti\u015fime ge\u00e7in&#8221; style=&#8221;flat&#8221; color=&#8221;green&#8221; size=&#8221;sm&#8221; align=&#8221;left&#8221; css_animation=&#8221;slideInDown&#8221; link=&#8221;url:%2Fcontact-us%2F|||&#8221;][vc_empty_space height=&#8221;60px&#8221;][\/vc_column][\/vc_row][vc_row][vc_column][vc_empty_space height=&#8221;60px&#8221;][\/vc_column][\/vc_row]<\/p>\n","protected":false},"excerpt":{"rendered":"<p>[vc_row][vc_column][vc_empty_space height=&#8221;100px&#8221;][\/vc_column][\/vc_row][vc_row][vc_column width=&#8221;1\/3&#8243;][vc_icon icon_fontawesome=&#8221;fa fa-shopping-cart&#8221; color=&#8221;custom&#8221; size=&#8221;xl&#8221; align=&#8221;center&#8221; css_animation=&#8221;slideInDown&#8221; custom_color=&#8221;#8ec31f&#8221;][\/vc_column][vc_column width=&#8221;2\/3&#8243;][vc_column_text] Ba\u015fl\u0131k ile ba\u015flayal\u0131m. VA, bu bak\u0131m evi derecelendirmelerini 12 Haziran&#8217;da halka a\u00e7\u0131k bir \u015fekilde yay\u0131nlad\u0131. Onlar\u0131 \u201cgizli\u201d olarak adland\u0131rmak yanl\u0131\u015ft\u0131r ve sorumsuzdur. Bu y\u00fczden, bu yaz\u0131n\u0131n, tesislerimizin ger\u00e7ekte \u00f6zel sekt\u00f6rle ger\u00e7ekte nas\u0131l kar\u015f\u0131la\u015ft\u0131r\u0131ld\u0131\u011f\u0131na dair yan\u0131lt\u0131c\u0131 bir tabloyu boyamak i\u00e7in, tek s\u0131ra, kiraz toplama alt [&hellip;]<\/p>\n","protected":false},"author":12,"featured_media":0,"parent":0,"menu_order":0,"comment_status":"closed","ping_status":"closed","template":"","meta":{"footnotes":""},"yst_prominent_words":[],"_links":{"self":[{"href":"https:\/\/shentek.com\/tr\/wp-json\/wp\/v2\/pages\/11407"}],"collection":[{"href":"https:\/\/shentek.com\/tr\/wp-json\/wp\/v2\/pages"}],"about":[{"href":"https:\/\/shentek.com\/tr\/wp-json\/wp\/v2\/types\/page"}],"author":[{"embeddable":true,"href":"https:\/\/shentek.com\/tr\/wp-json\/wp\/v2\/users\/12"}],"replies":[{"embeddable":true,"href":"https:\/\/shentek.com\/tr\/wp-json\/wp\/v2\/comments?post=11407"}],"version-history":[{"count":0,"href":"https:\/\/shentek.com\/tr\/wp-json\/wp\/v2\/pages\/11407\/revisions"}],"wp:attachment":[{"href":"https:\/\/shentek.com\/tr\/wp-json\/wp\/v2\/media?parent=11407"}],"wp:term":[{"taxonomy":"yst_prominent_words","embeddable":true,"href":"https:\/\/shentek.com\/tr\/wp-json\/wp\/v2\/yst_prominent_words?post=11407"}],"curies":[{"name":"wp","href":"https:\/\/api.w.org\/{rel}","templated":true}]}}