{"id":11468,"date":"2017-09-27T17:11:00","date_gmt":"2017-09-27T17:11:00","guid":{"rendered":"http:\/\/www.shentek.com\/faq\/"},"modified":"2019-01-08T17:18:10","modified_gmt":"2019-01-08T09:18:10","slug":"faq","status":"publish","type":"page","link":"https:\/\/shentek.com\/tr\/faq\/","title":{"rendered":"FAQ"},"content":{"rendered":"<p>[vc_row css=&#8221;.vc_custom_1446889335013{margin-top: 50px !important;margin-bottom: 50px !important;}&#8221;][vc_column][vc_column_text]<\/p>\n<h3 style=\"text-align: center;\">SIK SORULAN SORULAR<\/h3>\n<p>[\/vc_column_text][\/vc_column][\/vc_row][vc_row][vc_column][vc_tta_accordion][vc_tta_section hr=&#8221;1&#8243; title=&#8221;Bir sorum varsa kiminle ba\u011flant\u0131 kurmal\u0131y\u0131m?&#8221; tab_id=&#8221;1486873649008-58c11127-9cd9&#8243;][vc_column_text]<strong>Lorem Ipsum\u00a0<\/strong>sadece bask\u0131 ve dizgi end\u00fcstrisinin sahte metnidir. Lorem Ipsum, 1500&#8217;lerden bu yana bilinmeyen bir yaz\u0131c\u0131n\u0131n yaz\u0131 tipi bir mutfak kulland\u0131\u011f\u0131 ve bir t\u00fcr numune kitab\u0131 haz\u0131rlamak i\u00e7in \u015fifreledi\u011fi 1500&#8217;lerden beri end\u00fcstrinin standart kukla metnidir. Sadece be\u015f y\u00fczy\u0131lda kalmad\u0131, ayn\u0131 zamanda elektronik dizilimde s\u0131\u00e7rama, temelde de\u011fi\u015fmeden kald\u0131. 1960&#8217;larda Lorem Ipsum pasajlar\u0131n\u0131 i\u00e7eren Letraset levhalar\u0131n piyasaya s\u00fcr\u00fclmesiyle ve daha yak\u0131n bir zamanda Lorem Ipsum versiyonlar\u0131n\u0131 i\u00e7eren Aldus PageMaker gibi masa\u00fcst\u00fc yay\u0131nc\u0131l\u0131k yaz\u0131l\u0131m\u0131yla pop\u00fcler hale geldi.[\/vc_column_text][\/vc_tta_section][vc_tta_section hr=&#8221;1&#8243; title=&#8221;Sipari\u015fimi nas\u0131l iptal edebilir veya de\u011fi\u015ftirebilirim?&#8221; tab_id=&#8221;1486873649043-afd7f89f-f686&#8243;][vc_column_text]Bir okuyucunun, d\u00fczenine bakarken bir sayfan\u0131n okunabilir i\u00e7eri\u011fi ile dikkatini da\u011f\u0131td\u0131\u011f\u0131 uzun zamand\u0131r bilinen bir ger\u00e7ektir. Lorem Ipsum&#8217;u kullanman\u0131n anlam\u0131, &#8216;Burada i\u00e7erik, burada i\u00e7erik&#8217; ifadesinin kullan\u0131lmas\u0131n\u0131n aksine, okunabilir \u0130ngilizce gibi g\u00f6r\u00fcnmesi yerine, az \u00e7ok normal bir mektup da\u011f\u0131l\u0131m\u0131na sahip olmas\u0131d\u0131r. Pek \u00e7ok masa\u00fcst\u00fc yay\u0131nc\u0131l\u0131k paketi ve web sayfas\u0131 edit\u00f6r\u00fc, varsay\u0131lan model metni olarak Lorem Ipsum&#8217;u kullan\u0131yor ve &#8216;lorem ipsum&#8217; aramas\u0131, hala ba\u015flang\u0131\u00e7ta bir\u00e7ok web sitesini ortaya \u00e7\u0131karacak. Y\u0131llar boyunca, bazen kazayla, bazen bilerek (enjekte edilen mizah ve benzeri) \u00e7e\u015fitli versiyonlar geli\u015fti.[\/vc_column_text][\/vc_tta_section][vc_tta_section hr=&#8221;1&#8243; title=&#8221;Bir \u00fcr\u00fcn\u00fc nas\u0131l iade edebilirim?&#8221; tab_id=&#8221;1486873691619-526c7b3b-954a&#8221;][vc_column_text]<strong>Lorem Ipsum<\/strong>sadece bask\u0131 ve dizgi end\u00fcstrisinin sahte metnidir. Lorem Ipsum, 1500&#8217;lerden bu yana bilinmeyen bir yaz\u0131c\u0131n\u0131n yaz\u0131 tipi bir mutfak kulland\u0131\u011f\u0131 ve bir t\u00fcr numune kitab\u0131 haz\u0131rlamak i\u00e7in \u015fifreledi\u011fi 1500&#8217;lerden beri end\u00fcstrinin standart kukla metnidir. Sadece be\u015f y\u00fczy\u0131lda kalmad\u0131, ayn\u0131 zamanda elektronik dizilimde s\u0131\u00e7rama, temelde de\u011fi\u015fmeden kald\u0131. 1960&#8217;larda Lorem Ipsum pasajlar\u0131n\u0131 i\u00e7eren Letraset levhalar\u0131n piyasaya s\u00fcr\u00fclmesiyle ve daha yak\u0131n bir zamanda Lorem Ipsum versiyonlar\u0131n\u0131 i\u00e7eren Aldus PageMaker gibi masa\u00fcst\u00fc yay\u0131nc\u0131l\u0131k yaz\u0131l\u0131m\u0131yla pop\u00fcler hale geldi.[\/vc_column_text][\/vc_tta_section][vc_tta_section hr=&#8221;1&#8243; title=&#8221;Paketimi almak ne kadar s\u00fcrer?&#8221; tab_id=&#8221;1486873706220-37abd3f9-4a9c&#8221;][vc_column_text]Bir okuyucunun, d\u00fczenine bakarken bir sayfan\u0131n okunabilir i\u00e7eri\u011fi ile dikkatini da\u011f\u0131td\u0131\u011f\u0131 uzun zamand\u0131r bilinen bir ger\u00e7ektir. Lorem Ipsum&#8217;u kullanman\u0131n anlam\u0131, &#8216;Burada i\u00e7erik, burada i\u00e7erik&#8217; ifadesinin kullan\u0131lmas\u0131n\u0131n aksine, okunabilir \u0130ngilizce gibi g\u00f6r\u00fcnmesi yerine, az \u00e7ok normal bir mektup da\u011f\u0131l\u0131m\u0131na sahip olmas\u0131d\u0131r. Pek \u00e7ok masa\u00fcst\u00fc yay\u0131nc\u0131l\u0131k paketi ve web sayfas\u0131 edit\u00f6r\u00fc, varsay\u0131lan model metni olarak Lorem Ipsum&#8217;u kullan\u0131yor ve &#8216;lorem ipsum&#8217; aramas\u0131, hala ba\u015flang\u0131\u00e7ta bir\u00e7ok web sitesini ortaya \u00e7\u0131karacak. Y\u0131llar boyunca, bazen kazayla, bazen bilerek (enjekte edilen mizah ve benzeri) \u00e7e\u015fitli versiyonlar geli\u015fti.[\/vc_column_text][\/vc_tta_section][vc_tta_section hr=&#8221;1&#8243; title=&#8221;Hangi nakliye y\u00f6ntemleri mevcuttur?&#8221; tab_id=&#8221;1486873732494-2187e3ea-6311&#8243;][vc_column_text]<strong>Lorem Ipsum\u00a0<\/strong>sadece bask\u0131 ve dizgi end\u00fcstrisinin sahte metnidir. Lorem Ipsum, 1500&#8217;lerden bu yana bilinmeyen bir yaz\u0131c\u0131n\u0131n yaz\u0131 tipi bir mutfak kulland\u0131\u011f\u0131 ve bir t\u00fcr numune kitab\u0131 haz\u0131rlamak i\u00e7in \u015fifreledi\u011fi 1500&#8217;lerden beri end\u00fcstrinin standart kukla metnidir. Sadece be\u015f y\u00fczy\u0131lda kalmad\u0131, ayn\u0131 zamanda elektronik dizilimde s\u0131\u00e7rama, temelde de\u011fi\u015fmeden kald\u0131. 1960&#8217;larda Lorem Ipsum pasajlar\u0131n\u0131 i\u00e7eren Letraset levhalar\u0131n piyasaya s\u00fcr\u00fclmesiyle ve daha yak\u0131n bir zamanda Lorem Ipsum versiyonlar\u0131n\u0131 i\u00e7eren Aldus PageMaker gibi masa\u00fcst\u00fc yay\u0131nc\u0131l\u0131k yaz\u0131l\u0131m\u0131yla pop\u00fcler hale geldi.[\/vc_column_text][\/vc_tta_section][vc_tta_section hr=&#8221;1&#8243; title=&#8221;Herhangi bir garanti veriyor musunuz?&#8221; tab_id=&#8221;1486873759565-8593e345-1dc8&#8243;][vc_column_text]Bir okuyucunun, d\u00fczenine bakarken bir sayfan\u0131n okunabilir i\u00e7eri\u011fi ile dikkatini da\u011f\u0131td\u0131\u011f\u0131 uzun zamand\u0131r bilinen bir ger\u00e7ektir. Lorem Ipsum&#8217;u kullanman\u0131n anlam\u0131, &#8216;Burada i\u00e7erik, burada i\u00e7erik&#8217; ifadesinin kullan\u0131lmas\u0131n\u0131n aksine, okunabilir \u0130ngilizce gibi g\u00f6r\u00fcnmesi yerine, az \u00e7ok normal bir mektup da\u011f\u0131l\u0131m\u0131na sahip olmas\u0131d\u0131r. Pek \u00e7ok masa\u00fcst\u00fc yay\u0131nc\u0131l\u0131k paketi ve web sayfas\u0131 edit\u00f6r\u00fc, varsay\u0131lan model metni olarak Lorem Ipsum&#8217;u kullan\u0131yor ve &#8216;lorem ipsum&#8217; aramas\u0131, hala ba\u015flang\u0131\u00e7ta bir\u00e7ok web sitesini ortaya \u00e7\u0131karacak. Y\u0131llar boyunca, bazen kazayla, bazen bilerek (enjekte edilen mizah ve benzeri) \u00e7e\u015fitli versiyonlar geli\u015fti.[\/vc_column_text][\/vc_tta_section][vc_tta_section hr=&#8221;1&#8243; title=&#8221;Sipari\u015fimi nas\u0131l iptal edebilir veya de\u011fi\u015ftirebilirim?&#8221; tab_id=&#8221;1486873784595-6cddc0fa-36e2&#8243;][vc_column_text]<strong>Lorem Ipsum<\/strong> sadece bask\u0131 ve dizgi end\u00fcstrisinin sahte metnidir. Lorem Ipsum, 1500&#8217;lerden bu yana bilinmeyen bir yaz\u0131c\u0131n\u0131n yaz\u0131 tipi bir mutfak kulland\u0131\u011f\u0131 ve bir t\u00fcr numune kitab\u0131 haz\u0131rlamak i\u00e7in \u015fifreledi\u011fi 1500&#8217;lerden beri end\u00fcstrinin standart kukla metnidir. Sadece be\u015f y\u00fczy\u0131lda kalmad\u0131, ayn\u0131 zamanda elektronik dizilimde s\u0131\u00e7rama, temelde de\u011fi\u015fmeden kald\u0131. 1960&#8217;larda Lorem Ipsum pasajlar\u0131n\u0131 i\u00e7eren Letraset levhalar\u0131n piyasaya s\u00fcr\u00fclmesiyle ve daha yak\u0131n bir zamanda Lorem Ipsum versiyonlar\u0131n\u0131 i\u00e7eren Aldus PageMaker gibi masa\u00fcst\u00fc yay\u0131nc\u0131l\u0131k yaz\u0131l\u0131m\u0131yla pop\u00fcler hale geldi.[\/vc_column_text][\/vc_tta_section][\/vc_tta_accordion][\/vc_column][\/vc_row][vc_row][vc_column][vc_empty_space][vc_column_text css=&#8221;.vc_custom_1546939048503{padding-bottom: 10px !important;}&#8221;]<\/p>\n<h3 style=\"text-align: center; weight: 500;\">Hala sorular\u0131n\u0131z m\u0131 var?<\/h3>\n<p>[\/vc_column_text][vc_btn title=&#8221;Bizimle ileti\u015fime ge\u00e7in&#8221; color=&#8221;green&#8221; align=&#8221;center&#8221; link=&#8221;url:http%3A%2F%2Fproject.i-connect.com.tw%2Fshentek%2Fcontact-us%2F|||&#8221; css=&#8221;.vc_custom_1546939065553{margin-top: 10px !important;margin-right: 10px !important;margin-bottom: 10px !important;margin-left: 10px !important;}&#8221;][\/vc_column][\/vc_row]<\/p>\n","protected":false},"excerpt":{"rendered":"<p>[vc_row css=&#8221;.vc_custom_1446889335013{margin-top: 50px !important;margin-bottom: 50px !important;}&#8221;][vc_column][vc_column_text] SIK SORULAN SORULAR [\/vc_column_text][\/vc_column][\/vc_row][vc_row][vc_column][vc_tta_accordion][vc_tta_section hr=&#8221;1&#8243; title=&#8221;Bir sorum varsa kiminle ba\u011flant\u0131 kurmal\u0131y\u0131m?&#8221; tab_id=&#8221;1486873649008-58c11127-9cd9&#8243;][vc_column_text]Lorem Ipsum\u00a0sadece bask\u0131 ve dizgi end\u00fcstrisinin sahte metnidir. Lorem Ipsum, 1500&#8217;lerden bu yana bilinmeyen bir yaz\u0131c\u0131n\u0131n yaz\u0131 tipi bir mutfak kulland\u0131\u011f\u0131 ve bir t\u00fcr numune kitab\u0131 haz\u0131rlamak i\u00e7in \u015fifreledi\u011fi 1500&#8217;lerden beri end\u00fcstrinin standart kukla metnidir. Sadece be\u015f y\u00fczy\u0131lda [&hellip;]<\/p>\n","protected":false},"author":10,"featured_media":0,"parent":0,"menu_order":0,"comment_status":"closed","ping_status":"closed","template":"page-visual-composer.php","meta":{"footnotes":""},"yst_prominent_words":[],"_links":{"self":[{"href":"https:\/\/shentek.com\/tr\/wp-json\/wp\/v2\/pages\/11468"}],"collection":[{"href":"https:\/\/shentek.com\/tr\/wp-json\/wp\/v2\/pages"}],"about":[{"href":"https:\/\/shentek.com\/tr\/wp-json\/wp\/v2\/types\/page"}],"author":[{"embeddable":true,"href":"https:\/\/shentek.com\/tr\/wp-json\/wp\/v2\/users\/10"}],"replies":[{"embeddable":true,"href":"https:\/\/shentek.com\/tr\/wp-json\/wp\/v2\/comments?post=11468"}],"version-history":[{"count":0,"href":"https:\/\/shentek.com\/tr\/wp-json\/wp\/v2\/pages\/11468\/revisions"}],"wp:attachment":[{"href":"https:\/\/shentek.com\/tr\/wp-json\/wp\/v2\/media?parent=11468"}],"wp:term":[{"taxonomy":"yst_prominent_words","embeddable":true,"href":"https:\/\/shentek.com\/tr\/wp-json\/wp\/v2\/yst_prominent_words?post=11468"}],"curies":[{"name":"wp","href":"https:\/\/api.w.org\/{rel}","templated":true}]}}