{"id":11474,"date":"2017-09-27T17:47:08","date_gmt":"2017-09-27T17:47:08","guid":{"rendered":"http:\/\/www.shentek.com\/aboutus-shentek\/"},"modified":"2019-01-08T17:34:16","modified_gmt":"2019-01-08T09:34:16","slug":"aboutus-shentek","status":"publish","type":"page","link":"https:\/\/shentek.com\/tr\/aboutus-shentek\/","title":{"rendered":"Hakk\u0131m\u0131zda"},"content":{"rendered":"<p>[vc_row css_animation=&#8221;slideInDown&#8221; css=&#8221;.vc_custom_1529420940000{padding-top: 50px !important;padding-bottom: 50px !important;}&#8221;][vc_column width=&#8221;1\/2&#8243;][vc_single_image image=&#8221;651&#8243; img_size=&#8221;full&#8221;][\/vc_column][vc_column css_animation=&#8221;slideInDown&#8221; width=&#8221;1\/2&#8243; nasa_effect=&#8221;fadeIn&#8221; css=&#8221;.vc_custom_1529421071948{padding-top: 50px !important;padding-bottom: 50px !important;}&#8221;][vc_column_text css=&#8221;.vc_custom_1546939765045{padding-top: 30px !important;padding-bottom: 50px !important;}&#8221;]<\/p>\n<h3 style=\"text-align: left;\">Shentek Technology CO., LTD Taipei Tayvan&#8217;da bulunan bir \u00fcretici ve tasar\u0131m \u015firketidir.<\/p>\n<p>Ortaklar\u0131m\u0131z i\u00e7in ODM tasar\u0131m ve \u201cShentek\u201d marka yap\u0131yoruz.<\/h3>\n<p>[\/vc_column_text][\/vc_column][\/vc_row][vc_row css=&#8221;.vc_custom_1529556957597{margin-bottom: 50px !important;}&#8221;][vc_column css=&#8221;.vc_custom_1529557000065{padding-right: 120px !important;padding-left: 120px !important;}&#8221;][vc_empty_space][vc_single_image image=&#8221;574&#8243; img_size=&#8221;large&#8221; alignment=&#8221;center&#8221; css_animation=&#8221;none&#8221;][vc_column_text]<\/p>\n<h4 class=\"av-special-heading-tag\" style=\"text-align: center; color: #8ec31f;\">BT PER\u0130PERALLER\u0130NDE M\u00dcKEMMEL BA\u011eLAN<\/h4>\n<p>[\/vc_column_text][vc_empty_space height=&#8221;80px&#8221;][vc_btn title=&#8221;Bizim \u00fcr\u00fcn\u00fcm\u00fcz&#8221; color=&#8221;green&#8221; size=&#8221;lg&#8221; align=&#8221;center&#8221; link=&#8221;url:%2Fshop%2F|||&#8221;][vc_empty_space][\/vc_column][\/vc_row][vc_row][vc_column][vc_empty_space height=&#8221;120px&#8221;][\/vc_column][\/vc_row][vc_row css=&#8221;.vc_custom_1529423030310{margin-bottom: 50px !important;background-color: #ffffff !important;}&#8221;][vc_column css_animation=&#8221;fadeInDown&#8221; width=&#8221;1\/3&#8243; nasa_effect=&#8221;fadeInDown&#8221;][vc_row_inner][vc_column_inner css=&#8221;.vc_custom_1529556623802{margin-top: 0px !important;margin-right: 80px !important;margin-bottom: 20px !important;margin-left: 80px !important;padding-top: 40px !important;padding-right: 20px !important;padding-bottom: 20px !important;padding-left: 20px !important;background-color: #d2ea79 !important;border-radius: 15px !important;}&#8221;][vc_column_text css_animation=&#8221;fadeIn&#8221; css=&#8221;.vc_custom_1529555342664{padding-bottom: 10px !important;}&#8221;]<\/p>\n<h3 style=\"color: white; text-align: center;\"><strong>VISION<\/strong><\/h3>\n<p>[\/vc_column_text][vc_icon icon_fontawesome=&#8221;fa fa-rocket&#8221; color=&#8221;white&#8221; size=&#8221;xl&#8221; align=&#8221;center&#8221; css_animation=&#8221;fadeIn&#8221; css=&#8221;.vc_custom_1529555354995{padding-top: 10px !important;padding-right: 10px !important;padding-bottom: 10px !important;padding-left: 10px !important;}&#8221;][\/vc_column_inner][\/vc_row_inner][\/vc_column][vc_column css_animation=&#8221;fadeInDown&#8221; width=&#8221;2\/3&#8243; nasa_effect=&#8221;fadeInDown&#8221;][vc_column_text css_animation=&#8221;fadeIn&#8221;]<\/p>\n<h5><strong><span class=\"s1\"><span class=\"s2\">\u2022\u00a0<\/span>D\u00fcnya standartlar\u0131nda BT \u00e7evre lideri olmak<\/span><\/strong><\/h5>\n<h5><span class=\"s2\">BT \u00e7evre birimlerinin lideri olmak i\u00e7in SHENTEK, m\u00fc\u015fterilerimize y\u00fcksek kaliteli \u00fcr\u00fcn ve h\u0131zl\u0131 hizmet sunmaya y\u00f6neliktir. Bunu ba\u015farmak i\u00e7in eksiksiz bir \u00e7\u00f6z\u00fcm sunar ve a\u015fa\u011f\u0131daki beyanlar\u0131 m\u00fc\u015fterilerimize, \u00e7al\u0131\u015fanlar\u0131m\u0131za ve ortaklar\u0131m\u0131za taahh\u00fct ederiz.<\/span><\/h5>\n<h5><strong><span class=\"s2\">\u2022 M\u00fc\u015fterilere<\/span><\/strong><\/h5>\n<h5><span class=\"s2\">Nihai hedef olarak y\u00fcksek m\u00fc\u015fteri memnuniyeti ve y\u00fcksek sadakat elde etmek i\u00e7in SHENTEK, sat\u0131\u015f \u00f6ncesi, sat\u0131\u015f s\u0131ras\u0131nda ve hatta 2009&#8217;dan sonraki sat\u0131\u015f d\u00f6neminde \u015fartname veya kullan\u0131mda h\u0131zl\u0131 bir m\u00fc\u015fteri hizmeti ve teknik destek sunmaktad\u0131r. M\u00fc\u015fteriler i\u00e7in en iyi g\u00fcvence olan y\u00fcksek uyumluluklu \u00fcr\u00fcn\u00fc ve h\u0131zl\u0131 cevaplar\u0131 al\u0131n.<\/span><\/h5>\n<h5><strong><span class=\"s2\">\u2022 \u00c7al\u0131\u015fanlara<\/span><\/strong><\/h5>\n<h5><span class=\"s2\"><span class=\"Apple-converted-space\">\u00a0\u00a0<\/span>SHENTEK, t\u00fcm \u00e7al\u0131\u015fanlar\u0131n BT \u00e7evre alan\u0131nda gittik\u00e7e daha fazla profesyonel olmalar\u0131n\u0131 ve potansiyellerini tam olarak ger\u00e7ekle\u015ftirebilecekleri en iyi m\u00fc\u015fteri hizmetini almalar\u0131n\u0131 sa\u011flamak i\u00e7in iyi tasarlanm\u0131\u015f e\u011fitim kurslar\u0131 sunacak. Ek olarak, SHENTEK ayr\u0131ca \u00e7al\u0131\u015fanlar\u0131n \u015firket ile birlikte b\u00fcy\u00fcmelerini ve refah\u0131 payla\u015fmalar\u0131n\u0131 sa\u011flayacakt\u0131r.<\/span><\/h5>\n<h5><strong><span class=\"s2\">\u2022 Ortaklara<\/span><\/strong><\/h5>\n<h5><span class=\"s2\">Beraberlik ve ortak refah inanc\u0131na dayanan SHENTEK, birlikte \u00e7al\u0131\u015fabilecek, birlikte b\u00fcy\u00fcyecek ve BT \u00e7evre pazar\u0131nda birlikte d\u00fcnya standartlar\u0131nda lider olan uzun vadeli bir ortak kurma aray\u0131\u015f\u0131nda olmu\u015ftur.<\/span><\/h5>\n<p>[\/vc_column_text][vc_empty_space height=&#8221;40px&#8221;][\/vc_column][\/vc_row][vc_row css=&#8221;.vc_custom_1529423030310{margin-bottom: 50px !important;background-color: #ffffff !important;}&#8221;][vc_column css_animation=&#8221;fadeInDown&#8221; width=&#8221;1\/3&#8243; nasa_effect=&#8221;fadeInDown&#8221;][vc_row_inner][vc_column_inner css=&#8221;.vc_custom_1529556659477{margin-top: 0px !important;margin-right: 80px !important;margin-bottom: 20px !important;margin-left: 80px !important;padding-top: 40px !important;padding-right: 20px !important;padding-bottom: 20px !important;padding-left: 20px !important;background-color: #f4df7f !important;border-radius: 15px !important;}&#8221;][vc_column_text css_animation=&#8221;fadeIn&#8221; css=&#8221;.vc_custom_1529556579416{padding-bottom: 10px !important;}&#8221;]<\/p>\n<h3 style=\"color: white; text-align: center;\"><strong><span style=\"color: #ffffff;\">COMPETENCE<\/span><\/strong><\/h3>\n<p>[\/vc_column_text][vc_icon icon_fontawesome=&#8221;fa fa-globe&#8221; color=&#8221;white&#8221; size=&#8221;xl&#8221; align=&#8221;center&#8221; css_animation=&#8221;fadeIn&#8221; css=&#8221;.vc_custom_1529556491471{padding-top: 10px !important;padding-right: 10px !important;padding-bottom: 10px !important;padding-left: 10px !important;}&#8221;][\/vc_column_inner][\/vc_row_inner][\/vc_column][vc_column css_animation=&#8221;fadeInDown&#8221; width=&#8221;2\/3&#8243; nasa_effect=&#8221;fadeInDown&#8221;][vc_column_text css_animation=&#8221;fadeIn&#8221;]<\/p>\n<h5><strong><span class=\"s1\"> \u00a0 1. K\u00fcresel D\u00fc\u015f\u00fcn, Yerel Olarak Hareket Et<\/span><\/strong><\/h5>\n<h5><span class=\"s1\">SHENTEK\u2019in m\u00fc\u015fterileri d\u00fcnya \u00e7ap\u0131nda da\u011f\u0131t\u0131lm\u0131\u015ft\u0131r ve SHENTEK&#8217;in global bir \u00e7\u00f6z\u00fcm sunmas\u0131 gerekmektedir. Ancak, \u00e7\u00f6z\u00fcm\u00fcn de uygun maliyetli olmas\u0131 gerekir. Bu nedenle, SHENTEK, gereksinimleri kar\u015f\u0131lamak i\u00e7in Tayvan&#8217;da y\u00fcksek kalitede tasarlamaya ve \u00fcretmeye karar verir. SHENTEK\u2019in profesyonel tasar\u0131m ekibi \u00f6zellikle USB, Seri ATA, RS232 \/ 422\/485 ve LAN gibi ba\u011flant\u0131 alanlar\u0131nda BT \u00e7evre birimlerinde zengin deneyime sahip. T\u00fcm ara\u015ft\u0131rma sorunsuz ba\u011flant\u0131 ve m\u00fckemmel uyumluluk \u00fczerine odaklanm\u0131\u015ft\u0131r.<\/span><\/h5>\n<h5><strong>2 . Yal\u0131n \u00dcretim<\/strong><\/h5>\n<h5>\u00d6ncelikle, SHENTEK, cihaz\u0131n ne kadar eski veya ne kadar eski olursa olsun, sa\u011flanacak ba\u011flant\u0131n\u0131n de\u011ferini uyumluluk olarak tan\u0131mlar. \u0130kincisi, \u00fcretim ak\u0131\u015f\u0131n\u0131n malzeme veya bile\u015fen se\u00e7iminden, \u00fcretimden ve hatta son testlerden kat\u0131 olmas\u0131, hepsinin iyi tan\u0131mlanm\u0131\u015f S\u00c7P&#8217;yi ve hepsi g\u00fcvenilirlik testlerinden ge\u00e7inceye kadar s\u0131k\u0131 test ad\u0131mlar\u0131n\u0131 izlemesi gerekir. SHENTEK tamamen yenilik\u00e7ilik, kalite ve hizmet ilkelerini ger\u00e7e\u011fe d\u00f6n\u00fc\u015ft\u00fcr\u00fcyor; m\u00fc\u015fterilerin memnuniyetini ve sadakatini artt\u0131r\u0131n. SHENTEK ayr\u0131ca m\u00fc\u015fterilerimiz i\u00e7in i\u00e7 i\u00e7e ve s\u00fcrekli \u00e7al\u0131\u015fma m\u00fckemmelli\u011fi elde etmek i\u00e7in \u00fcr\u00fcn kalitesini ve m\u00fc\u015fteri hizmetlerini iyile\u015ftirmeyi taahh\u00fct eder!<\/h5>\n<p>[\/vc_column_text][vc_empty_space height=&#8221;40px&#8221;][\/vc_column][\/vc_row][vc_row css=&#8221;.vc_custom_1529423030310{margin-bottom: 50px !important;background-color: #ffffff !important;}&#8221;][vc_column css_animation=&#8221;fadeInDown&#8221; width=&#8221;1\/3&#8243; nasa_effect=&#8221;fadeInDown&#8221;][vc_row_inner][vc_column_inner css=&#8221;.vc_custom_1529556679813{margin-top: 0px !important;margin-right: 80px !important;margin-bottom: 20px !important;margin-left: 80px !important;padding-top: 40px !important;padding-right: 20px !important;padding-bottom: 20px !important;padding-left: 20px !important;background-color: #83c7fc !important;border-radius: 15px !important;}&#8221;][vc_column_text css_animation=&#8221;fadeIn&#8221; css=&#8221;.vc_custom_1529556320059{padding-bottom: 10px !important;}&#8221;]<\/p>\n<h3 style=\"color: white; text-align: center;\"><strong>CULTURE<\/strong><\/h3>\n<p>[\/vc_column_text][vc_icon icon_fontawesome=&#8221;fa fa-handshake-o&#8221; color=&#8221;white&#8221; size=&#8221;xl&#8221; align=&#8221;center&#8221; css_animation=&#8221;fadeIn&#8221; css=&#8221;.vc_custom_1529556388420{padding-top: 10px !important;padding-right: 10px !important;padding-bottom: 10px !important;padding-left: 10px !important;}&#8221;][\/vc_column_inner][\/vc_row_inner][\/vc_column][vc_column css_animation=&#8221;fadeInDown&#8221; width=&#8221;2\/3&#8243; nasa_effect=&#8221;fadeInDown&#8221;][vc_column_text css_animation=&#8221;fadeIn&#8221;]<\/p>\n<h5 class=\"p1\"><span class=\"s1\">SHENTEK, kuruldu\u011fundan ve s\u00fcrekli olarak y\u00fcksek vas\u0131fl\u0131 bir i\u015fg\u00fcc\u00fc yaratt\u0131\u011f\u0131ndan, \u00fcr\u00fcn performans\u0131n\u0131 ve uyumlulu\u011funu geli\u015ftirdi\u011finden ve BT end\u00fcstrisindeki yeni zorluklar\u0131n \u00fcstesinden gelmek i\u00e7in geli\u015ftirme ve ara\u015ft\u0131rmalar yapt\u0131\u011f\u0131ndan beri do\u011fruluk ilkesini s\u00fcrd\u00fcrmektedir.<\/span><\/h5>\n<h5 class=\"p1\"><span class=\"s1\">SHENTEK, m\u00fc\u015fterinin taleplerini tamamen kar\u015f\u0131lamak i\u00e7in en son teknolojiyi, h\u0131zl\u0131 ve kusursuz sat\u0131\u015f sonras\u0131 hizmetleri ve y\u00fcksek kaliteli \u00fcr\u00fcn\u00fc sunarak ekip \u00e7al\u0131\u015fmas\u0131na \u00f6nem verir. SHENTEK, ayn\u0131 zamanda teknoloji yenili\u011fini s\u00fcrd\u00fcrmeye, kaliteyi garanti etmeye ve BT \u00e7evre adapt\u00f6rleri, ek kartlar veya di\u011fer ilgili \u00fcr\u00fcnler i\u00e7in en iyi hizmeti vermeye devam edecektir. SHENTEK her zaman birinci s\u0131n\u0131f \u00fcr\u00fcn\u00fc geli\u015ftirmeyi hedefler ve \u015firketin s\u00fcrekli \u00e7al\u0131\u015fmas\u0131n\u0131 nihai ama\u00e7 olarak kabul eder.<\/span><\/h5>\n<h5 class=\"p1\"><span class=\"s1\">Daha da \u00f6nemlisi, SHENTEK&#8217;in BT pazar\u0131nda kar\u015f\u0131l\u0131kl\u0131 desteklerle birlikte b\u00fcy\u00fcyebilecek uzun vadeli ortakl\u0131klar aray\u0131\u015f\u0131nda olmas\u0131. SHENTEK, m\u00fckemmel ba\u011flant\u0131 kurmak ve BT \u00e7evre pazar\u0131nda d\u00fcnya standartlar\u0131nda lider olmak isteyen t\u00fcm ortaklara ho\u015f geldiniz!<\/span><\/h5>\n<p>[\/vc_column_text][vc_empty_space height=&#8221;40px&#8221;][\/vc_column][\/vc_row]<\/p>\n","protected":false},"excerpt":{"rendered":"<p>[vc_row css_animation=&#8221;slideInDown&#8221; css=&#8221;.vc_custom_1529420940000{padding-top: 50px !important;padding-bottom: 50px !important;}&#8221;][vc_column width=&#8221;1\/2&#8243;][vc_single_image image=&#8221;651&#8243; img_size=&#8221;full&#8221;][\/vc_column][vc_column css_animation=&#8221;slideInDown&#8221; width=&#8221;1\/2&#8243; nasa_effect=&#8221;fadeIn&#8221; css=&#8221;.vc_custom_1529421071948{padding-top: 50px !important;padding-bottom: 50px !important;}&#8221;][vc_column_text css=&#8221;.vc_custom_1546939765045{padding-top: 30px !important;padding-bottom: 50px !important;}&#8221;] Shentek Technology CO., LTD Taipei Tayvan&#8217;da bulunan bir \u00fcretici ve tasar\u0131m \u015firketidir. Ortaklar\u0131m\u0131z i\u00e7in ODM tasar\u0131m ve \u201cShentek\u201d marka yap\u0131yoruz. [\/vc_column_text][\/vc_column][\/vc_row][vc_row css=&#8221;.vc_custom_1529556957597{margin-bottom: 50px !important;}&#8221;][vc_column css=&#8221;.vc_custom_1529557000065{padding-right: 120px !important;padding-left: 120px !important;}&#8221;][vc_empty_space][vc_single_image image=&#8221;574&#8243; img_size=&#8221;large&#8221; alignment=&#8221;center&#8221; [&hellip;]<\/p>\n","protected":false},"author":10,"featured_media":0,"parent":0,"menu_order":0,"comment_status":"closed","ping_status":"closed","template":"page-visual-composer.php","meta":{"footnotes":""},"yst_prominent_words":[],"_links":{"self":[{"href":"https:\/\/shentek.com\/tr\/wp-json\/wp\/v2\/pages\/11474"}],"collection":[{"href":"https:\/\/shentek.com\/tr\/wp-json\/wp\/v2\/pages"}],"about":[{"href":"https:\/\/shentek.com\/tr\/wp-json\/wp\/v2\/types\/page"}],"author":[{"embeddable":true,"href":"https:\/\/shentek.com\/tr\/wp-json\/wp\/v2\/users\/10"}],"replies":[{"embeddable":true,"href":"https:\/\/shentek.com\/tr\/wp-json\/wp\/v2\/comments?post=11474"}],"version-history":[{"count":0,"href":"https:\/\/shentek.com\/tr\/wp-json\/wp\/v2\/pages\/11474\/revisions"}],"wp:attachment":[{"href":"https:\/\/shentek.com\/tr\/wp-json\/wp\/v2\/media?parent=11474"}],"wp:term":[{"taxonomy":"yst_prominent_words","embeddable":true,"href":"https:\/\/shentek.com\/tr\/wp-json\/wp\/v2\/yst_prominent_words?post=11474"}],"curies":[{"name":"wp","href":"https:\/\/api.w.org\/{rel}","templated":true}]}}