{"id":8251,"date":"2018-08-17T17:11:45","date_gmt":"2018-08-17T09:11:45","guid":{"rendered":"http:\/\/www.shentek.com\/product\/rs232-rs422-rs485-to-fiber-st-converter-supports-ring\/"},"modified":"2019-08-01T22:36:50","modified_gmt":"2019-08-01T14:36:50","slug":"rs232-rs422-rs485-elyaf-st-donusturucu-destekler-halkali","status":"publish","type":"product","link":"https:\/\/shentek.com\/tr\/product\/rs232-rs422-rs485-elyaf-st-donusturucu-destekler-halkali\/","title":{"rendered":"RS232 RS422 RS485, Fiber ST D\u00f6n\u00fc\u015ft\u00fcr\u00fcc\u00fc Halkay\u0131 Destekler"},"content":{"rendered":"","protected":false},"excerpt":{"rendered":"<p><span lang=\"EN-US\"> <span style=\"color: #000000;\"> \u00d6zellikler ve Fayda <\/span> <\/span><\/p>\n<p><span lang=\"EN-US\"> <span style=\"color: #000000;\"> Optik fiberler 2 km&#8217;ye kadar iletim sa\u011flar <\/span> <\/span><\/p>\n<p><span lang=\"EN-US\"> <span style=\"color: #000000;\"> Yar\u0131m \/ Tam \u00e7ift y\u00f6nl\u00fc, \u00e7ift y\u00f6nl\u00fc iletim modu <\/span> <\/span><\/p>\n<p><span lang=\"EN-US\"> <span style=\"color: #000000;\"> Zil sesi modu deste\u011fi <\/span> <\/span><\/p>\n<p><span lang=\"EN-US\"> <span style=\"color: #000000;\"> Y\u0131ld\u0131r\u0131m \u00e7arpmalar\u0131 ve EMI \/ RFI&#8217;den ka\u00e7\u0131n\u0131n <\/span> <\/span><\/p>\n<p><span lang=\"EN-US\"> <span style=\"color: #000000;\"> Elektrostatik de\u015farjdan kaynaklanan hasarlar\u0131 \u00f6nler <\/span> <\/span><\/p>\n<p><span lang=\"EN-US\"> <span style=\"color: #000000;\"> Kararl\u0131 ve hatas\u0131z veri iletimi <\/span> <\/span><\/p>\n<p><span lang=\"EN-US\"> <span style=\"color: #000000;\"> Otomatik dahili RS-485 \/ RS485 4W veriyolu denetimi <\/span> <\/span><\/p>\n<p><span lang=\"EN-US\"> <span style=\"color: #000000;\"> RS-485 \/ RS485 4W i\u00e7in harici ak\u0131\u015f kontrol sinyali gerekmez. <\/span> <\/span><\/p>\n<p><span lang=\"EN-US\"> <span style=\"color: #000000;\"> Ge\u00e7ici bast\u0131rma ve a\u015f\u0131r\u0131 ak\u0131m korumas\u0131RS232 \/ 422\/485 veri hatlar\u0131 \u00fczerinde <\/span> <\/span><\/p>\n<p><span lang=\"EN-US\"> <span style=\"color: #000000;\"> G\u00fc\u00e7 ve veri ak\u0131\u015f\u0131 g\u00f6stergesi i\u00e7in LED <\/span> <\/span><\/p>\n<p><span lang=\"EN-US\"> <span style=\"color: #000000;\"> DIP SW Fonksiyon Ayar\u0131 <\/span> <\/span><\/p>\n","protected":false},"featured_media":8253,"comment_status":"open","ping_status":"closed","template":"","meta":[],"product_cat":[1124,1125,1126],"product_tag":[1127,1128,1129,1130,1131,1132,1133,1134],"_links":{"self":[{"href":"https:\/\/shentek.com\/tr\/wp-json\/wp\/v2\/product\/8251"}],"collection":[{"href":"https:\/\/shentek.com\/tr\/wp-json\/wp\/v2\/product"}],"about":[{"href":"https:\/\/shentek.com\/tr\/wp-json\/wp\/v2\/types\/product"}],"replies":[{"embeddable":true,"href":"https:\/\/shentek.com\/tr\/wp-json\/wp\/v2\/comments?post=8251"}],"wp:featuredmedia":[{"embeddable":true,"href":"https:\/\/shentek.com\/tr\/wp-json\/wp\/v2\/media\/8253"}],"wp:attachment":[{"href":"https:\/\/shentek.com\/tr\/wp-json\/wp\/v2\/media?parent=8251"}],"wp:term":[{"taxonomy":"product_cat","embeddable":true,"href":"https:\/\/shentek.com\/tr\/wp-json\/wp\/v2\/product_cat?post=8251"},{"taxonomy":"product_tag","embeddable":true,"href":"https:\/\/shentek.com\/tr\/wp-json\/wp\/v2\/product_tag?post=8251"}],"curies":[{"name":"wp","href":"https:\/\/api.w.org\/{rel}","templated":true}]}}