{"id":8259,"date":"2018-08-17T16:57:26","date_gmt":"2018-08-17T08:57:26","guid":{"rendered":"http:\/\/www.shentek.com\/product\/unmanaged-switch-8-port-10-100-etherenet-with-compact\/"},"modified":"2018-11-27T15:25:58","modified_gmt":"2018-11-27T07:25:58","slug":"yonetilmeyen-switch-8-portlu-10-100-ethernet-ile-kompakt","status":"publish","type":"product","link":"https:\/\/shentek.com\/tr\/product\/yonetilmeyen-switch-8-portlu-10-100-ethernet-ile-kompakt\/","title":{"rendered":"Y\u00f6netilmeyen Anahtar 8 ba\u011flant\u0131 noktal\u0131 10 100 Ethernet Kompakt"},"content":{"rendered":"","protected":false},"excerpt":{"rendered":"<p><span lang=\"EN-US\"> <span style=\"color: #000000;\"> \u00d6zellikler ve Fayda <\/span> <\/span><\/p>\n<p>&nbsp;<\/p>\n<p><span lang=\"EN-US\"> <span style=\"color: #000000;\"> Tam dupleks ve yar\u0131m dupleks i\u00e7in destek ak\u0131\u015f\u0131 contril <\/span> <\/span><\/p>\n<p><span lang=\"EN-US\"> <span style=\"color: #000000;\"> 1K MAC adresini destekler <\/span> <\/span><\/p>\n<p><span lang=\"EN-US\"> <span style=\"color: #000000;\"> G\u00f6m\u00fcl\u00fc 448K bit paket tamponu <\/span> <\/span><\/p>\n<p><span lang=\"EN-US\"> <span style=\"color: #000000;\"> 8 portlu Dahili 10\/100 anahtar denetleyici <\/span> <\/span><\/p>\n<p><span lang=\"EN-US\"> <span style=\"color: #000000;\"> Otomatik MDI \/ MDIX i\u015flevini destekler <\/span> <\/span><\/p>\n<p><span lang=\"EN-US\"> <span style=\"color: #000000;\"> Maksimum iletme paketi uzunlu\u011funu destekler 1536 bayt <\/span> <\/span><\/p>\n<p><span lang=\"EN-US\"> <span style=\"color: #000000;\"> Ma\u011faza ve iletimi destekler <\/span> <\/span><\/p>\n<p><span lang=\"EN-US\"> <span style=\"color: #000000;\"> Ak\u0131\u015f kontrol\u00fcn\u00fc destekler <\/span> <\/span><\/p>\n<p><span lang=\"EN-US\"> <span style=\"color: #000000;\"> TB 3pin 5.08mm ve DC Jack g\u00fc\u00e7 giri\u015fini destekler <\/span> <\/span><\/p>\n<p><span lang=\"EN-US\"> <span style=\"color: #000000;\"> Din Ray <\/span> <\/span><\/p>\n<p><span lang=\"EN-US\"> <span style=\"color: #000000;\"> Sert IP-30 g\u00f6vde tasar\u0131m\u0131 <\/span> <\/span><\/p>\n","protected":false},"featured_media":8260,"comment_status":"open","ping_status":"closed","template":"","meta":[],"product_cat":[1137,1138,1135],"product_tag":[1139,1128,1130,1145,1134],"_links":{"self":[{"href":"https:\/\/shentek.com\/tr\/wp-json\/wp\/v2\/product\/8259"}],"collection":[{"href":"https:\/\/shentek.com\/tr\/wp-json\/wp\/v2\/product"}],"about":[{"href":"https:\/\/shentek.com\/tr\/wp-json\/wp\/v2\/types\/product"}],"replies":[{"embeddable":true,"href":"https:\/\/shentek.com\/tr\/wp-json\/wp\/v2\/comments?post=8259"}],"wp:featuredmedia":[{"embeddable":true,"href":"https:\/\/shentek.com\/tr\/wp-json\/wp\/v2\/media\/8260"}],"wp:attachment":[{"href":"https:\/\/shentek.com\/tr\/wp-json\/wp\/v2\/media?parent=8259"}],"wp:term":[{"taxonomy":"product_cat","embeddable":true,"href":"https:\/\/shentek.com\/tr\/wp-json\/wp\/v2\/product_cat?post=8259"},{"taxonomy":"product_tag","embeddable":true,"href":"https:\/\/shentek.com\/tr\/wp-json\/wp\/v2\/product_tag?post=8259"}],"curies":[{"name":"wp","href":"https:\/\/api.w.org\/{rel}","templated":true}]}}