{"id":8261,"date":"2018-08-17T16:54:01","date_gmt":"2018-08-17T08:54:01","guid":{"rendered":"http:\/\/www.shentek.com\/product\/industrial-metal-case-10-100basetx-to-100basefx-with-sfp-connector-din-rail-wall-mount-kit\/"},"modified":"2018-11-27T15:34:24","modified_gmt":"2018-11-27T07:34:24","slug":"endustriyel-metal-harf-10-100basetx-icin-100basefx-ile-sfp-konektoru-din-ray-duvara-monte-kit","status":"publish","type":"product","link":"https:\/\/shentek.com\/tr\/product\/endustriyel-metal-harf-10-100basetx-icin-100basefx-ile-sfp-konektoru-din-ray-duvara-monte-kit\/","title":{"rendered":"End\u00fcstriyel Metal kasa 10 \/ 100BaseT (X) SFP konnekt\u00f6r\u00fc ile 100BaseFX Din Ray Duvara Montaj kiti"},"content":{"rendered":"","protected":false},"excerpt":{"rendered":"<p><span lang=\"EN-US\"> <span style=\"color: #000000;\"> \u00d6zellikler ve Fayda <\/span> <\/span><\/p>\n<p>&nbsp;<\/p>\n<p><span lang=\"EN-US\"> <span style=\"color: #000000;\"> 10 \/ 100BaseT (X) Otomatik anla\u015fmal\u0131 ve Otomatik MDI \/ MDI-X, <\/span> <\/span><\/p>\n<p><span lang=\"EN-US\"> <span style=\"color: #000000;\"> -40 ila 75 derece C \u00e7al\u0131\u015fma S\u0131cakl\u0131k aral\u0131\u011f\u0131 <\/span> <\/span><\/p>\n<p><span lang=\"EN-US\"> <span style=\"color: #000000;\"> Kurulum: DIN Ray montaj\u0131 <\/span> <\/span><\/p>\n","protected":false},"featured_media":8262,"comment_status":"open","ping_status":"closed","template":"","meta":[],"product_cat":[1138,1135],"product_tag":[1139,1127,1128,1129,1130,1147,1134],"_links":{"self":[{"href":"https:\/\/shentek.com\/tr\/wp-json\/wp\/v2\/product\/8261"}],"collection":[{"href":"https:\/\/shentek.com\/tr\/wp-json\/wp\/v2\/product"}],"about":[{"href":"https:\/\/shentek.com\/tr\/wp-json\/wp\/v2\/types\/product"}],"replies":[{"embeddable":true,"href":"https:\/\/shentek.com\/tr\/wp-json\/wp\/v2\/comments?post=8261"}],"wp:featuredmedia":[{"embeddable":true,"href":"https:\/\/shentek.com\/tr\/wp-json\/wp\/v2\/media\/8262"}],"wp:attachment":[{"href":"https:\/\/shentek.com\/tr\/wp-json\/wp\/v2\/media?parent=8261"}],"wp:term":[{"taxonomy":"product_cat","embeddable":true,"href":"https:\/\/shentek.com\/tr\/wp-json\/wp\/v2\/product_cat?post=8261"},{"taxonomy":"product_tag","embeddable":true,"href":"https:\/\/shentek.com\/tr\/wp-json\/wp\/v2\/product_tag?post=8261"}],"curies":[{"name":"wp","href":"https:\/\/api.w.org\/{rel}","templated":true}]}}