{"id":8270,"date":"2018-08-17T16:41:45","date_gmt":"2018-08-17T08:41:45","guid":{"rendered":"http:\/\/www.shentek.com\/product\/usb-a-2-0-with-3kv-optical-isolation-adapter\/"},"modified":"2018-11-27T15:44:15","modified_gmt":"2018-11-27T07:44:15","slug":"usb-a-2-0-ile-3kv-optik-izolasyon-adaptoru","status":"publish","type":"product","link":"https:\/\/shentek.com\/tr\/product\/usb-a-2-0-ile-3kv-optik-izolasyon-adaptoru\/","title":{"rendered":"3KV Optik \u0130zolasyon Adapt\u00f6rl\u00fc USB-A 2.0"},"content":{"rendered":"","protected":false},"excerpt":{"rendered":"<p><span lang=\"EN-US\"> \u00d6zellikler ve Fayda <\/span><\/p>\n<p><span lang=\"EN-US\"> USB 1.0 \/ 1.1 uyumlu, ancak USB 1.0 \/ 1.1 hot swap&#8217;\u0131 desteklemiyor <\/span><\/p>\n<p><span lang=\"EN-US\"> USB 2.0 Y\u00fcksek H\u0131zl\u0131 uyumlu <\/span><\/p>\n<p><span lang=\"EN-US\"> \u0130leti\u015fim durumu LED ile izlenebilmektedir <\/span><\/p>\n<p><span lang=\"EN-US\"> End\u00fcstriyel \u00d6zellikleri Destekler <\/span><\/p>\n<p><span lang=\"EN-US\"> S\u00fcr\u00fcc\u00fc \u0130htiyac\u0131 Yok <\/span><\/p>\n","protected":false},"featured_media":8271,"comment_status":"open","ping_status":"closed","template":"","meta":[],"product_cat":[1148,1149,1135],"product_tag":[1150,1151,1127,1128,1152,1134],"_links":{"self":[{"href":"https:\/\/shentek.com\/tr\/wp-json\/wp\/v2\/product\/8270"}],"collection":[{"href":"https:\/\/shentek.com\/tr\/wp-json\/wp\/v2\/product"}],"about":[{"href":"https:\/\/shentek.com\/tr\/wp-json\/wp\/v2\/types\/product"}],"replies":[{"embeddable":true,"href":"https:\/\/shentek.com\/tr\/wp-json\/wp\/v2\/comments?post=8270"}],"wp:featuredmedia":[{"embeddable":true,"href":"https:\/\/shentek.com\/tr\/wp-json\/wp\/v2\/media\/8271"}],"wp:attachment":[{"href":"https:\/\/shentek.com\/tr\/wp-json\/wp\/v2\/media?parent=8270"}],"wp:term":[{"taxonomy":"product_cat","embeddable":true,"href":"https:\/\/shentek.com\/tr\/wp-json\/wp\/v2\/product_cat?post=8270"},{"taxonomy":"product_tag","embeddable":true,"href":"https:\/\/shentek.com\/tr\/wp-json\/wp\/v2\/product_tag?post=8270"}],"curies":[{"name":"wp","href":"https:\/\/api.w.org\/{rel}","templated":true}]}}