{"id":8274,"date":"2018-08-17T16:38:56","date_gmt":"2018-08-17T08:38:56","guid":{"rendered":"http:\/\/www.shentek.com\/product\/ftdi-usb-rs232-rs422-rs485-converter-3kv-isolation\/"},"modified":"2018-11-27T16:03:30","modified_gmt":"2018-11-27T08:03:30","slug":"ftdi-usb-rs232-rs422-rs485-donusturucu-3kv-izolasyon","status":"publish","type":"product","link":"https:\/\/shentek.com\/tr\/product\/ftdi-usb-rs232-rs422-rs485-donusturucu-3kv-izolasyon\/","title":{"rendered":"FTDI USB RS232 RS422 RS485 D\u00f6n\u00fc\u015ft\u00fcr\u00fcc\u00fc 3KV \u0130zolasyon"},"content":{"rendered":"","protected":false},"excerpt":{"rendered":"<p><span lang=\"EN-US\"> <span style=\"color: #000000;\"> \u00d6zellikler ve Fayda <\/span> <\/span><\/p>\n<p><span lang=\"EN-US\"> <span style=\"color: #000000;\"> 2 RS-232 veya RS422 veya RS485 ve 2 port RS422 veya RS485&#8217;i sisteminiz i\u00e7in 3KV \u0130zolasyon 600W Dalgalanma com portlar\u0131yla geni\u015fletir <\/span> <\/span><\/p>\n<p><span lang=\"EN-US\"> <span style=\"color: #000000;\"> Y\u00fcksek H\u0131zl\u0131 Baud, 921.6Kbps&#8217;ye kadar h\u0131zland\u0131r\u0131ld\u0131 <\/span> <\/span><\/p>\n<p><span lang=\"EN-US\"> <span style=\"color: #000000;\"> USB 1.0 \/ 1.1 uyumlu, USB 2.0 Tam H\u0131z uyumlu <\/span> <\/span><\/p>\n<p><span lang=\"EN-US\"> <span style=\"color: #000000;\"> 480 Mbps USB Veri H\u0131z\u0131 <\/span> <\/span><\/p>\n<p><span lang=\"EN-US\"> <span style=\"color: #000000;\"> LED destekleri iletme ve alma <\/span> <\/span><\/p>\n<p><span lang=\"EN-US\"> <span style=\"color: #000000;\"> Yerle\u015fik 15KV ESD korumas\u0131 <\/span> <\/span><\/p>\n<p><span lang=\"EN-US\"> <span style=\"color: #000000;\"> 3KV Optik \u0130zolasyon Korumas\u0131 <\/span> <\/span><\/p>\n<p><span lang=\"EN-US\"> <span style=\"color: #000000;\"> 600W Dalgalanma Korumas\u0131 <\/span> <\/span><\/p>\n<p><span lang=\"EN-US\"> <span style=\"color: #000000;\"> End\u00fcstriyel \u00d6zellikleri Destekler <\/span> <\/span><\/p>\n<p><span lang=\"EN-US\"> <span style=\"color: #000000;\"> Kanal ba\u015f\u0131na 2K bayt ve RX arabelle\u011fi 2K baytl\u0131k TX <\/span> <\/span><\/p>\n<p><span lang=\"EN-US\"> <span style=\"color: #000000;\"> Microsoft Windows, Linux ve MAC s\u00fcr\u00fcc\u00fclerini destekler. <\/span> <\/span><\/p>\n<p><span lang=\"EN-US\"> <span style=\"color: #000000;\"> RS422 \/ 485 Sinyal 600W Dalgalanma Korumas\u0131 <\/span> <\/span><\/p>\n<p><span lang=\"EN-US\"> <span style=\"color: #000000;\"> RS422 \u00c7oklu B\u0131rakma Modu i\u00e7in Maksimum 10 Cihaz Ba\u011flant\u0131s\u0131 <\/span> <\/span><\/p>\n<p><span lang=\"EN-US\"> <span style=\"color: #000000;\"> RS485 modu i\u00e7in maksimum 32 cihaz ba\u011flant\u0131s\u0131 <\/span> <\/span><\/p>\n<p><span lang=\"EN-US\"> <span style=\"color: #000000;\"> RS232 \/ 422\/485 modunu se\u00e7mek i\u00e7in Dip Switch kullan\u0131m\u0131 kolay <\/span> <\/span><\/p>\n<p><span lang=\"EN-US\"> <span style=\"color: #000000;\"> Donan\u0131m RS485 2W ve RS485 4W (RS422 \u00c7oklu B\u0131rakma modu) ile otomatik ge\u00e7i\u015f <\/span> <\/span><\/p>\n","protected":false},"featured_media":8275,"comment_status":"open","ping_status":"closed","template":"","meta":[],"product_cat":[1158,1124,1153,1148,1149],"product_tag":[1150,1155,1128,1156,1131,1132,1133,1134],"_links":{"self":[{"href":"https:\/\/shentek.com\/tr\/wp-json\/wp\/v2\/product\/8274"}],"collection":[{"href":"https:\/\/shentek.com\/tr\/wp-json\/wp\/v2\/product"}],"about":[{"href":"https:\/\/shentek.com\/tr\/wp-json\/wp\/v2\/types\/product"}],"replies":[{"embeddable":true,"href":"https:\/\/shentek.com\/tr\/wp-json\/wp\/v2\/comments?post=8274"}],"wp:featuredmedia":[{"embeddable":true,"href":"https:\/\/shentek.com\/tr\/wp-json\/wp\/v2\/media\/8275"}],"wp:attachment":[{"href":"https:\/\/shentek.com\/tr\/wp-json\/wp\/v2\/media?parent=8274"}],"wp:term":[{"taxonomy":"product_cat","embeddable":true,"href":"https:\/\/shentek.com\/tr\/wp-json\/wp\/v2\/product_cat?post=8274"},{"taxonomy":"product_tag","embeddable":true,"href":"https:\/\/shentek.com\/tr\/wp-json\/wp\/v2\/product_tag?post=8274"}],"curies":[{"name":"wp","href":"https:\/\/api.w.org\/{rel}","templated":true}]}}