{"id":8294,"date":"2018-08-17T16:31:26","date_gmt":"2018-08-17T08:31:26","guid":{"rendered":"http:\/\/www.shentek.com\/product\/ftdi-usb-4-port-rs232-rs485-rs422-converter-adapter\/"},"modified":"2019-12-18T13:12:35","modified_gmt":"2019-12-18T05:12:35","slug":"ftdi-usb-4-port-rs232-rs485-rs422-donusturucusu-adaptoru","status":"publish","type":"product","link":"https:\/\/shentek.com\/tr\/product\/ftdi-usb-4-port-rs232-rs485-rs422-donusturucusu-adaptoru\/","title":{"rendered":"FTDI USB 4 portlu RS232 RS485 RS422 D\u00f6n\u00fc\u015ft\u00fcr\u00fcc\u00fc Adapt\u00f6r"},"content":{"rendered":"","protected":false},"excerpt":{"rendered":"<p><span lang=\"EN-US\"> <span style=\"color: #000000;\"> \u00d6zellikler ve Fayda <\/span> <\/span><\/p>\n<p><span lang=\"EN-US\"> <span style=\"color: #000000;\"> Sisteminiz i\u00e7in 4 adet RS-232 veya RS422 veya RS485 com ba\u011flant\u0131 noktas\u0131n\u0131 geni\u015fletir <\/span> <\/span><\/p>\n<p><span lang=\"EN-US\"> <span style=\"color: #000000;\"> Y\u00fcksek H\u0131zl\u0131 Baud, 921.6Kbps&#8217;ye kadar h\u0131zland\u0131r\u0131ld\u0131 <\/span> <\/span><\/p>\n<p><span lang=\"EN-US\"> <span style=\"color: #000000;\"> USB 1.0 \/ 1.1 uyumlu, USB 2.0 Tam H\u0131z uyumlu <\/span> <\/span><\/p>\n<p><span lang=\"EN-US\"> <span style=\"color: #000000;\"> 480 Mbps USB Veri H\u0131z\u0131 <\/span> <\/span><\/p>\n<p><span lang=\"EN-US\"> <span style=\"color: #000000;\"> LED destekleri iletme ve alma <\/span> <\/span><\/p>\n<p><span lang=\"EN-US\"> <span style=\"color: #000000;\"> T\u00fcm RS-232 portu i\u00e7in yerle\u015fik 15KV ESD korumas\u0131 <\/span> <\/span><\/p>\n<p><span lang=\"EN-US\"> <span style=\"color: #000000;\"> End\u00fcstriyel \u00d6zellikleri Destekler <\/span> <\/span><\/p>\n<p><span lang=\"EN-US\"> <span style=\"color: #000000;\"> Kanal ba\u015f\u0131na 2K bayt ve RX arabelle\u011fi 2K baytl\u0131k TX <\/span> <\/span><\/p>\n<p><span lang=\"EN-US\"> <span style=\"color: #000000;\"> Microsoft Windows, Linux ve MAC s\u00fcr\u00fcc\u00fclerini destekler. <\/span> <\/span><\/p>\n<p><span lang=\"EN-US\"> <span style=\"color: #000000;\"> RS422 \/ 485 Sinyal 600W Dalgalanma Korumas\u0131 <\/span> <\/span><\/p>\n<p><span lang=\"EN-US\"> <span style=\"color: #000000;\"> RS422 \u00c7oklu B\u0131rakma Modu i\u00e7in Maksimum 10 Cihaz Ba\u011flant\u0131s\u0131 <\/span> <\/span><\/p>\n<p><span lang=\"EN-US\"> <span style=\"color: #000000;\"> RS485 modu i\u00e7in maksimum 32 cihaz ba\u011flant\u0131s\u0131 <\/span> <\/span><\/p>\n<p><span lang=\"EN-US\"> <span style=\"color: #000000;\"> RS232 \/ 422\/485 modunu se\u00e7mek i\u00e7in Dip Switch kullan\u0131m\u0131 kolay <\/span> <\/span><\/p>\n<p><span lang=\"EN-US\"> <span style=\"color: #000000;\"> Donan\u0131m RS485 2W ve RS485 4W (RS422 \u00c7oklu B\u0131rakma modu) ile otomatik ge\u00e7i\u015f <\/span> <\/span><\/p>\n","protected":false},"featured_media":8295,"comment_status":"open","ping_status":"closed","template":"","meta":[],"product_cat":[1153,1154,1149,1126,1135],"product_tag":[1151,1127,1128,1156,1131,1132,1133,1134],"_links":{"self":[{"href":"https:\/\/shentek.com\/tr\/wp-json\/wp\/v2\/product\/8294"}],"collection":[{"href":"https:\/\/shentek.com\/tr\/wp-json\/wp\/v2\/product"}],"about":[{"href":"https:\/\/shentek.com\/tr\/wp-json\/wp\/v2\/types\/product"}],"replies":[{"embeddable":true,"href":"https:\/\/shentek.com\/tr\/wp-json\/wp\/v2\/comments?post=8294"}],"wp:featuredmedia":[{"embeddable":true,"href":"https:\/\/shentek.com\/tr\/wp-json\/wp\/v2\/media\/8295"}],"wp:attachment":[{"href":"https:\/\/shentek.com\/tr\/wp-json\/wp\/v2\/media?parent=8294"}],"wp:term":[{"taxonomy":"product_cat","embeddable":true,"href":"https:\/\/shentek.com\/tr\/wp-json\/wp\/v2\/product_cat?post=8294"},{"taxonomy":"product_tag","embeddable":true,"href":"https:\/\/shentek.com\/tr\/wp-json\/wp\/v2\/product_tag?post=8294"}],"curies":[{"name":"wp","href":"https:\/\/api.w.org\/{rel}","templated":true}]}}