{"id":8296,"date":"2018-08-17T16:14:44","date_gmt":"2018-08-17T08:14:44","guid":{"rendered":"http:\/\/www.shentek.com\/product\/ftdi-usb-2-port-rs422-rs485-adapter-3kv-isolation-surge\/"},"modified":"2018-11-27T18:36:00","modified_gmt":"2018-11-27T10:36:00","slug":"ftdi-usb-2-baglanti-noktasi-422-485-bagdastirici-3kv-izolasyonu-dalga","status":"publish","type":"product","link":"https:\/\/shentek.com\/tr\/product\/ftdi-usb-2-baglanti-noktasi-422-485-bagdastirici-3kv-izolasyonu-dalga\/","title":{"rendered":"FTDI USB 2 portlu RS422 RS485 Adapt\u00f6r\u00fc 3KV \u0130zolasyon Dalgalanmas\u0131"},"content":{"rendered":"","protected":false},"excerpt":{"rendered":"<p><span lang=\"EN-US\"> <span style=\"color: #000000;\"> \u00d6zellikler ve Fayda <\/span> <\/span><\/p>\n<p><span lang=\"EN-US\"> <span style=\"color: #000000;\"> Sisteminiz i\u00e7in 2 ba\u011flant\u0131 noktas\u0131 RS-422\/485 com ba\u011flant\u0131 noktas\u0131n\u0131 geni\u015fletir <\/span> <\/span><\/p>\n<p><span lang=\"EN-US\"> <span style=\"color: #000000;\"> Y\u00fcksek H\u0131zl\u0131 Baud, 921.6Kbps&#8217;ye kadar h\u0131zland\u0131r\u0131ld\u0131 <\/span> <\/span><\/p>\n<p><span lang=\"EN-US\"> <span style=\"color: #000000;\"> USB 1.0 \/ 1.1 uyumlu, USB 2.0 Tam H\u0131z uyumlu <\/span> <\/span><\/p>\n<p><span lang=\"EN-US\"> <span style=\"color: #000000;\"> 12 Mbps USB Veri H\u0131z\u0131 <\/span> <\/span><\/p>\n<p><span lang=\"EN-US\"> <span style=\"color: #000000;\"> DIP Anahtar\u0131 Ayar\u0131 i\u00e7in dahili Terminator 120 ohm <\/span> <\/span><\/p>\n<p><span lang=\"EN-US\"> <span style=\"color: #000000;\"> RS-485 Maks. \u0130\u00e7in 32 Ayg\u0131t Ba\u011flant\u0131s\u0131. <\/span> <\/span><\/p>\n<p><span lang=\"EN-US\"> <span style=\"color: #000000;\"> LED destekleri iletme ve alma <\/span> <\/span><\/p>\n<p><span lang=\"EN-US\"> <span style=\"color: #000000;\"> 3KV Optik \u0130zolasyon Korumas\u0131 <\/span> <\/span><\/p>\n<p><span lang=\"EN-US\"> <span style=\"color: #000000;\"> 600W Dalgalanma Korumas\u0131 <\/span> <\/span><\/p>\n<p><span lang=\"EN-US\"> <span style=\"color: #000000;\"> Kanal ba\u015f\u0131na 4K bayt ve RX arabelle\u011fi 4K bayttan TX tampon <\/span> <\/span><\/p>\n<p><span lang=\"EN-US\"> <span style=\"color: #000000;\"> Microsoft Windows, Linux ve MAC s\u00fcr\u00fcc\u00fclerini destekler. <\/span> <\/span><\/p>\n","protected":false},"featured_media":8297,"comment_status":"open","ping_status":"closed","template":"","meta":[],"product_cat":[1153,1154,1149,1126,1135],"product_tag":[1150,1155,1151,1127,1128,1156,1132,1133,1134],"_links":{"self":[{"href":"https:\/\/shentek.com\/tr\/wp-json\/wp\/v2\/product\/8296"}],"collection":[{"href":"https:\/\/shentek.com\/tr\/wp-json\/wp\/v2\/product"}],"about":[{"href":"https:\/\/shentek.com\/tr\/wp-json\/wp\/v2\/types\/product"}],"replies":[{"embeddable":true,"href":"https:\/\/shentek.com\/tr\/wp-json\/wp\/v2\/comments?post=8296"}],"wp:featuredmedia":[{"embeddable":true,"href":"https:\/\/shentek.com\/tr\/wp-json\/wp\/v2\/media\/8297"}],"wp:attachment":[{"href":"https:\/\/shentek.com\/tr\/wp-json\/wp\/v2\/media?parent=8296"}],"wp:term":[{"taxonomy":"product_cat","embeddable":true,"href":"https:\/\/shentek.com\/tr\/wp-json\/wp\/v2\/product_cat?post=8296"},{"taxonomy":"product_tag","embeddable":true,"href":"https:\/\/shentek.com\/tr\/wp-json\/wp\/v2\/product_tag?post=8296"}],"curies":[{"name":"wp","href":"https:\/\/api.w.org\/{rel}","templated":true}]}}