{"id":8298,"date":"2018-08-17T16:10:47","date_gmt":"2018-08-17T08:10:47","guid":{"rendered":"http:\/\/www.shentek.com\/product\/ftdi-usb-to-4-port-rs422-rs485-adapter-3kv-isolation-surge\/"},"modified":"2018-11-27T18:42:45","modified_gmt":"2018-11-27T10:42:45","slug":"ftdi-usb-4-baglanti-noktasi-422-rs485-bagdastirici-3kv-izolasyonu-dalga","status":"publish","type":"product","link":"https:\/\/shentek.com\/tr\/product\/ftdi-usb-4-baglanti-noktasi-422-rs485-bagdastirici-3kv-izolasyonu-dalga\/","title":{"rendered":"FTDI USB 4 port RS422 RS485 Adapt\u00f6r\u00fc 3KV Izolasyon Dalgalanma"},"content":{"rendered":"","protected":false},"excerpt":{"rendered":"<p><span lang=\"EN-US\"> <span style=\"color: #000000;\"> \u00d6zellikler ve Fayda <\/span> <\/span><\/p>\n<p><span lang=\"EN-US\"> <span style=\"color: #000000;\"> Sisteminiz i\u00e7in 4 port RS-422\/485 com ba\u011flant\u0131 noktas\u0131n\u0131 geni\u015fletir <\/span> <\/span><\/p>\n<p><span lang=\"EN-US\"> <span style=\"color: #000000;\"> Y\u00fcksek H\u0131zl\u0131 Baud, 921.6Kbps&#8217;ye kadar h\u0131zland\u0131r\u0131ld\u0131 <\/span> <\/span><\/p>\n<p><span lang=\"EN-US\"> <span style=\"color: #000000;\"> USB 1.0 \/ 1.1 uyumlu, USB 2.0 Tam H\u0131z uyumlu <\/span> <\/span><\/p>\n<p><span lang=\"EN-US\"> <span style=\"color: #000000;\"> 12 Mbps USB Veri H\u0131z\u0131 <\/span> <\/span><\/p>\n<p><span lang=\"EN-US\"> <span style=\"color: #000000;\"> DIP Anahtar\u0131 Ayar\u0131 i\u00e7in dahili Terminator 120 ohm <\/span> <\/span><\/p>\n<p><span lang=\"EN-US\"> <span style=\"color: #000000;\"> RS-485 Maks. \u0130\u00e7in 32 Ayg\u0131t Ba\u011flant\u0131s\u0131. <\/span> <\/span><\/p>\n<p><span lang=\"EN-US\"> <span style=\"color: #000000;\"> LED destekleri iletme ve alma <\/span> <\/span><\/p>\n<p><span lang=\"EN-US\"> <span style=\"color: #000000;\"> 3KV Optik \u0130zolasyon Korumas\u0131 <\/span> <\/span><\/p>\n<p><span lang=\"EN-US\"> <span style=\"color: #000000;\"> 600W Dalgalanma Korumas\u0131 <\/span> <\/span><\/p>\n<p><span lang=\"EN-US\"> <span style=\"color: #000000;\"> T\u00fcm Seri Ba\u011flant\u0131 Noktas\u0131 ve RS-422\/485 Sinyal Korumas\u0131 i\u00e7in yerle\u015fik 15KV ESD korumas\u0131 <\/span> <\/span><\/p>\n<p><span lang=\"EN-US\"> <span style=\"color: #000000;\"> End\u00fcstriyel \u00d6zellikleri Destekler <\/span> <\/span><\/p>\n<p><span lang=\"EN-US\"> <span style=\"color: #000000;\"> Kanal ba\u015f\u0131na 2K bayt ve RX arabelle\u011fi 2K baytl\u0131k TX <\/span> <\/span><\/p>\n<p><span lang=\"EN-US\"> <span style=\"color: #000000;\"> Microsoft Windows, Linux ve MAC s\u00fcr\u00fcc\u00fclerini destekler. <\/span> <\/span><\/p>\n","protected":false},"featured_media":8299,"comment_status":"open","ping_status":"closed","template":"","meta":[],"product_cat":[1153,1154,1149,1126,1135],"product_tag":[1150,1151,1127,1128,1156,1132,1133,1134],"_links":{"self":[{"href":"https:\/\/shentek.com\/tr\/wp-json\/wp\/v2\/product\/8298"}],"collection":[{"href":"https:\/\/shentek.com\/tr\/wp-json\/wp\/v2\/product"}],"about":[{"href":"https:\/\/shentek.com\/tr\/wp-json\/wp\/v2\/types\/product"}],"replies":[{"embeddable":true,"href":"https:\/\/shentek.com\/tr\/wp-json\/wp\/v2\/comments?post=8298"}],"wp:featuredmedia":[{"embeddable":true,"href":"https:\/\/shentek.com\/tr\/wp-json\/wp\/v2\/media\/8299"}],"wp:attachment":[{"href":"https:\/\/shentek.com\/tr\/wp-json\/wp\/v2\/media?parent=8298"}],"wp:term":[{"taxonomy":"product_cat","embeddable":true,"href":"https:\/\/shentek.com\/tr\/wp-json\/wp\/v2\/product_cat?post=8298"},{"taxonomy":"product_tag","embeddable":true,"href":"https:\/\/shentek.com\/tr\/wp-json\/wp\/v2\/product_tag?post=8298"}],"curies":[{"name":"wp","href":"https:\/\/api.w.org\/{rel}","templated":true}]}}