{"id":8307,"date":"2018-08-17T16:01:40","date_gmt":"2018-08-17T08:01:40","guid":{"rendered":"http:\/\/www.shentek.com\/product\/1-port-serial-rs-232-device-server-over-ip-ethernet-with-din-rail-wall-mount-kit\/"},"modified":"2018-11-27T18:53:06","modified_gmt":"2018-11-27T10:53:06","slug":"1-baglanti-seri-rs-232-cihaz-sunucu-asiri-ip-ethernet-ile-din-ray-duvara-montaj-kiti","status":"publish","type":"product","link":"https:\/\/shentek.com\/tr\/product\/1-baglanti-seri-rs-232-cihaz-sunucu-asiri-ip-ethernet-ile-din-ray-duvara-montaj-kiti\/","title":{"rendered":"IP Ethernet \u00dczerinden Seri RS232 Ayg\u0131t Sunucusu"},"content":{"rendered":"","protected":false},"excerpt":{"rendered":"<p><span lang=\"EN-US\"> <span style=\"color: #000000;\"> \u00d6zellikler ve Fayda <\/span> <\/span><\/p>\n<p><span lang=\"EN-US\"> <span style=\"color: #000000;\"> \u0130letim ve Alma ve Ethernet Ba\u011flant\u0131s\u0131 ve 10\/100 LED s\u00fcr\u00fcc\u00fcs\u00fc <\/span> <\/span><\/p>\n<p><span lang=\"EN-US\"> <span style=\"color: #000000;\"> A\u011f Ge\u00e7idi IP Adresi <\/span> <\/span><\/p>\n<p><span lang=\"EN-US\"> <span style=\"color: #000000;\"> Seri RS-232 Arabirim 1 ba\u011flant\u0131 noktas\u0131 <\/span> <\/span><\/p>\n<p><span lang=\"EN-US\"> <span style=\"color: #000000;\"> RS-232 portu i\u00e7in 15KV ESD Korumas\u0131 <\/span> <\/span><\/p>\n<p><span lang=\"EN-US\"> <span style=\"color: #000000;\"> 10\/100 Mbps Ethernet Aray\u00fcz\u00fc <\/span> <\/span><\/p>\n<p><span lang=\"EN-US\"> <span style=\"color: #000000;\"> 230 Kbps&#8217;ye kadar aktar\u0131m h\u0131z\u0131 <\/span> <\/span><\/p>\n<p><span lang=\"EN-US\"> <span style=\"color: #000000;\"> \u0130ki G\u00fc\u00e7 Kayna\u011f\u0131 yolu, her ikisi de 9 &#8211; 30Vdc deste\u011fi <\/span> <\/span><\/p>\n<p><span lang=\"EN-US\"> <span style=\"color: #000000;\"> Destek Modu: VCOM, TCP Sunucu, TCP \u0130stemcisi ve UDP, E\u015fle\u015ftirilmi\u015f mod <\/span> <\/span><\/p>\n<p><span lang=\"EN-US\"> <span style=\"color: #000000;\"> HTTP, DHCP, ICMP (PING), Statik IP ve ARP destekleniyor <\/span> <\/span><\/p>\n","protected":false},"featured_media":8312,"comment_status":"open","ping_status":"closed","template":"","meta":[],"product_cat":[1158,1159,1135],"product_tag":[1139,1160,1128,1131,1161,1134],"_links":{"self":[{"href":"https:\/\/shentek.com\/tr\/wp-json\/wp\/v2\/product\/8307"}],"collection":[{"href":"https:\/\/shentek.com\/tr\/wp-json\/wp\/v2\/product"}],"about":[{"href":"https:\/\/shentek.com\/tr\/wp-json\/wp\/v2\/types\/product"}],"replies":[{"embeddable":true,"href":"https:\/\/shentek.com\/tr\/wp-json\/wp\/v2\/comments?post=8307"}],"wp:featuredmedia":[{"embeddable":true,"href":"https:\/\/shentek.com\/tr\/wp-json\/wp\/v2\/media\/8312"}],"wp:attachment":[{"href":"https:\/\/shentek.com\/tr\/wp-json\/wp\/v2\/media?parent=8307"}],"wp:term":[{"taxonomy":"product_cat","embeddable":true,"href":"https:\/\/shentek.com\/tr\/wp-json\/wp\/v2\/product_cat?post=8307"},{"taxonomy":"product_tag","embeddable":true,"href":"https:\/\/shentek.com\/tr\/wp-json\/wp\/v2\/product_tag?post=8307"}],"curies":[{"name":"wp","href":"https:\/\/api.w.org\/{rel}","templated":true}]}}