{"id":8332,"date":"2018-08-17T15:45:49","date_gmt":"2018-08-17T07:45:49","guid":{"rendered":"http:\/\/www.shentek.com\/product\/1-port-rs232-serial-device-server-over-ethernet-poe\/"},"modified":"2018-11-29T15:32:41","modified_gmt":"2018-11-29T07:32:41","slug":"1-baglanti-rs232-seri-aygit-sunucu-ethernet-uzerinden-poe","status":"publish","type":"product","link":"https:\/\/shentek.com\/tr\/product\/1-baglanti-rs232-seri-aygit-sunucu-ethernet-uzerinden-poe\/","title":{"rendered":"Ethernet \u00fczerinden 1 port RS232 Seri Ayg\u0131t Sunucusu PoE"},"content":{"rendered":"","protected":false},"excerpt":{"rendered":"<p><span lang=\"EN-US\"> <span style=\"color: #000000;\"> \u00d6zellikler ve Fayda <\/span> <\/span><\/p>\n<p><span lang=\"EN-US\"> <span style=\"color: #000000;\"> \u0130letim ve Alma ve Ethernet Ba\u011flant\u0131s\u0131 ve 10\/100 LED s\u00fcr\u00fcc\u00fcs\u00fc <\/span> <\/span><\/p>\n<p><span lang=\"EN-US\"> <span style=\"color: #000000;\"> A\u011f Ge\u00e7idi IP Adresi <\/span> <\/span><\/p>\n<p><span lang=\"EN-US\"> <span style=\"color: #000000;\"> Seri RS-232 Arabirim 1 ba\u011flant\u0131 noktas\u0131 <\/span> <\/span><\/p>\n<p><span lang=\"EN-US\"> <span style=\"color: #000000;\"> RS-232 portu i\u00e7in 15KV ESD Korumas\u0131 <\/span> <\/span><\/p>\n<p><span lang=\"EN-US\"> <span style=\"color: #000000;\"> 10\/100 Mbps Ethernet Aray\u00fcz\u00fc <\/span> <\/span><\/p>\n<p><span lang=\"EN-US\"> <span style=\"color: #000000;\"> 921 Kbps&#8217;ye kadar aktar\u0131m h\u0131z\u0131 <\/span> <\/span><\/p>\n<p><span lang=\"EN-US\"> <span style=\"color: #000000;\"> \u0130ki G\u00fc\u00e7 Kayna\u011f\u0131 yolu, her ikisi de 10-48Vdc&#8217;yi destekler <\/span> <\/span><\/p>\n<p><span lang=\"EN-US\"> <span style=\"color: #000000;\"> Destek Modu: VSP Com, TCP Sunucu, TCP \u0130stemcisi, UDP, E\u015fle\u015ftirilmi\u015f Mod, HTTP, DHCP, ICMP (Ping), Statik IP ve Desteklenen ARP <\/span> <\/span><\/p>\n<p><span lang=\"EN-US\"> <span style=\"color: #000000;\"> Giri\u015f voltaj\u0131 aral\u0131\u011f\u0131 36V ila 57V <\/span> <\/span><\/p>\n<p><span lang=\"EN-US\"> <span style=\"color: #000000;\"> \u00c7\u0131k\u0131\u015fa 1.5K yal\u0131t\u0131m giri\u015fi <\/span> <\/span><\/p>\n<p><span lang=\"EN-US\"> <span style=\"color: #000000;\"> IEEE 802.3af POE (PSE i\u00e7in Port ba\u015f\u0131na 15 Watt&#8217;a kadar) <\/span> <\/span><\/p>\n<p><span lang=\"EN-US\"> <span style=\"color: #000000;\"> at\u0131\u015f devre \u00e7\u0131k\u0131\u015f\u0131 korumas\u0131 <\/span> <\/span><\/p>\n<p><span lang=\"EN-US\"> <span style=\"color: #000000;\"> End\u00fcstriyel \u00d6zellikleri Destekler <\/span> <\/span><\/p>\n","protected":false},"featured_media":8252,"comment_status":"open","ping_status":"closed","template":"","meta":[],"product_cat":[1158,1159,1135],"product_tag":[1160,1128,1162,1131,1134],"_links":{"self":[{"href":"https:\/\/shentek.com\/tr\/wp-json\/wp\/v2\/product\/8332"}],"collection":[{"href":"https:\/\/shentek.com\/tr\/wp-json\/wp\/v2\/product"}],"about":[{"href":"https:\/\/shentek.com\/tr\/wp-json\/wp\/v2\/types\/product"}],"replies":[{"embeddable":true,"href":"https:\/\/shentek.com\/tr\/wp-json\/wp\/v2\/comments?post=8332"}],"wp:featuredmedia":[{"embeddable":true,"href":"https:\/\/shentek.com\/tr\/wp-json\/wp\/v2\/media\/8252"}],"wp:attachment":[{"href":"https:\/\/shentek.com\/tr\/wp-json\/wp\/v2\/media?parent=8332"}],"wp:term":[{"taxonomy":"product_cat","embeddable":true,"href":"https:\/\/shentek.com\/tr\/wp-json\/wp\/v2\/product_cat?post=8332"},{"taxonomy":"product_tag","embeddable":true,"href":"https:\/\/shentek.com\/tr\/wp-json\/wp\/v2\/product_tag?post=8332"}],"curies":[{"name":"wp","href":"https:\/\/api.w.org\/{rel}","templated":true}]}}