{"id":8333,"date":"2018-08-17T15:40:55","date_gmt":"2018-08-17T07:40:55","guid":{"rendered":"http:\/\/www.shentek.com\/product\/ftdi-usb-to-1-port-rs232-adapter-industrial\/"},"modified":"2018-11-29T15:32:34","modified_gmt":"2018-11-29T07:32:34","slug":"ftdi-usb-1-baglanti-noktasi-rs232-adaptoru-endustriyel","status":"publish","type":"product","link":"https:\/\/shentek.com\/tr\/product\/ftdi-usb-1-baglanti-noktasi-rs232-adaptoru-endustriyel\/","title":{"rendered":"FTDI USB 1 port RS232 Adapt\u00f6r End\u00fcstriyel"},"content":{"rendered":"","protected":false},"excerpt":{"rendered":"<p><span lang=\"EN-US\"> <span style=\"color: #000000;\"> \u00d6zellikler ve Fayda <\/span> <\/span><\/p>\n<p><span lang=\"EN-US\"> <span style=\"color: #000000;\"> Sisteminiz i\u00e7in 1 adet RS-232 com portunu geni\u015fletir <\/span> <\/span><\/p>\n<p><span lang=\"EN-US\"> <span style=\"color: #000000;\"> Y\u00fcksek H\u0131zl\u0131 Baud, 921.6Kbps&#8217;ye kadar h\u0131zland\u0131r\u0131ld\u0131 <\/span> <\/span><\/p>\n<p><span lang=\"EN-US\"> <span style=\"color: #000000;\"> USB 1.0 \/ 1.1 uyumlu, USB 2.0 Tam H\u0131z uyumlu <\/span> <\/span><\/p>\n<p><span lang=\"EN-US\"> <span style=\"color: #000000;\"> T\u00fcm RS-232 portu i\u00e7in yerle\u015fik 15KV ESD korumas\u0131 <\/span> <\/span><\/p>\n<p><span lang=\"EN-US\"> <span style=\"color: #000000;\"> End\u00fcstriyel \u00d6zellikleri Destekler <\/span> <\/span><\/p>\n<p><span lang=\"EN-US\"> <span style=\"color: #000000;\"> TX arabelle\u011fi 512 bayt ve RX arabelle\u011fi 512 bayt <\/span> <\/span><\/p>\n<p><span lang=\"EN-US\"> <span style=\"color: #000000;\"> Microsoft Windows, Linux ve MAC s\u00fcr\u00fcc\u00fclerini destekler. <\/span> <\/span><\/p>\n","protected":false},"featured_media":8252,"comment_status":"open","ping_status":"closed","template":"","meta":[],"product_cat":[1153,1154,1149,1126,1135],"product_tag":[1151,1127,1156,1131,1161],"_links":{"self":[{"href":"https:\/\/shentek.com\/tr\/wp-json\/wp\/v2\/product\/8333"}],"collection":[{"href":"https:\/\/shentek.com\/tr\/wp-json\/wp\/v2\/product"}],"about":[{"href":"https:\/\/shentek.com\/tr\/wp-json\/wp\/v2\/types\/product"}],"replies":[{"embeddable":true,"href":"https:\/\/shentek.com\/tr\/wp-json\/wp\/v2\/comments?post=8333"}],"wp:featuredmedia":[{"embeddable":true,"href":"https:\/\/shentek.com\/tr\/wp-json\/wp\/v2\/media\/8252"}],"wp:attachment":[{"href":"https:\/\/shentek.com\/tr\/wp-json\/wp\/v2\/media?parent=8333"}],"wp:term":[{"taxonomy":"product_cat","embeddable":true,"href":"https:\/\/shentek.com\/tr\/wp-json\/wp\/v2\/product_cat?post=8333"},{"taxonomy":"product_tag","embeddable":true,"href":"https:\/\/shentek.com\/tr\/wp-json\/wp\/v2\/product_tag?post=8333"}],"curies":[{"name":"wp","href":"https:\/\/api.w.org\/{rel}","templated":true}]}}