{"id":8353,"date":"2018-08-17T15:21:07","date_gmt":"2018-08-17T07:21:07","guid":{"rendered":"http:\/\/www.shentek.com\/product\/serial-com-rs232-3kv-isolation-adapter-converter\/"},"modified":"2018-11-29T15:55:13","modified_gmt":"2018-11-29T07:55:13","slug":"seri-com-rs232-3kv-izolasyon-adaptor-donusturucu","status":"publish","type":"product","link":"https:\/\/shentek.com\/tr\/product\/seri-com-rs232-3kv-izolasyon-adaptor-donusturucu\/","title":{"rendered":"Seri COM RS232 3KV \u0130zolasyon Adapt\u00f6r\u00fc D\u00f6n\u00fc\u015ft\u00fcr\u00fcc\u00fc"},"content":{"rendered":"","protected":false},"excerpt":{"rendered":"<p><span lang=\"EN-US\"> <span style=\"color: #000000;\"> \u00d6zellikler ve Fayda <\/span> <\/span><\/p>\n<p><span lang=\"EN-US\"> <span style=\"color: #000000;\"> 3KV \u0130zolasyonu <\/span> <\/span><\/p>\n<p><span lang=\"EN-US\"> <span style=\"color: #000000;\"> 2 yollu g\u00fc\u00e7 kayna\u011f\u0131 <\/span> <\/span><\/p>\n<p><span lang=\"EN-US\"> <span style=\"color: #000000;\"> Tam \u00e7ift y\u00f6nl\u00fc Veri \u0130leti\u015fimi <\/span> <\/span><\/p>\n<p><span lang=\"EN-US\"> <span style=\"color: #000000;\"> Saf Donan\u0131m \u00c7\u00f6z\u00fcm\u00fc-ger\u00e7ek zamanl\u0131 Veri Aktar\u0131m\u0131 <\/span> <\/span><\/p>\n<p><span lang=\"EN-US\"> <span style=\"color: #000000;\"> PC&#8217;ler aras\u0131nda veri veya dosya aktar\u0131n. Ekipmanlar <\/span> <\/span><\/p>\n<p><span lang=\"EN-US\"> <span style=\"color: #000000;\"> End\u00fcstriyel Standart <\/span> <\/span><\/p>\n<p><span lang=\"EN-US\"> <span style=\"color: #000000;\"> T\u00fcm RS-232 protokolleriyle uyumludur <\/span> <\/span><\/p>\n<p><span lang=\"EN-US\"> <span style=\"color: #000000;\"> Yaz\u0131l\u0131m Yap\u0131land\u0131rmas\u0131 Yok <\/span> <\/span><\/p>\n<p><span lang=\"EN-US\"> <span style=\"color: #000000;\"> T\u00fcm Seri Ba\u011flant\u0131 Noktalar\u0131 i\u00e7in yerle\u015fik 15KV ESD korumas\u0131 <\/span> <\/span><\/p>\n<p><span lang=\"EN-US\"> <span style=\"color: #000000;\"> End\u00fcstriyel \u00d6zellikleri Destekler <\/span> <\/span><\/p>\n<p><span lang=\"EN-US\"> <span style=\"color: #000000;\"> S\u00fcr\u00fcc\u00fc \u0130htiyac\u0131 Yok <\/span> <\/span><\/p>\n","protected":false},"featured_media":8357,"comment_status":"open","ping_status":"closed","template":"","meta":[],"product_cat":[1153,1126],"product_tag":[1150,1155,1151,1127,1128,1131,1134],"_links":{"self":[{"href":"https:\/\/shentek.com\/tr\/wp-json\/wp\/v2\/product\/8353"}],"collection":[{"href":"https:\/\/shentek.com\/tr\/wp-json\/wp\/v2\/product"}],"about":[{"href":"https:\/\/shentek.com\/tr\/wp-json\/wp\/v2\/types\/product"}],"replies":[{"embeddable":true,"href":"https:\/\/shentek.com\/tr\/wp-json\/wp\/v2\/comments?post=8353"}],"wp:featuredmedia":[{"embeddable":true,"href":"https:\/\/shentek.com\/tr\/wp-json\/wp\/v2\/media\/8357"}],"wp:attachment":[{"href":"https:\/\/shentek.com\/tr\/wp-json\/wp\/v2\/media?parent=8353"}],"wp:term":[{"taxonomy":"product_cat","embeddable":true,"href":"https:\/\/shentek.com\/tr\/wp-json\/wp\/v2\/product_cat?post=8353"},{"taxonomy":"product_tag","embeddable":true,"href":"https:\/\/shentek.com\/tr\/wp-json\/wp\/v2\/product_tag?post=8353"}],"curies":[{"name":"wp","href":"https:\/\/api.w.org\/{rel}","templated":true}]}}