{"id":8367,"date":"2018-08-16T17:38:43","date_gmt":"2018-08-16T09:38:43","guid":{"rendered":"http:\/\/www.shentek.com\/product\/16-port-rs-232-422-485-device-server-over-ethernet\/"},"modified":"2018-11-29T14:46:20","modified_gmt":"2018-11-29T06:46:20","slug":"16-baglanti-rs-232-422-485-cihazli-sunucu-ethernet-uzerinden","status":"publish","type":"product","link":"https:\/\/shentek.com\/tr\/product\/16-baglanti-rs-232-422-485-cihazli-sunucu-ethernet-uzerinden\/","title":{"rendered":"Ethernet \u00fczerinden 16 portlu RS-232\/422\/485 Ayg\u0131t Sunucusu"},"content":{"rendered":"","protected":false},"excerpt":{"rendered":"<p><span lang=\"EN-US\"> <span style=\"color: #000000;\"> \u00d6zellikler ve Fayda <\/span> <\/span><\/p>\n<p><span lang=\"EN-US\"> <span style=\"color: #000000;\"> \u0130letim ve Alma ve Ethernet Ba\u011flant\u0131s\u0131 ve 10\/100 LED s\u00fcr\u00fcc\u00fcs\u00fc <\/span> <\/span><\/p>\n<p><span lang=\"EN-US\"> <span style=\"color: #000000;\"> A\u011f Ge\u00e7idi IP Adresi <\/span> <\/span><\/p>\n<p><span lang=\"EN-US\"> <span style=\"color: #000000;\"> Seri RS-232\/422\/485 Aray\u00fcz\u00fc <\/span> <\/span><\/p>\n<p><span lang=\"EN-US\"> <span style=\"color: #000000;\"> 10\/100 Mbps Ethernet Aray\u00fcz\u00fc <\/span> <\/span><\/p>\n<p><span lang=\"EN-US\"> <span style=\"color: #000000;\"> 921Kbps&#8217;ye Kadar Transfer H\u0131z\u0131 <\/span> <\/span><\/p>\n<p><span lang=\"EN-US\"> <span style=\"color: #000000;\"> Destek Modu: VSP Com, TCP Sunucu, TCP \u0130stemcisi, UDP, E\u015fle\u015ftirilmi\u015f Mod, HTTP, DHCP, ICMP (Ping), Statik IP ve Desteklenen ARP <\/span> <\/span><\/p>\n<p><span lang=\"EN-US\"> <span style=\"color: #000000;\"> End\u00fcstriyel \u00d6zellikleri Destekler <\/span> <\/span><\/p>\n<p><span lang=\"EN-US\"> Y\u00fcksek H\u0131zl\u0131 ARM9G20 (400 MHz) CPU <\/span><\/p>\n<p><span lang=\"EN-US\"> Destek \u00c7ift 10 \/ 100 Ethernet, LAN ve WAN ileti\u015fimi <\/span><\/p>\n<p><span lang=\"EN-US\"> Kolay IP adresi \u00f6n LCD panelli yap\u0131land\u0131rma <\/span><\/p>\n","protected":false},"featured_media":8252,"comment_status":"open","ping_status":"closed","template":"","meta":[],"product_cat":[1158,1159,1135],"product_tag":[1160,1131,1132,1133],"_links":{"self":[{"href":"https:\/\/shentek.com\/tr\/wp-json\/wp\/v2\/product\/8367"}],"collection":[{"href":"https:\/\/shentek.com\/tr\/wp-json\/wp\/v2\/product"}],"about":[{"href":"https:\/\/shentek.com\/tr\/wp-json\/wp\/v2\/types\/product"}],"replies":[{"embeddable":true,"href":"https:\/\/shentek.com\/tr\/wp-json\/wp\/v2\/comments?post=8367"}],"wp:featuredmedia":[{"embeddable":true,"href":"https:\/\/shentek.com\/tr\/wp-json\/wp\/v2\/media\/8252"}],"wp:attachment":[{"href":"https:\/\/shentek.com\/tr\/wp-json\/wp\/v2\/media?parent=8367"}],"wp:term":[{"taxonomy":"product_cat","embeddable":true,"href":"https:\/\/shentek.com\/tr\/wp-json\/wp\/v2\/product_cat?post=8367"},{"taxonomy":"product_tag","embeddable":true,"href":"https:\/\/shentek.com\/tr\/wp-json\/wp\/v2\/product_tag?post=8367"}],"curies":[{"name":"wp","href":"https:\/\/api.w.org\/{rel}","templated":true}]}}