{"id":8407,"date":"2018-08-16T17:21:08","date_gmt":"2018-08-16T09:21:08","guid":{"rendered":"http:\/\/www.shentek.com\/product\/serial-over-ethernet-device-server-ip-lan-rs422-rs485\/"},"modified":"2018-11-29T20:51:50","modified_gmt":"2018-11-29T12:51:50","slug":"seri-over-ethernet-cihaz-sunucu-ip-lan-rs422-rs485","status":"publish","type":"product","link":"https:\/\/shentek.com\/tr\/product\/seri-over-ethernet-cihaz-sunucu-ip-lan-rs422-rs485\/","title":{"rendered":"Ethernet \u00dczerinden Seri Cihaz Sunucusu IP LAN RS422 RS485"},"content":{"rendered":"","protected":false},"excerpt":{"rendered":"<p><span lang=\"EN-US\"> <span style=\"color: #000000;\"> \u00d6zellikler ve Fayda <\/span> <\/span><\/p>\n<p><span lang=\"EN-US\"> <span style=\"color: #000000;\"> \u0130letim ve Alma ve Ethernet Ba\u011flant\u0131s\u0131 ve 10\/100 LED s\u00fcr\u00fcc\u00fcs\u00fc <\/span> <\/span><\/p>\n<p><span lang=\"EN-US\"> <span style=\"color: #000000;\"> A\u011f Ge\u00e7idi IP Adresi <\/span> <\/span><\/p>\n<p><span lang=\"EN-US\"> <span style=\"color: #000000;\"> Seri RS-422\/485 Arabirim 4 ba\u011flant\u0131 noktas\u0131 <\/span> <\/span><\/p>\n<p><span lang=\"EN-US\"> <span style=\"color: #000000;\"> 15KV ESD Korumas\u0131 <\/span> <\/span><\/p>\n<p><span lang=\"EN-US\"> <span style=\"color: #000000;\"> 10\/100 Mbps Ethernet Aray\u00fcz\u00fc <\/span> <\/span><\/p>\n<p><span lang=\"EN-US\"> <span style=\"color: #000000;\"> 460 Kbps&#8217;ye kadar aktar\u0131m h\u0131z\u0131 <\/span> <\/span><\/p>\n<p><span lang=\"EN-US\"> <span style=\"color: #000000;\"> \u0130ki G\u00fc\u00e7 Kayna\u011f\u0131 yolu, her ikisi de 10 &#8211; 48 V <\/span> <\/span> destekler<\/p>\n<p><span lang=\"EN-US\"> <span style=\"color: #000000;\"> Destek Modu: VSP Com, TCP Sunucu, TCP \u0130stemcisi, UDP, E\u015fle\u015ftirilmi\u015f Mod, HTTP, DHCP, ICMP (Ping), Statik IP ve Desteklenen ARP <\/span> <\/span><\/p>\n<p><span lang=\"EN-US\"> <span style=\"color: #000000;\"> End\u00fcstriyel \u00d6zellikleri Destekler <\/span> <\/span><\/p>\n<p><span lang=\"EN-US\"> <span style=\"color: #000000;\"> DIP Anahtar\u0131 Ayar\u0131 i\u00e7in 120 ohm&#8217;da yerle\u015fik <\/span> <\/span><\/p>\n<p><span lang=\"EN-US\"> <span style=\"color: #000000;\"> RS-485 Max i\u00e7in 32 ayg\u0131t ba\u011flant\u0131s\u0131 <\/span> <\/span><\/p>\n","protected":false},"featured_media":8408,"comment_status":"open","ping_status":"closed","template":"","meta":[],"product_cat":[1158,1159,1135],"product_tag":[1139,1160,1128,1132,1133,1134],"_links":{"self":[{"href":"https:\/\/shentek.com\/tr\/wp-json\/wp\/v2\/product\/8407"}],"collection":[{"href":"https:\/\/shentek.com\/tr\/wp-json\/wp\/v2\/product"}],"about":[{"href":"https:\/\/shentek.com\/tr\/wp-json\/wp\/v2\/types\/product"}],"replies":[{"embeddable":true,"href":"https:\/\/shentek.com\/tr\/wp-json\/wp\/v2\/comments?post=8407"}],"wp:featuredmedia":[{"embeddable":true,"href":"https:\/\/shentek.com\/tr\/wp-json\/wp\/v2\/media\/8408"}],"wp:attachment":[{"href":"https:\/\/shentek.com\/tr\/wp-json\/wp\/v2\/media?parent=8407"}],"wp:term":[{"taxonomy":"product_cat","embeddable":true,"href":"https:\/\/shentek.com\/tr\/wp-json\/wp\/v2\/product_cat?post=8407"},{"taxonomy":"product_tag","embeddable":true,"href":"https:\/\/shentek.com\/tr\/wp-json\/wp\/v2\/product_tag?post=8407"}],"curies":[{"name":"wp","href":"https:\/\/api.w.org\/{rel}","templated":true}]}}