{"id":8413,"date":"2018-08-16T17:03:56","date_gmt":"2018-08-16T09:03:56","guid":{"rendered":"http:\/\/www.shentek.com\/product\/serial-extender-rs232-over-cat5-industrial-din-rail\/"},"modified":"2018-11-29T21:06:09","modified_gmt":"2018-11-29T13:06:09","slug":"seri-genisletici-rs232-asiri-cat5-endustriyel-din-ray","status":"publish","type":"product","link":"https:\/\/shentek.com\/tr\/product\/seri-genisletici-rs232-asiri-cat5-endustriyel-din-ray\/","title":{"rendered":"Cat5 End\u00fcstriyel Din Ray \u00dczerinde Seri Extender RS232"},"content":{"rendered":"","protected":false},"excerpt":{"rendered":"<p><span lang=\"EN-US\"> <span style=\"color: #000000;\"> \u00d6zellikler ve Fayda <\/span> <\/span><\/p>\n<p><span lang=\"EN-US\"> <span style=\"color: #000000;\"> Tam \u00e7ift y\u00f6nl\u00fc Veri \u0130leti\u015fimi <\/span> <\/span><\/p>\n<p><span lang=\"EN-US\"> <span style=\"color: #000000;\"> Saf Donan\u0131m \u00c7\u00f6z\u00fcm\u00fc-ger\u00e7ek zamanl\u0131 Veri Aktar\u0131m\u0131 <\/span> <\/span><\/p>\n<p><span lang=\"EN-US\"> <span style=\"color: #000000;\"> PC&#8217;ler aras\u0131nda veri veya dosya aktar\u0131n. Ekipmanlar <\/span> <\/span><\/p>\n<p><span lang=\"EN-US\"> <span style=\"color: #000000;\"> Bir CAT-5 kablo uzant\u0131s\u0131 <\/span> <\/span><\/p>\n<p><span lang=\"EN-US\"> <span style=\"color: #000000;\"> End\u00fcstriyel Standart <\/span> <\/span><\/p>\n<p><span lang=\"EN-US\"> <span style=\"color: #000000;\"> T\u00fcm RS-232 protokolleriyle uyumludur <\/span> <\/span><\/p>\n<p><span lang=\"EN-US\"> <span style=\"color: #000000;\"> Yaz\u0131l\u0131m Yap\u0131land\u0131rmas\u0131 Yok <\/span> <\/span><\/p>\n<p><span lang=\"EN-US\"> <span style=\"color: #000000;\"> T\u00fcm Seri Ba\u011flant\u0131 Noktas\u0131 ve RS-422\/485 Sinyal Korumas\u0131 i\u00e7in yerle\u015fik 15KV ESD korumas\u0131 <\/span> <\/span><\/p>\n<p><span lang=\"EN-US\"> <span style=\"color: #000000;\"> End\u00fcstriyel \u00d6zellikleri Destekler <\/span> <\/span><\/p>\n<p><span lang=\"EN-US\"> <span style=\"color: #000000;\"> S\u00fcr\u00fcc\u00fc \u0130htiyac\u0131 Yok <\/span> <\/span><\/p>\n","protected":false},"featured_media":8414,"comment_status":"open","ping_status":"closed","template":"","meta":[],"product_cat":[1124,1153,1126,1135],"product_tag":[1128,1163,1130,1166,1131,1134],"_links":{"self":[{"href":"https:\/\/shentek.com\/tr\/wp-json\/wp\/v2\/product\/8413"}],"collection":[{"href":"https:\/\/shentek.com\/tr\/wp-json\/wp\/v2\/product"}],"about":[{"href":"https:\/\/shentek.com\/tr\/wp-json\/wp\/v2\/types\/product"}],"replies":[{"embeddable":true,"href":"https:\/\/shentek.com\/tr\/wp-json\/wp\/v2\/comments?post=8413"}],"wp:featuredmedia":[{"embeddable":true,"href":"https:\/\/shentek.com\/tr\/wp-json\/wp\/v2\/media\/8414"}],"wp:attachment":[{"href":"https:\/\/shentek.com\/tr\/wp-json\/wp\/v2\/media?parent=8413"}],"wp:term":[{"taxonomy":"product_cat","embeddable":true,"href":"https:\/\/shentek.com\/tr\/wp-json\/wp\/v2\/product_cat?post=8413"},{"taxonomy":"product_tag","embeddable":true,"href":"https:\/\/shentek.com\/tr\/wp-json\/wp\/v2\/product_tag?post=8413"}],"curies":[{"name":"wp","href":"https:\/\/api.w.org\/{rel}","templated":true}]}}