{"id":8461,"date":"2018-08-16T14:42:49","date_gmt":"2018-08-16T06:42:49","guid":{"rendered":"http:\/\/www.shentek.com\/product\/serial-rs485-repeater-rs422-isolation-surge-din-rail\/"},"modified":"2018-11-30T12:46:02","modified_gmt":"2018-11-30T04:46:02","slug":"seri-rs485-tekrarlayici-rs422-izolasyon-dalga-din-ray","status":"publish","type":"product","link":"https:\/\/shentek.com\/tr\/product\/seri-rs485-tekrarlayici-rs422-izolasyon-dalga-din-ray\/","title":{"rendered":"Seri RS485 tekrarlay\u0131c\u0131 RS422 \u0130zolasyon Dalgalanma Din Ray"},"content":{"rendered":"","protected":false},"excerpt":{"rendered":"<p><span lang=\"EN-US\"> <span style=\"color: #000000;\"> \u00d6zellikler ve Fayda <\/span> <\/span><\/p>\n<p><span lang=\"EN-US\"> <span style=\"color: #000000;\"> DIP Anahtar\u0131 Ayar\u0131 i\u00e7in dahili Terminator 120 ohm <\/span> <\/span><\/p>\n<p><span lang=\"EN-US\"> <span style=\"color: #000000;\"> Seri RS-422\/485 ile tam uyumlu <\/span> <\/span><\/p>\n<p><span lang=\"EN-US\"> <span style=\"color: #000000;\"> DC G\u00fc\u00e7 Kayna\u011f\u0131 10 &#8211; 30V A\u015f\u0131r\u0131 Gerilim Korumas\u0131 <\/span> <\/span><\/p>\n<p><span lang=\"EN-US\"> <span style=\"color: #000000;\"> 4 Telli RS-485 (RS-422 \u00c7oklu B\u0131rakma) Modu i\u00e7in Maksimum 10 Cihaz Ba\u011flant\u0131s\u0131 <\/span> <\/span><\/p>\n<p><span lang=\"EN-US\"> <span style=\"color: #000000;\"> RS-485 Modu i\u00e7in Maksimum 32 Ayg\u0131t Ba\u011flant\u0131s\u0131 <\/span> <\/span><\/p>\n<p><span lang=\"EN-US\"> <span style=\"color: #000000;\"> \u0130leti\u015fim durumu LED ile izlenebilmektedir <\/span> <\/span><\/p>\n<p><span lang=\"FR\"> <span style=\"color: #000000;\"> 3KV \u0130zolasyon Korumas\u0131 <\/span> <\/span><\/p>\n<p><span lang=\"FR\"> <span style=\"color: #000000;\"> 600W Dalgalanma Korumas\u0131 <\/span> <\/span><\/p>\n<p><span lang=\"FR\"> <span style=\"color: #000000;\"> End\u00fcstriyel \u00d6zellikler&#8217;i Destekler <\/span> <\/span><\/p>\n<p><span lang=\"EN-US\"> <span style=\"color: #000000;\"> S\u00fcr\u00fcc\u00fc \u0130htiyac\u0131 Yok <\/span> <\/span><\/p>\n","protected":false},"featured_media":8467,"comment_status":"open","ping_status":"closed","template":"","meta":[],"product_cat":[1124,1153,1126,1135],"product_tag":[1128,1167,1132,1133,1134],"_links":{"self":[{"href":"https:\/\/shentek.com\/tr\/wp-json\/wp\/v2\/product\/8461"}],"collection":[{"href":"https:\/\/shentek.com\/tr\/wp-json\/wp\/v2\/product"}],"about":[{"href":"https:\/\/shentek.com\/tr\/wp-json\/wp\/v2\/types\/product"}],"replies":[{"embeddable":true,"href":"https:\/\/shentek.com\/tr\/wp-json\/wp\/v2\/comments?post=8461"}],"wp:featuredmedia":[{"embeddable":true,"href":"https:\/\/shentek.com\/tr\/wp-json\/wp\/v2\/media\/8467"}],"wp:attachment":[{"href":"https:\/\/shentek.com\/tr\/wp-json\/wp\/v2\/media?parent=8461"}],"wp:term":[{"taxonomy":"product_cat","embeddable":true,"href":"https:\/\/shentek.com\/tr\/wp-json\/wp\/v2\/product_cat?post=8461"},{"taxonomy":"product_tag","embeddable":true,"href":"https:\/\/shentek.com\/tr\/wp-json\/wp\/v2\/product_tag?post=8461"}],"curies":[{"name":"wp","href":"https:\/\/api.w.org\/{rel}","templated":true}]}}