{"id":8483,"date":"2018-08-16T14:32:07","date_gmt":"2018-08-16T06:32:07","guid":{"rendered":"http:\/\/www.shentek.com\/product\/rs232-to-rs485-converter-serial-rs422-isoaltion-surge\/"},"modified":"2018-11-30T11:14:23","modified_gmt":"2018-11-30T03:14:23","slug":"rs232den-rs485-donusturucusu-seri-422-izolasyonu-dalga","status":"publish","type":"product","link":"https:\/\/shentek.com\/tr\/product\/rs232den-rs485-donusturucusu-seri-422-izolasyonu-dalga\/","title":{"rendered":"RS232 RS485 D\u00f6n\u00fc\u015ft\u00fcr\u00fcc\u00fc Seri RS422 \u0130zolasyon Dalgalanmas\u0131"},"content":{"rendered":"","protected":false},"excerpt":{"rendered":"<p><span lang=\"EN-US\"> <span style=\"color: #000000;\"> \u00d6zellikler ve Fayda <\/span> <\/span><\/p>\n<p><span lang=\"EN-US\"> <span style=\"color: #000000;\"> Y\u00fcksek H\u0131zl\u0131 Baud, 921.6Kbps&#8217;ye kadar h\u0131zland\u0131r\u0131ld\u0131 <\/span> <\/span><\/p>\n<p><span lang=\"EN-US\"> <span style=\"color: #000000;\"> DIP Anahtar\u0131 Ayar\u0131 i\u00e7in dahili Terminator 120 ohm <\/span> <\/span><\/p>\n<p><span lang=\"EN-US\"> <span style=\"color: #000000;\"> 4 Telli RS-485 (RS-422 \u00c7oklu B\u0131rakma) Modu i\u00e7in Maksimum 10 Cihaz Ba\u011flant\u0131s\u0131 <\/span> <\/span><\/p>\n<p><span lang=\"EN-US\"> <span style=\"color: #000000;\"> RS-485 Modu i\u00e7in Maksimum 32 Ayg\u0131t Ba\u011flant\u0131s\u0131 <\/span> <\/span><\/p>\n<p><span lang=\"EN-US\"> <span style=\"color: #000000;\"> \u0130leti\u015fim durumu LED ile izlenebilmektedir <\/span> <\/span><\/p>\n<p><span lang=\"EN-US\"> <span style=\"color: #000000;\"> 3KV Optik \u0130zolasyon Korumas\u0131 <\/span> <\/span><\/p>\n<p><span lang=\"EN-US\"> <span style=\"color: #000000;\"> 600W Dalgalanma Korumas\u0131 <\/span> <\/span><\/p>\n<p><span lang=\"EN-US\"> <span style=\"color: #000000;\"> T\u00fcm Seri Ba\u011flant\u0131 Noktas\u0131 ve RS-422\/485 Sinyal Korumas\u0131 i\u00e7in yerle\u015fik 15KV ESD korumas\u0131 <\/span> <\/span><\/p>\n<p><span lang=\"EN-US\"> <span style=\"color: #000000;\"> End\u00fcstriyel \u00d6zellikleri Destekler <\/span> <\/span><\/p>\n<p><span lang=\"EN-US\"> <span style=\"color: #000000;\"> S\u00fcr\u00fcc\u00fc \u0130htiyac\u0131 Yok <\/span> <\/span><\/p>\n","protected":false},"featured_media":8485,"comment_status":"open","ping_status":"closed","template":"","meta":[],"product_cat":[1124,1153,1126,1135],"product_tag":[1150,1155,1128,1130,1131,1132,1133,1134],"_links":{"self":[{"href":"https:\/\/shentek.com\/tr\/wp-json\/wp\/v2\/product\/8483"}],"collection":[{"href":"https:\/\/shentek.com\/tr\/wp-json\/wp\/v2\/product"}],"about":[{"href":"https:\/\/shentek.com\/tr\/wp-json\/wp\/v2\/types\/product"}],"replies":[{"embeddable":true,"href":"https:\/\/shentek.com\/tr\/wp-json\/wp\/v2\/comments?post=8483"}],"wp:featuredmedia":[{"embeddable":true,"href":"https:\/\/shentek.com\/tr\/wp-json\/wp\/v2\/media\/8485"}],"wp:attachment":[{"href":"https:\/\/shentek.com\/tr\/wp-json\/wp\/v2\/media?parent=8483"}],"wp:term":[{"taxonomy":"product_cat","embeddable":true,"href":"https:\/\/shentek.com\/tr\/wp-json\/wp\/v2\/product_cat?post=8483"},{"taxonomy":"product_tag","embeddable":true,"href":"https:\/\/shentek.com\/tr\/wp-json\/wp\/v2\/product_tag?post=8483"}],"curies":[{"name":"wp","href":"https:\/\/api.w.org\/{rel}","templated":true}]}}