{"id":8515,"date":"2018-08-16T14:12:48","date_gmt":"2018-08-16T06:12:48","guid":{"rendered":"http:\/\/www.shentek.com\/product\/1-slot-sd-card-reader-pcmcia-card\/"},"modified":"2018-11-30T11:37:20","modified_gmt":"2018-11-30T03:37:20","slug":"1-yuvasi-sd-kart-okuyucu-pcmcia-karti","status":"publish","type":"product","link":"https:\/\/shentek.com\/tr\/product\/1-yuvasi-sd-kart-okuyucu-pcmcia-karti\/","title":{"rendered":"1 yuva SD Kart Okuyucu PCMCIA Kart\u0131"},"content":{"rendered":"","protected":false},"excerpt":{"rendered":"<p><span lang=\"EN-US\"> <span style=\"color: #000000;\"> \u00d6zellikler ve Fayda <\/span> <\/span><\/p>\n<p><span lang=\"EN-US\"> <span style=\"color: #000000;\"> PC Card Standard 8.0 ile uyumlu <\/span> <\/span><\/p>\n<p><span lang=\"EN-US\"> <span style=\"color: #000000;\"> PCMCIA 2.1 \/ JIEDA 4.2 ile uyumlu <\/span> <\/span><\/p>\n<p><span lang=\"EN-US\"> <span style=\"color: #000000;\"> PC kart\u0131 belle\u011fi, PC kart\u0131 IO ve True-IDE modlar\u0131 kullanarak kompakt Flash bellek kart\u0131 modu <\/span> <\/span><\/p>\n<p><span lang=\"EN-US\"> <span style=\"color: #000000;\"> 8 bit veya 16 bit geni\u015f veri kullanarak PC kart\u0131 bellek modu ve PC kart\u0131 IO i\u015fletim modu <\/span> <\/span><\/p>\n<p><span lang=\"EN-US\"> <span style=\"color: #000000;\"> \u00d6znitelik belle\u011fi, ortak bellek ve PC kart\u0131 \/ PCMCIA modunda IO eri\u015fimi. <\/span> <\/span><\/p>\n<p><span lang=\"EN-US\"> <span style=\"color: #000000;\"> Geni\u015fletilebilir 4 kanall\u0131 SD HOST mod\u00fcl\u00fc <\/span> <\/span><\/p>\n","protected":false},"featured_media":8516,"comment_status":"open","ping_status":"closed","template":"","meta":[],"product_cat":[781],"product_tag":[1171,1172,1173,1174,1175],"_links":{"self":[{"href":"https:\/\/shentek.com\/tr\/wp-json\/wp\/v2\/product\/8515"}],"collection":[{"href":"https:\/\/shentek.com\/tr\/wp-json\/wp\/v2\/product"}],"about":[{"href":"https:\/\/shentek.com\/tr\/wp-json\/wp\/v2\/types\/product"}],"replies":[{"embeddable":true,"href":"https:\/\/shentek.com\/tr\/wp-json\/wp\/v2\/comments?post=8515"}],"wp:featuredmedia":[{"embeddable":true,"href":"https:\/\/shentek.com\/tr\/wp-json\/wp\/v2\/media\/8516"}],"wp:attachment":[{"href":"https:\/\/shentek.com\/tr\/wp-json\/wp\/v2\/media?parent=8515"}],"wp:term":[{"taxonomy":"product_cat","embeddable":true,"href":"https:\/\/shentek.com\/tr\/wp-json\/wp\/v2\/product_cat?post=8515"},{"taxonomy":"product_tag","embeddable":true,"href":"https:\/\/shentek.com\/tr\/wp-json\/wp\/v2\/product_tag?post=8515"}],"curies":[{"name":"wp","href":"https:\/\/api.w.org\/{rel}","templated":true}]}}