{"id":8523,"date":"2018-08-16T14:07:45","date_gmt":"2018-08-16T06:07:45","guid":{"rendered":"http:\/\/www.shentek.com\/product\/serial-2-com-rs232-1-port-parallel-expresscard-laptop\/"},"modified":"2018-11-30T12:01:01","modified_gmt":"2018-11-30T04:01:01","slug":"seri-2-com-rs232-1-portlu-paralel-expresscard-dizustu","status":"publish","type":"product","link":"https:\/\/shentek.com\/tr\/product\/seri-2-com-rs232-1-portlu-paralel-expresscard-dizustu\/","title":{"rendered":"Seri 2 COM RS232 1 port Paralel ExpressCard Diz\u00fcst\u00fc"},"content":{"rendered":"","protected":false},"excerpt":{"rendered":"<p><span lang=\"EN-US\"> <span style=\"color: #000000;\"> \u00d6zellikler ve Fayda <\/span> <\/span><\/p>\n<p><span lang=\"EN-US\"> <span style=\"color: #000000;\"> Sisteminiz i\u00e7in 2 RS-232 com portunu ve 1 port Paralelini geni\u015fletir <\/span> <\/span><\/p>\n<p><span lang=\"EN-US\"> <span style=\"color: #000000;\"> Y\u00fcksek H\u0131zl\u0131 Baud, 921.6Kbps&#8217;ye kadar h\u0131zland\u0131r\u0131ld\u0131 <\/span> <\/span><\/p>\n<p><span lang=\"EN-US\"> <span style=\"color: #000000;\"> PCI Express 2.0 Gen 1 uyumlu kar\u015f\u0131lamak i\u00e7in tasar\u0131m <\/span> <\/span><\/p>\n<p><span lang=\"EN-US\"> <span style=\"color: #000000;\"> Yerle\u015fik 15KV ESD korumas\u0131 <\/span> <\/span><\/p>\n<p><span lang=\"EN-US\"> <span style=\"color: #000000;\"> End\u00fcstriyel \u00d6zellikleri Destekler <\/span> <\/span><\/p>\n<p><span lang=\"EN-US\"> <span style=\"color: #000000;\"> 256 bayt FIFO entegre UART <\/span> <\/span><\/p>\n<p><span lang=\"EN-US\"> <span style=\"color: #000000;\"> Paralel &#8211; Uyumluluk modu, \u00c7ift y\u00f6nl\u00fc mod, Bayt modu , EPP modu ve ECP modu) <\/span> <\/span><\/p>\n<p><span lang=\"FR\"> <span style=\"color: #000000;\"> 16byte : EPP \/ ECP modu <\/span> <\/span><\/p>\n<p><span lang=\"EN-US\"> <span style=\"color: #000000;\"> Microsoft Windows, Linux&#8217;u destekler <\/span> <\/span><\/p>\n","protected":false},"featured_media":8527,"comment_status":"open","ping_status":"closed","template":"","meta":[],"product_cat":[781],"product_tag":[1178,1173,1179,1131],"_links":{"self":[{"href":"https:\/\/shentek.com\/tr\/wp-json\/wp\/v2\/product\/8523"}],"collection":[{"href":"https:\/\/shentek.com\/tr\/wp-json\/wp\/v2\/product"}],"about":[{"href":"https:\/\/shentek.com\/tr\/wp-json\/wp\/v2\/types\/product"}],"replies":[{"embeddable":true,"href":"https:\/\/shentek.com\/tr\/wp-json\/wp\/v2\/comments?post=8523"}],"wp:featuredmedia":[{"embeddable":true,"href":"https:\/\/shentek.com\/tr\/wp-json\/wp\/v2\/media\/8527"}],"wp:attachment":[{"href":"https:\/\/shentek.com\/tr\/wp-json\/wp\/v2\/media?parent=8523"}],"wp:term":[{"taxonomy":"product_cat","embeddable":true,"href":"https:\/\/shentek.com\/tr\/wp-json\/wp\/v2\/product_cat?post=8523"},{"taxonomy":"product_tag","embeddable":true,"href":"https:\/\/shentek.com\/tr\/wp-json\/wp\/v2\/product_tag?post=8523"}],"curies":[{"name":"wp","href":"https:\/\/api.w.org\/{rel}","templated":true}]}}