{"id":8571,"date":"2018-08-16T13:52:39","date_gmt":"2018-08-16T05:52:39","guid":{"rendered":"http:\/\/www.shentek.com\/product\/34mm-expresscard-to-16bit-pcmcia-32bit-cardbus-adapter\/"},"modified":"2018-11-30T15:45:53","modified_gmt":"2018-11-30T07:45:53","slug":"34-mm-expresscard-icin-16bit-pcmcia-32-bit-cardbus-adaptoru","status":"publish","type":"product","link":"https:\/\/shentek.com\/tr\/product\/34-mm-expresscard-icin-16bit-pcmcia-32-bit-cardbus-adaptoru\/","title":{"rendered":"16bit PCMCIA 32bit CardBus Adapt\u00f6r\u00fcne 34mm ExpressCard"},"content":{"rendered":"","protected":false},"excerpt":{"rendered":"<p><span lang=\"EN-US\"> <span style=\"color: #000000;\"> \u00d6zellikler ve Fayda <\/span> <\/span><\/p>\n<p><span lang=\"EN-US\"> 34mm <\/span> <span lang=\"EN-US\"> veya 54 mm ExpressCard yuvas\u0131 destekleri<br \/>\nExpressCard ver 1.1 ve 2.0&#8217;\u0131 destekler<br \/>\n16bit PCMICA 5V g\u00fc\u00e7 ve 32bit CardBus 5V ve 3.3V g\u00fcc\u00fc destekler<br \/>\nPCMCIA 12V g\u00fcc\u00fcn\u00fc desteklemiyor<br \/>\nWindows XP, Vista ve Windows 7 ile P2 Kart deste\u011fi<br \/>\nMAC OS&#8217;yi desteklemiyor<br \/>\n3G \/ 3.5G CardBus&#8217;u destekler <\/span><\/p>\n","protected":false},"featured_media":8572,"comment_status":"open","ping_status":"closed","template":"","meta":[],"product_cat":[781],"product_tag":[1172,1178,1173,1174],"_links":{"self":[{"href":"https:\/\/shentek.com\/tr\/wp-json\/wp\/v2\/product\/8571"}],"collection":[{"href":"https:\/\/shentek.com\/tr\/wp-json\/wp\/v2\/product"}],"about":[{"href":"https:\/\/shentek.com\/tr\/wp-json\/wp\/v2\/types\/product"}],"replies":[{"embeddable":true,"href":"https:\/\/shentek.com\/tr\/wp-json\/wp\/v2\/comments?post=8571"}],"wp:featuredmedia":[{"embeddable":true,"href":"https:\/\/shentek.com\/tr\/wp-json\/wp\/v2\/media\/8572"}],"wp:attachment":[{"href":"https:\/\/shentek.com\/tr\/wp-json\/wp\/v2\/media?parent=8571"}],"wp:term":[{"taxonomy":"product_cat","embeddable":true,"href":"https:\/\/shentek.com\/tr\/wp-json\/wp\/v2\/product_cat?post=8571"},{"taxonomy":"product_tag","embeddable":true,"href":"https:\/\/shentek.com\/tr\/wp-json\/wp\/v2\/product_tag?post=8571"}],"curies":[{"name":"wp","href":"https:\/\/api.w.org\/{rel}","templated":true}]}}