{"id":8578,"date":"2018-08-16T13:43:24","date_gmt":"2018-08-16T05:43:24","guid":{"rendered":"http:\/\/www.shentek.com\/product\/usb-3-0-4-port-hub-supports-transfer-up-to-5g\/"},"modified":"2018-11-30T16:00:13","modified_gmt":"2018-11-30T08:00:13","slug":"usb-3-0-4-baglanti-noktasi-gobek-desteklerin-transfer-up-5-g","status":"publish","type":"product","link":"https:\/\/shentek.com\/tr\/product\/usb-3-0-4-baglanti-noktasi-gobek-desteklerin-transfer-up-5-g\/","title":{"rendered":"USB 3.0 4 port HUB 5G&#8217;ye kadar aktar\u0131m\u0131 destekler"},"content":{"rendered":"","protected":false},"excerpt":{"rendered":"<p>\u00d6zellikler:<br \/>\n4 USB 3.0 S\u00fcper H\u0131zl\u0131 (5Gbps) ba\u011flant\u0131 noktas\u0131 ekler<br \/>\nTamamen geriye USB2.0 \/ USB1.1 \/ USB1.0 ile uyumlu<br \/>\n127 adete kadar Hi-speed cihaz\u0131 destekler<br \/>\n1.5 \/ 12\/480 \/ mbps&#8217;de veri aktar\u0131m h\u0131z\u0131n\u0131 destekler<br \/>\nBireysel Liman A\u015f\u0131r\u0131 Ak\u0131m Korumas\u0131<br \/>\nDostu ve amp; G\u00fc\u00e7l\u00fc tasar\u0131m, kolayca i\u00e7ilebilir<br \/>\nFarkl\u0131 cihazlar i\u00e7in yeterli port ba\u015f\u0131na 900mA&#8217;ya kadar sa\u011flay\u0131n<br \/>\nG\u00fc\u00e7 i\u00e7in Veri \/ 1 LED g\u00f6stergesi i\u00e7in 4 LED g\u00f6stergesi<br \/>\nG\u00fc\u00e7 adapt\u00f6r\u00fc (5V \/ 4A \u00e7\u0131k\u0131\u015f\u0131)<br \/>\nTak ve \u00e7al\u0131\u015ft\u0131r kurulumu<br \/>\nWindows XP, Vista, WIN7 WIN8 deste\u011fi<br \/>\nMacintosh OS 9.0.x&#8217;i yaln\u0131zca USB2.0 arabirimli System&#8217;de destekler<br \/>\nMini USB Micro B 9pin jak\u0131 ile bir y\u00fcksek h\u0131zl\u0131 giri\u015f portu<\/p>\n","protected":false},"featured_media":8579,"comment_status":"open","ping_status":"closed","template":"","meta":[],"product_cat":[781],"product_tag":[1186,1187],"_links":{"self":[{"href":"https:\/\/shentek.com\/tr\/wp-json\/wp\/v2\/product\/8578"}],"collection":[{"href":"https:\/\/shentek.com\/tr\/wp-json\/wp\/v2\/product"}],"about":[{"href":"https:\/\/shentek.com\/tr\/wp-json\/wp\/v2\/types\/product"}],"replies":[{"embeddable":true,"href":"https:\/\/shentek.com\/tr\/wp-json\/wp\/v2\/comments?post=8578"}],"wp:featuredmedia":[{"embeddable":true,"href":"https:\/\/shentek.com\/tr\/wp-json\/wp\/v2\/media\/8579"}],"wp:attachment":[{"href":"https:\/\/shentek.com\/tr\/wp-json\/wp\/v2\/media?parent=8578"}],"wp:term":[{"taxonomy":"product_cat","embeddable":true,"href":"https:\/\/shentek.com\/tr\/wp-json\/wp\/v2\/product_cat?post=8578"},{"taxonomy":"product_tag","embeddable":true,"href":"https:\/\/shentek.com\/tr\/wp-json\/wp\/v2\/product_tag?post=8578"}],"curies":[{"name":"wp","href":"https:\/\/api.w.org\/{rel}","templated":true}]}}