{"id":8583,"date":"2018-08-16T13:40:54","date_gmt":"2018-08-16T05:40:54","guid":{"rendered":"http:\/\/www.shentek.com\/product\/sata-22-pin-to-5v-slim-sata-13-pin-adapter\/"},"modified":"2018-11-30T16:05:43","modified_gmt":"2018-11-30T08:05:43","slug":"sata-22-pinden-5v-ince-sata-13-pin-adaptor","status":"publish","type":"product","link":"https:\/\/shentek.com\/tr\/product\/sata-22-pinden-5v-ince-sata-13-pin-adaptor\/","title":{"rendered":"SATA 22 pin 5V Slim SATA 13 Pin Adapt\u00f6r"},"content":{"rendered":"","protected":false},"excerpt":{"rendered":"<p><span lang=\"EN-US\"> <span style=\"color: #000000;\"> \u00d6zellikler ve Fayda <\/span> <\/span><\/p>\n<p><span lang=\"EN-US\"> <span style=\"color: #000000;\"> SATA ba\u011flant\u0131 noktas\u0131 i\u00e7in 3Gbps&#8217;ye kadar aktarma h\u0131z\u0131 <\/span> <\/span><\/p>\n<p><span lang=\"EN-US\"> <span style=\"color: #000000;\"> SATA 22 Pin <\/span> <\/span><\/p>\n<p><span lang=\"EN-US\"> <span style=\"color: #000000;\"> \u0130nce SATA 13 pin <\/span> <\/span><\/p>\n","protected":false},"featured_media":8584,"comment_status":"open","ping_status":"closed","template":"","meta":[],"product_cat":[1169,1170,1135],"product_tag":[1183,1184,1188],"_links":{"self":[{"href":"https:\/\/shentek.com\/tr\/wp-json\/wp\/v2\/product\/8583"}],"collection":[{"href":"https:\/\/shentek.com\/tr\/wp-json\/wp\/v2\/product"}],"about":[{"href":"https:\/\/shentek.com\/tr\/wp-json\/wp\/v2\/types\/product"}],"replies":[{"embeddable":true,"href":"https:\/\/shentek.com\/tr\/wp-json\/wp\/v2\/comments?post=8583"}],"wp:featuredmedia":[{"embeddable":true,"href":"https:\/\/shentek.com\/tr\/wp-json\/wp\/v2\/media\/8584"}],"wp:attachment":[{"href":"https:\/\/shentek.com\/tr\/wp-json\/wp\/v2\/media?parent=8583"}],"wp:term":[{"taxonomy":"product_cat","embeddable":true,"href":"https:\/\/shentek.com\/tr\/wp-json\/wp\/v2\/product_cat?post=8583"},{"taxonomy":"product_tag","embeddable":true,"href":"https:\/\/shentek.com\/tr\/wp-json\/wp\/v2\/product_tag?post=8583"}],"curies":[{"name":"wp","href":"https:\/\/api.w.org\/{rel}","templated":true}]}}