{"id":8587,"date":"2018-08-16T10:55:24","date_gmt":"2018-08-16T02:55:24","guid":{"rendered":"http:\/\/www.shentek.com\/product\/2-port-high-speed-serial-rs-232-1-port-parallel-universal-pci-card-support-pin1-5v-12v-dcd-pin9-5v-12v-ri-selectable-and-standard-and-low-profile-bracket-2\/"},"modified":"2018-11-30T16:26:43","modified_gmt":"2018-11-30T08:26:43","slug":"2-baglanti-yuksek-hizli-seri-rs-232-1-baglanti-noktasi-paralel-evrensel-pci-karti-destegi-pin1-5v-12v-dcd-pin9-5v-12v-ri-secilebilir-ve-standart-ve-dusuk-profilli-braketi-2","status":"publish","type":"product","link":"https:\/\/shentek.com\/tr\/product\/2-baglanti-yuksek-hizli-seri-rs-232-1-baglanti-noktasi-paralel-evrensel-pci-karti-destegi-pin1-5v-12v-dcd-pin9-5v-12v-ri-secilebilir-ve-standart-ve-dusuk-profilli-braketi-2\/","title":{"rendered":"Seri 2 port RS232 Paralel PCI Kart\u0131 D\u00fc\u015f\u00fck Profil"},"content":{"rendered":"","protected":false},"excerpt":{"rendered":"<p><span lang=\"EN-US\"> \u00d6zellikler ve Fayda <\/span><\/p>\n<p><span lang=\"EN-US\"> Sisteminiz i\u00e7in 2 com ba\u011flant\u0131 noktas\u0131n\u0131 geni\u015fletir <\/span><\/p>\n<p><span lang=\"EN-US\"> 921.6Kbps&#8217;ye Kadar Y\u00fcksek H\u0131zl\u0131 Baud H\u0131z\u0131 <\/span><\/p>\n<p><span lang=\"EN-US\"> 3.3V \/ 5V PCI ve PCI-x yuvas\u0131yla uyumlu <\/span><\/p>\n<p><span lang=\"EN-US\"> \u0130leti\u015fim hatt\u0131 \u00fczerinden G\u00fc\u00e7 Kayna\u011f\u0131 (RI sinyali) <\/span><\/p>\n<p><span lang=\"EN-US\"> Yerle\u015fik 15KV ESD korumas\u0131 <\/span><\/p>\n<p><span lang=\"EN-US\"> End\u00fcstriyel \u00d6zellikleri Destekler <\/span><\/p>\n<p><span lang=\"EN-US\"> 256 bayt FIFO entegre UART <\/span><\/p>\n<p><span lang=\"EN-US\"> 5V \/ 12V \/ RI se\u00e7ilebilir <\/span> deste\u011fi<\/p>\n<p><span lang=\"FR\" style=\"kenar bo\u015flu\u011fu: 0px; color: black;\"> Paralel &#8211; Uyumluluk modu, Nibble modu, Bayt modu, EPP modu ve ECP modu) <\/span><\/p>\n<p><span lang=\"FR\"> 16byte : EPP \/ ECP modu <\/span><\/p>\n<p><span lang=\"EN-US\"> <span style=\"color: #000000;\"> G \/ \u00c7 Adresi remap &#8211; RS-232 i\u00e7in\u00a03F8,\u00a02F8, 3<sup>E<\/sup>8, VE 2<sup>E<\/sup>8. Paralel \u2013 378 ve 278<\/span><\/span><\/p>\n<p><span lang=\"EN-US\"> Microsoft Windows, Linux&#8217;u destekler <\/span><\/p>\n","protected":false},"featured_media":8591,"comment_status":"open","ping_status":"closed","template":"","meta":[],"product_cat":[1190,1177,1135],"product_tag":[1191,1179,1192,1193,1194],"_links":{"self":[{"href":"https:\/\/shentek.com\/tr\/wp-json\/wp\/v2\/product\/8587"}],"collection":[{"href":"https:\/\/shentek.com\/tr\/wp-json\/wp\/v2\/product"}],"about":[{"href":"https:\/\/shentek.com\/tr\/wp-json\/wp\/v2\/types\/product"}],"replies":[{"embeddable":true,"href":"https:\/\/shentek.com\/tr\/wp-json\/wp\/v2\/comments?post=8587"}],"wp:featuredmedia":[{"embeddable":true,"href":"https:\/\/shentek.com\/tr\/wp-json\/wp\/v2\/media\/8591"}],"wp:attachment":[{"href":"https:\/\/shentek.com\/tr\/wp-json\/wp\/v2\/media?parent=8587"}],"wp:term":[{"taxonomy":"product_cat","embeddable":true,"href":"https:\/\/shentek.com\/tr\/wp-json\/wp\/v2\/product_cat?post=8587"},{"taxonomy":"product_tag","embeddable":true,"href":"https:\/\/shentek.com\/tr\/wp-json\/wp\/v2\/product_tag?post=8587"}],"curies":[{"name":"wp","href":"https:\/\/api.w.org\/{rel}","templated":true}]}}