{"id":8596,"date":"2018-08-16T10:52:04","date_gmt":"2018-08-16T02:52:04","guid":{"rendered":"http:\/\/www.shentek.com\/product\/2-port-serial-rs232-parallel-pci-card-powered-i-o\/"},"modified":"2018-11-30T16:34:07","modified_gmt":"2018-11-30T08:34:07","slug":"2-baglanti-noktasi-seri-rs232-paralel-pci-karti-elektrik-i-o","status":"publish","type":"product","link":"https:\/\/shentek.com\/tr\/product\/2-baglanti-noktasi-seri-rs232-paralel-pci-karti-elektrik-i-o\/","title":{"rendered":"2 port Seri RS232 Paralel PCI Kart\u0131 Powered I O"},"content":{"rendered":"","protected":false},"excerpt":{"rendered":"<p><span lang=\"EN-US\"> <span style=\"color: #000000;\"> \u00d6zellikler ve Fayda <\/span> <\/span><\/p>\n<p><span lang=\"EN-US\"> <span style=\"color: #000000;\"> Sisteminiz i\u00e7in 2 com ba\u011flant\u0131 noktas\u0131n\u0131 geni\u015fletir <\/span> <\/span><\/p>\n<p><span lang=\"EN-US\"> <span style=\"color: #000000;\"> Y\u00fcksek H\u0131zl\u0131 Baud, 921.6Kbps&#8217;ye kadar h\u0131zland\u0131r\u0131ld\u0131 <\/span> <\/span><\/p>\n<p><span lang=\"EN-US\"> <span style=\"color: #000000;\"> 3.3V \/ 5V PCI ve PCI-x yuvas\u0131yla uyumlu <\/span> <\/span><\/p>\n<p><span lang=\"EN-US\"> <span style=\"color: #000000;\"> \u0130leti\u015fim hatt\u0131 \u00fczerinden G\u00fc\u00e7 Kayna\u011f\u0131 (RI sinyali) <\/span> <\/span><\/p>\n<p><span lang=\"EN-US\"> <span style=\"color: #000000;\"> Yerle\u015fik 15KV ESD korumas\u0131 <\/span> <\/span><\/p>\n<p><span lang=\"EN-US\"> <span style=\"color: #000000;\"> End\u00fcstriyel \u00d6zellikleri Destekler <\/span> <\/span><\/p>\n<p><span lang=\"EN-US\"> <span style=\"color: #000000;\"> 256 bayt FIFO entegre UART <\/span> <\/span><\/p>\n<p><span lang=\"EN-US\"> <span style=\"color: #000000;\"> 5V \/ 12V se\u00e7ilebilir <\/span> <\/span> deste\u011fi<\/p>\n<p><span lang=\"FR\"> <span style=\"color: #000000;\"> Paralel &#8211; Uyumluluk modu, \u00c7ift y\u00f6nl\u00fc mod, Bayt modu , EPP modu ve ECP modu) <\/span> <\/span><\/p>\n<p><span lang=\"FR\"> <span style=\"color: #000000;\"> 16byte : EPP \/ ECP modu <\/span> <\/span><\/p>\n<p><span lang=\"FR\"> <span style=\"color: #000000;\"> G \/ \u00c7 Adresi remap &#8211; 3F8, 2F8, 3E8 ve 2E8 i\u00e7in RS-232. Paralel &#8211; 378 ve 278 <\/span> <\/span><\/p>\n<p><span lang=\"EN-US\"> <span style=\"color: #000000;\"> Microsoft Windows, Linux&#8217;u destekler <\/span> <\/span><\/p>\n","protected":false},"featured_media":8597,"comment_status":"open","ping_status":"closed","template":"","meta":[],"product_cat":[1190,1177,1135],"product_tag":[1191,1179,1192,1193,1194],"_links":{"self":[{"href":"https:\/\/shentek.com\/tr\/wp-json\/wp\/v2\/product\/8596"}],"collection":[{"href":"https:\/\/shentek.com\/tr\/wp-json\/wp\/v2\/product"}],"about":[{"href":"https:\/\/shentek.com\/tr\/wp-json\/wp\/v2\/types\/product"}],"replies":[{"embeddable":true,"href":"https:\/\/shentek.com\/tr\/wp-json\/wp\/v2\/comments?post=8596"}],"wp:featuredmedia":[{"embeddable":true,"href":"https:\/\/shentek.com\/tr\/wp-json\/wp\/v2\/media\/8597"}],"wp:attachment":[{"href":"https:\/\/shentek.com\/tr\/wp-json\/wp\/v2\/media?parent=8596"}],"wp:term":[{"taxonomy":"product_cat","embeddable":true,"href":"https:\/\/shentek.com\/tr\/wp-json\/wp\/v2\/product_cat?post=8596"},{"taxonomy":"product_tag","embeddable":true,"href":"https:\/\/shentek.com\/tr\/wp-json\/wp\/v2\/product_tag?post=8596"}],"curies":[{"name":"wp","href":"https:\/\/api.w.org\/{rel}","templated":true}]}}