{"id":8607,"date":"2018-08-16T10:48:44","date_gmt":"2018-08-16T02:48:44","guid":{"rendered":"http:\/\/www.shentek.com\/product\/1-port-parallel-pci-card-remap-378-278-io-address\/"},"modified":"2018-11-30T17:01:51","modified_gmt":"2018-11-30T09:01:51","slug":"1-baglanti-noktasi-paralel-pci-karti-remap-378-278-io-adresi","status":"publish","type":"product","link":"https:\/\/shentek.com\/tr\/product\/1-baglanti-noktasi-paralel-pci-karti-remap-378-278-io-adresi\/","title":{"rendered":"1 port Paralel PCI Kart remap\u0131 378 278 IO adresi"},"content":{"rendered":"","protected":false},"excerpt":{"rendered":"<p><span lang=\"EN-US\"> <span style=\"color: #000000;\"> \u00d6zellikler ve Fayda <\/span> <\/span><\/p>\n<p><span lang=\"EN-US\"> <span style=\"color: #000000;\"> Sisteminiz i\u00e7in 1 ba\u011flant\u0131 noktas\u0131 Paralel geni\u015fletir <\/span> <\/span><\/p>\n<p><span lang=\"EN-US\"> <span style=\"color: #000000;\"> 3.3V \/ 5V PCI ve PCI-x yuvas\u0131yla uyumlu <\/span> <\/span><\/p>\n<p><span lang=\"EN-US\"> <span style=\"color: #000000;\"> End\u00fcstriyel \u00d6zellikleri Destekler <\/span> <\/span><\/p>\n<p><span lang=\"EN-US\"> <span style=\"color: #000000;\"> Paralel &#8211; Uyumluluk modu, \u00c7ift y\u00f6nl\u00fc mod, Bayt modu , EPP modu ve ECP modu) <\/span> <\/span><\/p>\n<p><span lang=\"FR\"> <span style=\"color: #000000;\"> 16byte : EPP \/ ECP modu <\/span> <\/span><\/p>\n<p><span lang=\"EN-US\"> <span style=\"color: #000000;\"> G \/ \u00c7 Adresi remap \u2013Paralel &#8211; 378 ve 278 <\/span> <\/span><\/p>\n<p><span lang=\"EN-US\"> <span style=\"color: #000000;\"> Microsoft Windows, Linux&#8217;u destekler <\/span> <\/span><\/p>\n","protected":false},"featured_media":8608,"comment_status":"open","ping_status":"closed","template":"","meta":[],"product_cat":[1190,1177,1135],"product_tag":[1191,1179,1192],"_links":{"self":[{"href":"https:\/\/shentek.com\/tr\/wp-json\/wp\/v2\/product\/8607"}],"collection":[{"href":"https:\/\/shentek.com\/tr\/wp-json\/wp\/v2\/product"}],"about":[{"href":"https:\/\/shentek.com\/tr\/wp-json\/wp\/v2\/types\/product"}],"replies":[{"embeddable":true,"href":"https:\/\/shentek.com\/tr\/wp-json\/wp\/v2\/comments?post=8607"}],"wp:featuredmedia":[{"embeddable":true,"href":"https:\/\/shentek.com\/tr\/wp-json\/wp\/v2\/media\/8608"}],"wp:attachment":[{"href":"https:\/\/shentek.com\/tr\/wp-json\/wp\/v2\/media?parent=8607"}],"wp:term":[{"taxonomy":"product_cat","embeddable":true,"href":"https:\/\/shentek.com\/tr\/wp-json\/wp\/v2\/product_cat?post=8607"},{"taxonomy":"product_tag","embeddable":true,"href":"https:\/\/shentek.com\/tr\/wp-json\/wp\/v2\/product_tag?post=8607"}],"curies":[{"name":"wp","href":"https:\/\/api.w.org\/{rel}","templated":true}]}}