{"id":8654,"date":"2018-08-16T10:32:42","date_gmt":"2018-08-16T02:32:42","guid":{"rendered":"http:\/\/www.shentek.com\/product\/8-port-serial-rs485-rs422-pci-card-600w-surge\/"},"modified":"2018-11-30T17:30:38","modified_gmt":"2018-11-30T09:30:38","slug":"8-baglanti-noktasi-seri-rs485-rs422-pci-karti-600w-dalga","status":"publish","type":"product","link":"https:\/\/shentek.com\/tr\/product\/8-baglanti-noktasi-seri-rs485-rs422-pci-karti-600w-dalga\/","title":{"rendered":"8 port Seri RS485 RS422 PCI kart\u0131 600 W Dalgalanma"},"content":{"rendered":"","protected":false},"excerpt":{"rendered":"<p><span lang=\"EN-US\"> <span style=\"color: #000000;\"> \u00d6zellikler ve Fayda <\/span> <\/span><\/p>\n<p><span lang=\"EN-US\"> <span style=\"color: #000000;\"> Sisteminiz i\u00e7in 8 com ba\u011flant\u0131 noktas\u0131n\u0131 geni\u015fletir <\/span> <\/span><\/p>\n<p><span lang=\"EN-US\"> <span style=\"color: #000000;\"> Y\u00fcksek H\u0131zl\u0131 Baud, 921.6Kbps&#8217;ye kadar h\u0131zland\u0131r\u0131ld\u0131 <\/span> <\/span><\/p>\n<p><span lang=\"EN-US\"> <span style=\"color: #000000;\"> 3.3V \/ 5V PCI ve PCI-x yuvas\u0131yla uyumlu <\/span> <\/span><\/p>\n<p><span lang=\"EN-US\"> <span style=\"color: #000000;\"> 4 Telli RS-485 (RS-422 \u00c7oklu B\u0131rakma) modu i\u00e7in maksimum 10 cihaz ba\u011flant\u0131s\u0131 <\/span> <\/span><\/p>\n<p><span lang=\"EN-US\"> <span style=\"color: #000000;\"> 2 Telli RS-485 modu i\u00e7in maksimum 32 cihaz ba\u011flant\u0131s\u0131 <\/span> <\/span><\/p>\n<p><span lang=\"EN-US\"> <span style=\"color: #000000;\"> Yerle\u015fik 15KV ESD korumas\u0131 <\/span> <\/span><\/p>\n<p><span lang=\"EN-US\"> <span style=\"color: #000000;\"> 600W Dalgalanma korumas\u0131 <\/span> <\/span><\/p>\n<p><span lang=\"EN-US\"> <span style=\"color: #000000;\"> End\u00fcstriyel \u00d6zellikleri Destekler <\/span> <\/span><\/p>\n<p><span lang=\"EN-US\"> <span style=\"color: #000000;\"> 256 bayt FIFO entegre UART <\/span> <\/span><\/p>\n<p><span lang=\"EN-US\"> <span style=\"color: #000000;\"> Microsoft Windows, Linux ve DOS s\u00fcr\u00fcc\u00fclerini destekler. <\/span> <\/span><\/p>\n","protected":false},"featured_media":8661,"comment_status":"open","ping_status":"closed","template":"","meta":[],"product_cat":[1190,1177,1135],"product_tag":[1155,1191,1195,1131],"_links":{"self":[{"href":"https:\/\/shentek.com\/tr\/wp-json\/wp\/v2\/product\/8654"}],"collection":[{"href":"https:\/\/shentek.com\/tr\/wp-json\/wp\/v2\/product"}],"about":[{"href":"https:\/\/shentek.com\/tr\/wp-json\/wp\/v2\/types\/product"}],"replies":[{"embeddable":true,"href":"https:\/\/shentek.com\/tr\/wp-json\/wp\/v2\/comments?post=8654"}],"wp:featuredmedia":[{"embeddable":true,"href":"https:\/\/shentek.com\/tr\/wp-json\/wp\/v2\/media\/8661"}],"wp:attachment":[{"href":"https:\/\/shentek.com\/tr\/wp-json\/wp\/v2\/media?parent=8654"}],"wp:term":[{"taxonomy":"product_cat","embeddable":true,"href":"https:\/\/shentek.com\/tr\/wp-json\/wp\/v2\/product_cat?post=8654"},{"taxonomy":"product_tag","embeddable":true,"href":"https:\/\/shentek.com\/tr\/wp-json\/wp\/v2\/product_tag?post=8654"}],"curies":[{"name":"wp","href":"https:\/\/api.w.org\/{rel}","templated":true}]}}