{"id":8686,"date":"2018-08-16T10:11:21","date_gmt":"2018-08-16T02:11:21","guid":{"rendered":"http:\/\/www.shentek.com\/product\/serial-rs232-8-port-pci-card-low-profile-bracket\/"},"modified":"2018-11-30T17:55:29","modified_gmt":"2018-11-30T09:55:29","slug":"seri-rs232-8-portlu-pci-karti-dusuk-profilli-braket","status":"publish","type":"product","link":"https:\/\/shentek.com\/tr\/product\/seri-rs232-8-portlu-pci-karti-dusuk-profilli-braket\/","title":{"rendered":"Seri RS232 8 port PCI Kart\u0131 D\u00fc\u015f\u00fck Profil Braketi"},"content":{"rendered":"","protected":false},"excerpt":{"rendered":"<p><span lang=\"EN-US\"> <span style=\"color: #000000;\"> \u00d6zellikler ve Fayda <\/span> <\/span><\/p>\n<p>&nbsp;<\/p>\n<p><span lang=\"EN-US\"> <span style=\"color: #000000;\"> Sisteminiz i\u00e7in 8 com ba\u011flant\u0131 noktas\u0131n\u0131 geni\u015fletir <\/span> <\/span><\/p>\n<p><span lang=\"EN-US\"> <span style=\"color: #000000;\"> Y\u00fcksek H\u0131zl\u0131 Baud, 921.6Kbps&#8217;ye kadar h\u0131zland\u0131r\u0131ld\u0131 <\/span> <\/span><\/p>\n<p><span lang=\"EN-US\"> <span style=\"color: #000000;\"> 3.3V \/ 5V PCI ve PCI-x yuvas\u0131yla uyumlu <\/span> <\/span><\/p>\n<p><span lang=\"EN-US\"> <span style=\"color: #000000;\"> \u0130leti\u015fim hatt\u0131 \u00fczerinden G\u00fc\u00e7 Kayna\u011f\u0131 (RI sinyali) <\/span> <\/span><\/p>\n<p><span lang=\"EN-US\"> <span style=\"color: #000000;\"> Yerle\u015fik 15KV ESD korumas\u0131 <\/span> <\/span><\/p>\n<p><span lang=\"EN-US\"> <span style=\"color: #000000;\"> End\u00fcstriyel \u00d6zellikleri Destekler <\/span> <\/span><\/p>\n<p><span lang=\"EN-US\"> <span style=\"color: #000000;\"> 256 bayt FIFO entegre UART <\/span> <\/span><\/p>\n<p><span lang=\"EN-US\"> <span style=\"color: #000000;\"> Microsoft Windows, Linux ve DOS s\u00fcr\u00fcc\u00fclerini destekler. <\/span> <\/span><\/p>\n","protected":false},"featured_media":8693,"comment_status":"open","ping_status":"closed","template":"","meta":[],"product_cat":[1190,1177,1135],"product_tag":[1191,1192,1131],"_links":{"self":[{"href":"https:\/\/shentek.com\/tr\/wp-json\/wp\/v2\/product\/8686"}],"collection":[{"href":"https:\/\/shentek.com\/tr\/wp-json\/wp\/v2\/product"}],"about":[{"href":"https:\/\/shentek.com\/tr\/wp-json\/wp\/v2\/types\/product"}],"replies":[{"embeddable":true,"href":"https:\/\/shentek.com\/tr\/wp-json\/wp\/v2\/comments?post=8686"}],"wp:featuredmedia":[{"embeddable":true,"href":"https:\/\/shentek.com\/tr\/wp-json\/wp\/v2\/media\/8693"}],"wp:attachment":[{"href":"https:\/\/shentek.com\/tr\/wp-json\/wp\/v2\/media?parent=8686"}],"wp:term":[{"taxonomy":"product_cat","embeddable":true,"href":"https:\/\/shentek.com\/tr\/wp-json\/wp\/v2\/product_cat?post=8686"},{"taxonomy":"product_tag","embeddable":true,"href":"https:\/\/shentek.com\/tr\/wp-json\/wp\/v2\/product_tag?post=8686"}],"curies":[{"name":"wp","href":"https:\/\/api.w.org\/{rel}","templated":true}]}}