{"id":8760,"date":"2018-08-16T09:06:10","date_gmt":"2018-08-16T01:06:10","guid":{"rendered":"http:\/\/www.shentek.com\/product\/embedded-1-port-parallel-usb-base-mini-pci-express-card\/"},"modified":"2018-12-01T19:46:22","modified_gmt":"2018-12-01T11:46:22","slug":"gomulu-1-baglanti-noktasi-paralel-usb-baz-mini-pci-express-karti","status":"publish","type":"product","link":"https:\/\/shentek.com\/tr\/product\/gomulu-1-baglanti-noktasi-paralel-usb-baz-mini-pci-express-karti\/","title":{"rendered":"G\u00f6m\u00fcl\u00fc 1 port Paralel USB taban\u0131 Mini PCI Express Kart\u0131"},"content":{"rendered":"","protected":false},"excerpt":{"rendered":"<p><span lang=\"EN-US\"> <span style=\"color: #000000;\"> \u00d6zellikler ve Fayda <\/span> <\/span><\/p>\n<p><span lang=\"EN-US\"> <span style=\"color: #000000;\"> Sisteminiz i\u00e7in 1 ba\u011flant\u0131 noktas\u0131 Paralel geni\u015fletir <\/span> <\/span><\/p>\n<p><span lang=\"EN-US\"> <span style=\"color: #000000;\"> USB&#8217;yi 1 port Paralel Adapt\u00f6r Kart\u0131na Tasarlay\u0131n <\/span> <\/span><\/p>\n<p><span lang=\"EN-US\"> <span style=\"color: #000000;\"> Paralel \u2013ECP modu) <\/span><\/span><\/p>\n<p><span lang=\"EN-US\"> <span style=\"color: #000000;\"> Microsoft Windows, Linux&#8217;u destekler <\/span> <\/span><\/p>\n","protected":false},"featured_media":8252,"comment_status":"open","ping_status":"closed","template":"","meta":[],"product_cat":[1205,1177,1135],"product_tag":[1207,1179],"_links":{"self":[{"href":"https:\/\/shentek.com\/tr\/wp-json\/wp\/v2\/product\/8760"}],"collection":[{"href":"https:\/\/shentek.com\/tr\/wp-json\/wp\/v2\/product"}],"about":[{"href":"https:\/\/shentek.com\/tr\/wp-json\/wp\/v2\/types\/product"}],"replies":[{"embeddable":true,"href":"https:\/\/shentek.com\/tr\/wp-json\/wp\/v2\/comments?post=8760"}],"wp:featuredmedia":[{"embeddable":true,"href":"https:\/\/shentek.com\/tr\/wp-json\/wp\/v2\/media\/8252"}],"wp:attachment":[{"href":"https:\/\/shentek.com\/tr\/wp-json\/wp\/v2\/media?parent=8760"}],"wp:term":[{"taxonomy":"product_cat","embeddable":true,"href":"https:\/\/shentek.com\/tr\/wp-json\/wp\/v2\/product_cat?post=8760"},{"taxonomy":"product_tag","embeddable":true,"href":"https:\/\/shentek.com\/tr\/wp-json\/wp\/v2\/product_tag?post=8760"}],"curies":[{"name":"wp","href":"https:\/\/api.w.org\/{rel}","templated":true}]}}